{"id":28338,"date":"2023-05-06T18:54:19","date_gmt":"2023-05-06T18:54:19","guid":{"rendered":"https:\/\/normandie.ma\/?product=kit-geekvape-hero-2-geekvape"},"modified":"2023-05-15T22:25:05","modified_gmt":"2023-05-15T22:25:05","slug":"kit-geekvape-hero-2-geekvape","status":"publish","type":"product","link":"https:\/\/normandie.ma\/?product=kit-geekvape-hero-2-geekvape","title":{"rendered":"Kit GeekVape Hero 2 \u2013 GeekVape"},"content":{"rendered":"<p>Le kit Geekvape H45 (Aegis Hero 2) peut accueillir une batterie int\u00e9gr\u00e9e de 1400 mAh avec une sortie maximale de 45 W. Livr\u00e9 avec sa technologie tri-proof IP67 encore meilleure qui permet aux utilisateurs d\u2019avoir une session plus longue, la nouvelle coque m\u00e9tallique a le mat\u00e9riau en alliage de zinc le plus r\u00e9sistant, ainsi qu\u2019une texture de soie. Aegis Hero 2 maintient un niveau \u00e9lev\u00e9 de saveur en continuant d\u2019am\u00e9liorer son flux d\u2019air sup\u00e9rieur pour une conception \u00e9tanche, lorsque le flux d\u2019air p\u00e9n\u00e8tre par les entr\u00e9es lat\u00e9rales, la r\u00e9sistanceentre en contact avec plus d\u2019air et a la capacit\u00e9 de r\u00e9chauffer l\u2019e-liquide, puis de produire une saveur satisfaisante. Depuis son orifice de remplissage sur le dessus, il \u00e9vite les fuites et il est facile de remplir cette capacit\u00e9 de 4 ml. Compatible avec la r\u00e9sistance de la s\u00e9rie Geekvape B, il existe trois options de r\u00e9sistance, y compris la r\u00e9sistance de 0,3 ohm 10-14W, la r\u00e9sistance de 1,2 ohm 10-14W, la r\u00e9sistance de maille KA1 de 0,4 ohm \u2013 nominale 25-35W, la r\u00e9sistance de maille KA1 de 0,6 ohm \u2013 nominale 15-25W. Il prend en charge la connexion magn\u00e9tique et ne pose aucun probl\u00e8me \u00e0 perdre et \u00e0 chuter lors de son utilisation. Taille : 43,1 * 28,6 * 91,05 mm<br \/>\nBatterie : batterie int\u00e9gr\u00e9e de 1400 mAh<br \/>\nPuissance : 5-45 W<br \/>\n\u00c9cran : \u00e9cran TFT de 0,96 pouce<br \/>\nModes : alimentation\/d\u00e9rivation<br \/>\nR\u00e9sistance : 0,1-2 ohm<br \/>\nTemp\u00e9rature de fonctionnement : 0-45<br \/>\nCharge : 5V\/2A<br \/>\nCourant de veille : &lt;20 uA<br \/>\nDrip tip : 510 drip tip<br \/>\nCapacit\u00e9 : 4 ml<br \/>\nR\u00e9sistance : 0.4ohm (25-35W), 0.6ohm (15-25W)<\/p>\n","protected":false},"excerpt":{"rendered":"<p>1 * appareil Geekvape H45<br \/>\n1 * Geekvape H45 Pods Vides 4ml<br \/>\n2 * r\u00e9sistances Geekvape s\u00e9rie B (pr\u00e9-install\u00e9es : 0.4ohm, 25-35W \u2013 Rechange : 0,6 ohm, 15-25 W)<br \/>\n1 * outil de r\u00e9sistance<br \/>\n1 * c\u00e2ble USB de type C<\/p>\n","protected":false},"featured_media":24543,"comment_status":"open","ping_status":"closed","template":"","meta":{"om_disable_all_campaigns":false,"_monsterinsights_skip_tracking":false,"_monsterinsights_sitenote_active":false,"_monsterinsights_sitenote_note":"","_monsterinsights_sitenote_category":0},"product_brand":[],"product_cat":[241,213,205],"product_tag":[],"class_list":{"0":"post-28338","1":"product","2":"type-product","3":"status-publish","4":"has-post-thumbnail","6":"product_cat-geek-vape","7":"product_cat-kit-comp","8":"product_cat-materiel","11":"first","12":"instock","13":"featured","14":"shipping-taxable","15":"purchasable","16":"product-type-variable"},"aioseo_notices":[],"jetpack_sharing_enabled":true,"_links":{"self":[{"href":"https:\/\/normandie.ma\/index.php?rest_route=\/wp\/v2\/product\/28338","targetHints":{"allow":["GET"]}}],"collection":[{"href":"https:\/\/normandie.ma\/index.php?rest_route=\/wp\/v2\/product"}],"about":[{"href":"https:\/\/normandie.ma\/index.php?rest_route=\/wp\/v2\/types\/product"}],"replies":[{"embeddable":true,"href":"https:\/\/normandie.ma\/index.php?rest_route=%2Fwp%2Fv2%2Fcomments&post=28338"}],"wp:featuredmedia":[{"embeddable":true,"href":"https:\/\/normandie.ma\/index.php?rest_route=\/wp\/v2\/media\/24543"}],"wp:attachment":[{"href":"https:\/\/normandie.ma\/index.php?rest_route=%2Fwp%2Fv2%2Fmedia&parent=28338"}],"wp:term":[{"taxonomy":"product_brand","embeddable":true,"href":"https:\/\/normandie.ma\/index.php?rest_route=%2Fwp%2Fv2%2Fproduct_brand&post=28338"},{"taxonomy":"product_cat","embeddable":true,"href":"https:\/\/normandie.ma\/index.php?rest_route=%2Fwp%2Fv2%2Fproduct_cat&post=28338"},{"taxonomy":"product_tag","embeddable":true,"href":"https:\/\/normandie.ma\/index.php?rest_route=%2Fwp%2Fv2%2Fproduct_tag&post=28338"}],"curies":[{"name":"wp","href":"https:\/\/api.w.org\/{rel}","templated":true}]}}