{"id":28340,"date":"2023-05-06T18:54:20","date_gmt":"2023-05-06T18:54:20","guid":{"rendered":"https:\/\/normandie.ma\/?product=kit-aegis-legend-2-pink-gold-geekvape"},"modified":"2023-05-06T18:54:20","modified_gmt":"2023-05-06T18:54:20","slug":"kit-aegis-legend-2-pink-gold-geekvape","status":"publish","type":"product","link":"https:\/\/normandie.ma\/?product=kit-aegis-legend-2-pink-gold-geekvape","title":{"rendered":"Kit Aegis Legend 2 Pink Gold \u2013 GeekVape"},"content":{"rendered":"<p>Plus petit et plus l\u00e9ger, le Geekvape Aegis Legend 2 L200 bondit avec fiert\u00e9 et honneur.<br \/>\nLa technologie tri-proof de Geekvape passe \u00e0 la deuxi\u00e8me g\u00e9n\u00e9ration.<br \/>\nA-Lock, une nouvelle fa\u00e7on de se prot\u00e9ger des accidents.<br \/>\nLa 2\u00e8me g\u00e9n\u00e9ration d\u2019Aegis Design avec un nouvel \u00e9cran complet de 1,08 pouces.<br \/>\nPort de charge avec couvercle rabattable, plus facile pour alimenter votre vape.<br \/>\nGeekvape Z Sub-ohm 2021 Tank, plus grand flux d\u2019air et meilleure performance. Dimensions : 140 mm x 54,2 mm x 29 mm<br \/>\nPuissance de sortie : 5W \u00e0 200W<br \/>\nBatterie : 2 x 18650 (non inclus)<br \/>\nCourant de sortie maximum : 45A<br \/>\nTension de sortie maximale : 12V<br \/>\nR\u00e9sistance de l\u2019atomiseur : 0.1\u03a9-3.0\u03a9<br \/>\nPort de chargement : Port Type-C<br \/>\n\u00c9cran d\u2019affichage : \u00c9cran couleur TFT de 1,08 pouce<br \/>\nTemp\u00e9rature de fonctionnement : 0\u00b0C-45\u00b0C<br \/>\nTemp\u00e9rature de stockage : -20\u00b0C-60\u00b0C<br \/>\nHumidit\u00e9 relative : 45%RH \u2013 75%RH<\/p>\n","protected":false},"excerpt":{"rendered":"<p>1 x L200 Box Mod<br \/>\n1 x R\u00e9servoir Sub-Ohm Z 5.5mL<br \/>\n2 x r\u00e9sistances de la s\u00e9rie Z (0.2\u03a9 (70W-80W) (pr\u00e9-install\u00e9es) \/ 0.25\u03a9 (45W-57W))<br \/>\n1 x Outil \u00e0 bobine<br \/>\n1 x Tube de verre de rechange<br \/>\n1 x Pack de pi\u00e8ces d\u00e9tach\u00e9es<br \/>\n1 x C\u00e2ble USB Type-C<\/p>\n","protected":false},"featured_media":24544,"comment_status":"open","ping_status":"closed","template":"","meta":{"om_disable_all_campaigns":false,"_monsterinsights_skip_tracking":false,"_monsterinsights_sitenote_active":false,"_monsterinsights_sitenote_note":"","_monsterinsights_sitenote_category":0},"product_brand":[],"product_cat":[241,213,205],"product_tag":[],"class_list":{"0":"post-28340","1":"product","2":"type-product","3":"status-publish","4":"has-post-thumbnail","6":"product_cat-geek-vape","7":"product_cat-kit-comp","8":"product_cat-materiel","11":"first","12":"instock","13":"featured","14":"shipping-taxable","15":"purchasable","16":"product-type-simple"},"aioseo_notices":[],"jetpack_sharing_enabled":true,"_links":{"self":[{"href":"https:\/\/normandie.ma\/index.php?rest_route=\/wp\/v2\/product\/28340","targetHints":{"allow":["GET"]}}],"collection":[{"href":"https:\/\/normandie.ma\/index.php?rest_route=\/wp\/v2\/product"}],"about":[{"href":"https:\/\/normandie.ma\/index.php?rest_route=\/wp\/v2\/types\/product"}],"replies":[{"embeddable":true,"href":"https:\/\/normandie.ma\/index.php?rest_route=%2Fwp%2Fv2%2Fcomments&post=28340"}],"wp:featuredmedia":[{"embeddable":true,"href":"https:\/\/normandie.ma\/index.php?rest_route=\/wp\/v2\/media\/24544"}],"wp:attachment":[{"href":"https:\/\/normandie.ma\/index.php?rest_route=%2Fwp%2Fv2%2Fmedia&parent=28340"}],"wp:term":[{"taxonomy":"product_brand","embeddable":true,"href":"https:\/\/normandie.ma\/index.php?rest_route=%2Fwp%2Fv2%2Fproduct_brand&post=28340"},{"taxonomy":"product_cat","embeddable":true,"href":"https:\/\/normandie.ma\/index.php?rest_route=%2Fwp%2Fv2%2Fproduct_cat&post=28340"},{"taxonomy":"product_tag","embeddable":true,"href":"https:\/\/normandie.ma\/index.php?rest_route=%2Fwp%2Fv2%2Fproduct_tag&post=28340"}],"curies":[{"name":"wp","href":"https:\/\/api.w.org\/{rel}","templated":true}]}}