{"id":28344,"date":"2023-05-06T18:54:21","date_gmt":"2023-05-06T18:54:21","guid":{"rendered":"https:\/\/normandie.ma\/?product=kit-lost-vape-thelema-solo-100w-gunmetal-carbon-fiber"},"modified":"2023-05-06T18:54:21","modified_gmt":"2023-05-06T18:54:21","slug":"kit-lost-vape-thelema-solo-100w-gunmetal-carbon-fiber","status":"publish","type":"product","link":"https:\/\/normandie.ma\/?product=kit-lost-vape-thelema-solo-100w-gunmetal-carbon-fiber","title":{"rendered":"Kit lost Vape \u2013 Thelema Solo 100W Gunmetal Carbon Fiber"},"content":{"rendered":"<p>Le kit Lost Vape Thelema Solo est aliment\u00e9 par une seule batterie 18650\/21700 (non incluse), est livr\u00e9 avec sa puce Quest 2.0, il est plus stable pour exp\u00e9rimenter un vapotage plus long, ainsi que sa puissance maximale de 100W. La conception tendance et amovible du couvercle de la batterie permet de changer facilement votre batterie lorsqu\u2019elle est \u00e0 court d\u2019\u00e9nergie. En plus de cela, il dispose d\u2019une conception de charge rapide pour raccourcir votre temps d\u2019attente. Ce qui le rend plus moderne et \u00e9blouissant, c\u2019est sa conception de cadre en C, adaptant la structure ergonomique et profil\u00e9e, il \u00e9quilibre une prise en main confortable et un attrait remarquable. Gr\u00e2ce \u00e0 sa puce Quest 2.0, il prend en charge 6 modes de vapotage (Contr\u00f4le\/VPC\/Bypass\/Puissance\/Tension\/Temp\u00e9rature), 3 modes de tir (Soft\/Normal\/Hard) et 3 modes utilisateur, ce qui le rend maniable et agr\u00e9able. Dimension : 39*28.5*97.5mm(Mod)<br \/>\nDimension : 28*47,5 mm (atomiseur)<br \/>\nJeu de puces : Qu\u00eate 2.0<br \/>\nPlage de puissance : 5-100W<br \/>\nBatterie : 21700\/18650 batterie (non incluse)<br \/>\nCouvercle de la batterie : amovible<br \/>\nMode de recharge : Type C<br \/>\nCapacit\u00e9 de l\u2019atomiseur : 5 ml<br \/>\nCompatible avec les r\u00e9sistances UB Pro<br \/>\nR\u00e9sistance Mesh 0.15ohm UB Pro P1 \u2013 70-90W<br \/>\nR\u00e9sistance Mesh 0.3ohm UB Pro P3 \u2013 60-75W \/ 260-290C\/500-550F<br \/>\nCourant d\u2019entr\u00e9e : 1A-35A<br \/>\nTension de la batterie : 3,0-4,2 V<br \/>\nTension d\u2019entr\u00e9e : 5 V<br \/>\nTension de sortie : 0,7-8,0 V<br \/>\nPlage de temp\u00e9rature : 200F-600F (100C-315C)<br \/>\nMat\u00e9riau de la r\u00e9sistance pris en charge : 0.1ohm-5.0ohm<br \/>\nPixel de l\u2019\u00e9cran : 0,96 pouces 80*160<br \/>\nMat\u00e9riau du corps : alliage de zinc<br \/>\nR\u00e9sistance prise en charge : nickel, titane, SS316, SS904, Kanthal<\/p>\n","protected":false},"excerpt":{"rendered":"<p>1 x Lost Vape Thelema Solo 100W Box Mod<br \/>\n1 x atomiseur Lost Vape 5 ml UB PRO Pod<br \/>\n1 x r\u00e9sistance Lost Vape 0.15ohm UB Pro P1<br \/>\n1 x r\u00e9sistance Lost Vape 0.3ohm UB Pro P3<br \/>\n4 x joints toriques<br \/>\n1 x c\u00e2ble de type C<br \/>\n1 x manuel d\u2019utilisation<br \/>\n 1 adaptateur de batterie 18650<\/p>\n","protected":false},"featured_media":24548,"comment_status":"open","ping_status":"closed","template":"","meta":{"om_disable_all_campaigns":false,"_monsterinsights_skip_tracking":false,"_monsterinsights_sitenote_active":false,"_monsterinsights_sitenote_note":"","_monsterinsights_sitenote_category":0},"product_brand":[],"product_cat":[213,242,205],"product_tag":[],"class_list":{"0":"post-28344","1":"product","2":"type-product","3":"status-publish","4":"has-post-thumbnail","6":"product_cat-kit-comp","7":"product_cat-lost-vape","8":"product_cat-materiel","11":"first","12":"instock","13":"featured","14":"shipping-taxable","15":"purchasable","16":"product-type-simple"},"aioseo_notices":[],"jetpack_sharing_enabled":true,"_links":{"self":[{"href":"https:\/\/normandie.ma\/index.php?rest_route=\/wp\/v2\/product\/28344","targetHints":{"allow":["GET"]}}],"collection":[{"href":"https:\/\/normandie.ma\/index.php?rest_route=\/wp\/v2\/product"}],"about":[{"href":"https:\/\/normandie.ma\/index.php?rest_route=\/wp\/v2\/types\/product"}],"replies":[{"embeddable":true,"href":"https:\/\/normandie.ma\/index.php?rest_route=%2Fwp%2Fv2%2Fcomments&post=28344"}],"wp:featuredmedia":[{"embeddable":true,"href":"https:\/\/normandie.ma\/index.php?rest_route=\/wp\/v2\/media\/24548"}],"wp:attachment":[{"href":"https:\/\/normandie.ma\/index.php?rest_route=%2Fwp%2Fv2%2Fmedia&parent=28344"}],"wp:term":[{"taxonomy":"product_brand","embeddable":true,"href":"https:\/\/normandie.ma\/index.php?rest_route=%2Fwp%2Fv2%2Fproduct_brand&post=28344"},{"taxonomy":"product_cat","embeddable":true,"href":"https:\/\/normandie.ma\/index.php?rest_route=%2Fwp%2Fv2%2Fproduct_cat&post=28344"},{"taxonomy":"product_tag","embeddable":true,"href":"https:\/\/normandie.ma\/index.php?rest_route=%2Fwp%2Fv2%2Fproduct_tag&post=28344"}],"curies":[{"name":"wp","href":"https:\/\/api.w.org\/{rel}","templated":true}]}}