{"id":28354,"date":"2023-05-06T18:54:27","date_gmt":"2023-05-06T18:54:27","guid":{"rendered":"https:\/\/normandie.ma\/?product=kit-vape-pen-v2-7colors-smok"},"modified":"2023-05-06T18:54:27","modified_gmt":"2023-05-06T18:54:27","slug":"kit-vape-pen-v2-7colors-smok","status":"publish","type":"product","link":"https:\/\/normandie.ma\/?product=kit-vape-pen-v2-7colors-smok","title":{"rendered":"Kit Vape pen V2 7Colors \u2013 Smok"},"content":{"rendered":"<p>Une batterie Vape Pen V2 de 1600 mAh<br \/>\nUn clearomiseur Vape Pen V2 de 3 ml<br \/>\nUne r\u00e9sistance Vape Pen Meshed de 0.15 ohm pr\u00e9install\u00e9e<br \/>\nUne r\u00e9sistance Vape Pen Meshed de 0.15 ohm de rechange<br \/>\nUn c\u00e2ble USB<br \/>\nUne notice d\u2019utilisation<\/p>\n","protected":false},"excerpt":{"rendered":"<p>Une batterie Vape Pen V2 de 1600 mAh Un clearomiseur Vape Pen V2 de 3 ml Une r\u00e9sistance Vape Pen Meshed de 0.15 ohm pr\u00e9install\u00e9e Une r\u00e9sistance Vape Pen Meshed de 0.15 ohm de rechange Un c\u00e2ble USB Une notice d\u2019utilisation<\/p>\n","protected":false},"featured_media":24554,"comment_status":"open","ping_status":"closed","template":"","meta":{"om_disable_all_campaigns":false,"_monsterinsights_skip_tracking":false,"_monsterinsights_sitenote_active":false,"_monsterinsights_sitenote_note":"","_monsterinsights_sitenote_category":0},"product_brand":[],"product_cat":[213,205,243],"product_tag":[],"class_list":{"0":"post-28354","1":"product","2":"type-product","3":"status-publish","4":"has-post-thumbnail","6":"product_cat-kit-comp","7":"product_cat-materiel","8":"product_cat-smok","11":"first","12":"instock","13":"featured","14":"shipping-taxable","15":"purchasable","16":"product-type-simple"},"aioseo_notices":[],"jetpack_sharing_enabled":true,"_links":{"self":[{"href":"https:\/\/normandie.ma\/index.php?rest_route=\/wp\/v2\/product\/28354","targetHints":{"allow":["GET"]}}],"collection":[{"href":"https:\/\/normandie.ma\/index.php?rest_route=\/wp\/v2\/product"}],"about":[{"href":"https:\/\/normandie.ma\/index.php?rest_route=\/wp\/v2\/types\/product"}],"replies":[{"embeddable":true,"href":"https:\/\/normandie.ma\/index.php?rest_route=%2Fwp%2Fv2%2Fcomments&post=28354"}],"wp:featuredmedia":[{"embeddable":true,"href":"https:\/\/normandie.ma\/index.php?rest_route=\/wp\/v2\/media\/24554"}],"wp:attachment":[{"href":"https:\/\/normandie.ma\/index.php?rest_route=%2Fwp%2Fv2%2Fmedia&parent=28354"}],"wp:term":[{"taxonomy":"product_brand","embeddable":true,"href":"https:\/\/normandie.ma\/index.php?rest_route=%2Fwp%2Fv2%2Fproduct_brand&post=28354"},{"taxonomy":"product_cat","embeddable":true,"href":"https:\/\/normandie.ma\/index.php?rest_route=%2Fwp%2Fv2%2Fproduct_cat&post=28354"},{"taxonomy":"product_tag","embeddable":true,"href":"https:\/\/normandie.ma\/index.php?rest_route=%2Fwp%2Fv2%2Fproduct_tag&post=28354"}],"curies":[{"name":"wp","href":"https:\/\/api.w.org\/{rel}","templated":true}]}}