{"id":28358,"date":"2023-05-06T18:54:29","date_gmt":"2023-05-06T18:54:29","guid":{"rendered":"https:\/\/normandie.ma\/?product=kit-nord-50w-blue-smok-2"},"modified":"2023-05-06T18:54:29","modified_gmt":"2023-05-06T18:54:29","slug":"kit-nord-50w-blue-smok-2","status":"publish","type":"product","link":"https:\/\/normandie.ma\/?product=kit-nord-50w-blue-smok-2","title":{"rendered":"Kit Nord 50W Blue \u2013 Smok"},"content":{"rendered":"<p>Le Kit Smok Nord 50W d\u00e9barque avec force gr\u00e2ce \u00e0 son format de poche, sa bonne autonomie et sa puissance \u00e9tonnante. Cette petite cigarette \u00e9lectronique polyvalente est capable de vous fournir une vape nuageuse et directe, ainsi qu\u2019un tirage \u00e9quilibr\u00e9 entre la sensation du hit, la saveur et la vapeur gr\u00e2ce \u00e0 son jeu de deux cartouches (fournies). Dimensions : 31*22.6*97mm<br \/>\nPoids : 93g (95g pour l\u2019\u00e9dition cuir)<br \/>\nAutonomie : batterie int\u00e9gr\u00e9e 1800mAh<br \/>\nCompatibilit\u00e9 cartouche : Cartouches Nord RPM \/ LP2 \/ NORD<br \/>\nConnectique : All in one<br \/>\nPuissance : 5-50W<br \/>\nR\u00e9sistances accept\u00e9es : 0.2ohm-3.0ohm<br \/>\n\u00c9cran : OLED<br \/>\nPort USB : USB-C<br \/>\nCharge : Rapide, 5V\/1.2A<br \/>\nInhalation : Directe (DL) \/ indirecte (MTL) \/ restrictive (RDL)<br \/>\nCapacit\u00e9 cartouche : 4ml<br \/>\nRemplissage : Sur le c\u00f4t\u00e9 de la cartouche<br \/>\nAirflow : R\u00e9glable<br \/>\nR\u00e9sistances compatibles : R\u00e9sistances RPM \/ r\u00e9sistances LP2 \/ r\u00e9sistances Nord<\/p>\n","protected":false},"excerpt":{"rendered":"<p>1x Batterie int\u00e9gr\u00e9e Nord 50W de 1800 mAh ;<br \/>\n1x Cartouche LP2 Pod de 4 ml avec une r\u00e9sistance incluse LP2 Meshed 0,23 ohm ;<br \/>\n1x Cartouche Nord Pod de 4,5 ml avec une r\u00e9sistance incluse Nord regular DC 0,6 ohm ;<br \/>\nLe c\u00e2ble de recharge de type USB-C ;<br \/>\nLe manuel d\u2019utilisation.<\/p>\n","protected":false},"featured_media":24555,"comment_status":"open","ping_status":"closed","template":"","meta":{"om_disable_all_campaigns":false,"_monsterinsights_skip_tracking":false,"_monsterinsights_sitenote_active":false,"_monsterinsights_sitenote_note":"","_monsterinsights_sitenote_category":0},"product_brand":[],"product_cat":[213,205,243],"product_tag":[],"class_list":{"0":"post-28358","1":"product","2":"type-product","3":"status-publish","4":"has-post-thumbnail","6":"product_cat-kit-comp","7":"product_cat-materiel","8":"product_cat-smok","11":"first","12":"instock","13":"featured","14":"shipping-taxable","15":"purchasable","16":"product-type-simple"},"aioseo_notices":[],"jetpack_sharing_enabled":true,"_links":{"self":[{"href":"https:\/\/normandie.ma\/index.php?rest_route=\/wp\/v2\/product\/28358","targetHints":{"allow":["GET"]}}],"collection":[{"href":"https:\/\/normandie.ma\/index.php?rest_route=\/wp\/v2\/product"}],"about":[{"href":"https:\/\/normandie.ma\/index.php?rest_route=\/wp\/v2\/types\/product"}],"replies":[{"embeddable":true,"href":"https:\/\/normandie.ma\/index.php?rest_route=%2Fwp%2Fv2%2Fcomments&post=28358"}],"wp:featuredmedia":[{"embeddable":true,"href":"https:\/\/normandie.ma\/index.php?rest_route=\/wp\/v2\/media\/24555"}],"wp:attachment":[{"href":"https:\/\/normandie.ma\/index.php?rest_route=%2Fwp%2Fv2%2Fmedia&parent=28358"}],"wp:term":[{"taxonomy":"product_brand","embeddable":true,"href":"https:\/\/normandie.ma\/index.php?rest_route=%2Fwp%2Fv2%2Fproduct_brand&post=28358"},{"taxonomy":"product_cat","embeddable":true,"href":"https:\/\/normandie.ma\/index.php?rest_route=%2Fwp%2Fv2%2Fproduct_cat&post=28358"},{"taxonomy":"product_tag","embeddable":true,"href":"https:\/\/normandie.ma\/index.php?rest_route=%2Fwp%2Fv2%2Fproduct_tag&post=28358"}],"curies":[{"name":"wp","href":"https:\/\/api.w.org\/{rel}","templated":true}]}}