{"id":28361,"date":"2023-05-06T18:54:31","date_gmt":"2023-05-06T18:54:31","guid":{"rendered":"https:\/\/normandie.ma\/?product=kit-nord-4-brown-smok"},"modified":"2023-05-06T18:54:31","modified_gmt":"2023-05-06T18:54:31","slug":"kit-nord-4-brown-smok","status":"publish","type":"product","link":"https:\/\/normandie.ma\/?product=kit-nord-4-brown-smok","title":{"rendered":"Kit Nord 4 Brown \u2013 Smok"},"content":{"rendered":"<p>Vous ne pouvez pas attendre ? La voici, de la vapeur fra\u00eeche peut vous \u00eatre livr\u00e9e \u00e0 tout moment. La derni\u00e8re \u0153uvre de Smok : Nord 4 Pod, qui porte la c\u00e9l\u00e8bre s\u00e9rie \u00e0 de nouveaux sommets ! Module pod compact de 80W ;<br \/>\nBatterie haute capacit\u00e9 2000mAh ;<br \/>\nBo\u00eete de r\u00e9sistances interchangeables de 4,5ml ;<br \/>\nNombreuses r\u00e9sistances compatibles<\/p>\n","protected":false},"excerpt":{"rendered":"<p>1 batterie Smok Nord 4<br \/>\n1 cartouche RPM 2 (0.16ohm mesh coil pr\u00e9install\u00e9)<br \/>\n1 cartouche RPM (0.4ohm mesh coil pr\u00e9install\u00e9)<br \/>\n1 c\u00e2ble USB-C<br \/>\n1 notice d\u2019utilisation<\/p>\n","protected":false},"featured_media":24559,"comment_status":"open","ping_status":"closed","template":"","meta":{"om_disable_all_campaigns":false,"_monsterinsights_skip_tracking":false,"_monsterinsights_sitenote_active":false,"_monsterinsights_sitenote_note":"","_monsterinsights_sitenote_category":0},"product_brand":[],"product_cat":[213,205,243],"product_tag":[],"class_list":{"0":"post-28361","1":"product","2":"type-product","3":"status-publish","4":"has-post-thumbnail","6":"product_cat-kit-comp","7":"product_cat-materiel","8":"product_cat-smok","11":"first","12":"instock","13":"featured","14":"shipping-taxable","15":"purchasable","16":"product-type-simple"},"aioseo_notices":[],"jetpack_sharing_enabled":true,"_links":{"self":[{"href":"https:\/\/normandie.ma\/index.php?rest_route=\/wp\/v2\/product\/28361","targetHints":{"allow":["GET"]}}],"collection":[{"href":"https:\/\/normandie.ma\/index.php?rest_route=\/wp\/v2\/product"}],"about":[{"href":"https:\/\/normandie.ma\/index.php?rest_route=\/wp\/v2\/types\/product"}],"replies":[{"embeddable":true,"href":"https:\/\/normandie.ma\/index.php?rest_route=%2Fwp%2Fv2%2Fcomments&post=28361"}],"wp:featuredmedia":[{"embeddable":true,"href":"https:\/\/normandie.ma\/index.php?rest_route=\/wp\/v2\/media\/24559"}],"wp:attachment":[{"href":"https:\/\/normandie.ma\/index.php?rest_route=%2Fwp%2Fv2%2Fmedia&parent=28361"}],"wp:term":[{"taxonomy":"product_brand","embeddable":true,"href":"https:\/\/normandie.ma\/index.php?rest_route=%2Fwp%2Fv2%2Fproduct_brand&post=28361"},{"taxonomy":"product_cat","embeddable":true,"href":"https:\/\/normandie.ma\/index.php?rest_route=%2Fwp%2Fv2%2Fproduct_cat&post=28361"},{"taxonomy":"product_tag","embeddable":true,"href":"https:\/\/normandie.ma\/index.php?rest_route=%2Fwp%2Fv2%2Fproduct_tag&post=28361"}],"curies":[{"name":"wp","href":"https:\/\/api.w.org\/{rel}","templated":true}]}}