{"id":28369,"date":"2023-05-06T18:54:34","date_gmt":"2023-05-06T18:54:34","guid":{"rendered":"https:\/\/normandie.ma\/?product=kit-drag-s-classic-black-voopoo"},"modified":"2023-05-06T18:54:34","modified_gmt":"2023-05-06T18:54:34","slug":"kit-drag-s-classic-black-voopoo","status":"publish","type":"product","link":"https:\/\/normandie.ma\/?product=kit-drag-s-classic-black-voopoo","title":{"rendered":"Kit Drag S Classic Black \u2013 Voopoo"},"content":{"rendered":"<p>La formule Voopoo Drag S est d\u00e9di\u00e9e aux fumeurs \u00e0 la recherche d\u2019une e-cigarette \u00e9l\u00e9gante et facile \u00e0 utiliser. Il dispose d\u2019une batterie int\u00e9gr\u00e9e de 2500 mAh et d\u2019un r\u00e9servoir d\u2019e-liquide d\u2019une capacit\u00e9 de 4,5 ml. Avec le pod Drag S, Voopoo place tr\u00e8s haut la barre en termes de performance, fonctionnalit\u00e9s et d\u2019esth\u00e9tique pour un pod mod. Puissant, dans un format compact, le pod Drag S est \u00e9galement sophistiqu\u00e9 et m\u00eame ludique gr\u00e2ce \u00e0 un nouveau chipset Gene.TT. Il peut ainsi atteindre une puissance de 60W et offre une vape \u00e0 d\u00e9clenchement manuel ou automatique selon vos envies. Pod mod compact \u00e0 puissance personnalisable de 5 \u00e0 60W<br \/>\nUne batterie 2500mAh \u00e0 charge rapide USB-C<br \/>\nUn r\u00e9servoir \u00ab pod \u00bb 4,5ml compatible avec une vaste gamme de r\u00e9sistances<br \/>\nUn tirage r\u00e9glable pour un hit personnalis\u00e9 et adapt\u00e9 \u00e0 tous les styles de vapes<br \/>\nUn chipset \u00e9lectronique intelligent et intuitif pour le plaisir des vapoteurs avanc\u00e9s comme des plus novices<\/p>\n","protected":false},"excerpt":{"rendered":"<p>Dispositif DRAG S<br \/>\nDRAG S Pod de remplacement 2ml<br \/>\nR\u00e9sistance PnP-VM1 0.3ohm<br \/>\nPnP-VM5 0.2ohm Coil<br \/>\nC\u00e2ble USB C<br \/>\nManuel de l\u2019utilisateur<\/p>\n","protected":false},"featured_media":24566,"comment_status":"open","ping_status":"closed","template":"","meta":{"om_disable_all_campaigns":false,"_monsterinsights_skip_tracking":false,"_monsterinsights_sitenote_active":false,"_monsterinsights_sitenote_note":"","_monsterinsights_sitenote_category":0},"product_brand":[],"product_cat":[213,205,244],"product_tag":[],"class_list":{"0":"post-28369","1":"product","2":"type-product","3":"status-publish","4":"has-post-thumbnail","6":"product_cat-kit-comp","7":"product_cat-materiel","8":"product_cat-voopoo","11":"first","12":"instock","13":"featured","14":"shipping-taxable","15":"purchasable","16":"product-type-simple"},"aioseo_notices":[],"jetpack_sharing_enabled":true,"_links":{"self":[{"href":"https:\/\/normandie.ma\/index.php?rest_route=\/wp\/v2\/product\/28369","targetHints":{"allow":["GET"]}}],"collection":[{"href":"https:\/\/normandie.ma\/index.php?rest_route=\/wp\/v2\/product"}],"about":[{"href":"https:\/\/normandie.ma\/index.php?rest_route=\/wp\/v2\/types\/product"}],"replies":[{"embeddable":true,"href":"https:\/\/normandie.ma\/index.php?rest_route=%2Fwp%2Fv2%2Fcomments&post=28369"}],"wp:featuredmedia":[{"embeddable":true,"href":"https:\/\/normandie.ma\/index.php?rest_route=\/wp\/v2\/media\/24566"}],"wp:attachment":[{"href":"https:\/\/normandie.ma\/index.php?rest_route=%2Fwp%2Fv2%2Fmedia&parent=28369"}],"wp:term":[{"taxonomy":"product_brand","embeddable":true,"href":"https:\/\/normandie.ma\/index.php?rest_route=%2Fwp%2Fv2%2Fproduct_brand&post=28369"},{"taxonomy":"product_cat","embeddable":true,"href":"https:\/\/normandie.ma\/index.php?rest_route=%2Fwp%2Fv2%2Fproduct_cat&post=28369"},{"taxonomy":"product_tag","embeddable":true,"href":"https:\/\/normandie.ma\/index.php?rest_route=%2Fwp%2Fv2%2Fproduct_tag&post=28369"}],"curies":[{"name":"wp","href":"https:\/\/api.w.org\/{rel}","templated":true}]}}