{"id":28371,"date":"2023-05-06T18:54:35","date_gmt":"2023-05-06T18:54:35","guid":{"rendered":"https:\/\/normandie.ma\/?product=kit-musket-120w-space-grey-voopoo"},"modified":"2023-05-06T18:54:35","modified_gmt":"2023-05-06T18:54:35","slug":"kit-musket-120w-space-grey-voopoo","status":"publish","type":"product","link":"https:\/\/normandie.ma\/?product=kit-musket-120w-space-grey-voopoo","title":{"rendered":"Kit Musket 120W Space Grey \u2013 Voopoo"},"content":{"rendered":"<p>D\u00e9couvrez le Kit Voopoo Musket, avec une plage de sortie de 5-120W, le r\u00e9servoir PnP Pod, et utilise deux batteries 18650 \u00e0 haute intensit\u00e9 pour produire de la vapeur. Equip\u00e9 du chipset GENE.TT, le Kit Voopoo Musket est r\u00e9actif et rapide. Associ\u00e9 au r\u00e9servoir PnP Pod, le kit MUSKET fonctionne parfaitement avec la s\u00e9rie de r\u00e9sistances PnP, offrant une saveur d\u00e9licieuse dans une vari\u00e9t\u00e9 de styles de vapotage. D\u2019une puissance de 5 \u00e0 120 W, le mod Voopoo Musket peut \u00e9galement \u00eatre associ\u00e9 \u00e0 votre atomiseur reconstructible pr\u00e9f\u00e9r\u00e9 ou \u00e0 un r\u00e9servoir sub-ohm avec une connexion filet\u00e9e 510. Mat\u00e9riau en alliage d\u2019aluminium, l\u00e9ger et durable<br \/>\nDouble batterie 18650, puissance de sortie 5-120W<br \/>\nPuce GENE.TT<br \/>\nR\u00e9servoir PnP Pod, compos\u00e9 d\u2019un Pod PnP et d\u2019un adaptateur 510<br \/>\nPnP-VM6 0,15\u03a9 &#038; PnP-VM5 0,2\u03a9 pour vapotage DL<br \/>\nCompatible avec toutes les r\u00e9sistances PnP<\/p>\n","protected":false},"excerpt":{"rendered":"<p>1 * Mod MUSKET<br \/>\n1 * r\u00e9servoir de pod PnP<br \/>\n1 * PnP-VM6 0,15\u03a9<br \/>\n1 * PnP-VM5 0.2\u03a9<br \/>\n1 * c\u00e2ble USB de type C<br \/>\n1 * manuel d\u2019utilisation<\/p>\n","protected":false},"featured_media":24567,"comment_status":"open","ping_status":"closed","template":"","meta":{"om_disable_all_campaigns":false,"_monsterinsights_skip_tracking":false,"_monsterinsights_sitenote_active":false,"_monsterinsights_sitenote_note":"","_monsterinsights_sitenote_category":0},"product_brand":[],"product_cat":[213,205,244],"product_tag":[],"class_list":{"0":"post-28371","1":"product","2":"type-product","3":"status-publish","4":"has-post-thumbnail","6":"product_cat-kit-comp","7":"product_cat-materiel","8":"product_cat-voopoo","11":"first","12":"instock","13":"featured","14":"shipping-taxable","15":"purchasable","16":"product-type-simple"},"aioseo_notices":[],"jetpack_sharing_enabled":true,"_links":{"self":[{"href":"https:\/\/normandie.ma\/index.php?rest_route=\/wp\/v2\/product\/28371","targetHints":{"allow":["GET"]}}],"collection":[{"href":"https:\/\/normandie.ma\/index.php?rest_route=\/wp\/v2\/product"}],"about":[{"href":"https:\/\/normandie.ma\/index.php?rest_route=\/wp\/v2\/types\/product"}],"replies":[{"embeddable":true,"href":"https:\/\/normandie.ma\/index.php?rest_route=%2Fwp%2Fv2%2Fcomments&post=28371"}],"wp:featuredmedia":[{"embeddable":true,"href":"https:\/\/normandie.ma\/index.php?rest_route=\/wp\/v2\/media\/24567"}],"wp:attachment":[{"href":"https:\/\/normandie.ma\/index.php?rest_route=%2Fwp%2Fv2%2Fmedia&parent=28371"}],"wp:term":[{"taxonomy":"product_brand","embeddable":true,"href":"https:\/\/normandie.ma\/index.php?rest_route=%2Fwp%2Fv2%2Fproduct_brand&post=28371"},{"taxonomy":"product_cat","embeddable":true,"href":"https:\/\/normandie.ma\/index.php?rest_route=%2Fwp%2Fv2%2Fproduct_cat&post=28371"},{"taxonomy":"product_tag","embeddable":true,"href":"https:\/\/normandie.ma\/index.php?rest_route=%2Fwp%2Fv2%2Fproduct_tag&post=28371"}],"curies":[{"name":"wp","href":"https:\/\/api.w.org\/{rel}","templated":true}]}}