{"id":28398,"date":"2023-05-06T18:54:48","date_gmt":"2023-05-06T18:54:48","guid":{"rendered":"https:\/\/normandie.ma\/?product=kit-voopoo-argus-gt-ii-carbon-fiber-voopoo"},"modified":"2023-05-06T18:54:48","modified_gmt":"2023-05-06T18:54:48","slug":"kit-voopoo-argus-gt-ii-carbon-fiber-voopoo","status":"publish","type":"product","link":"https:\/\/normandie.ma\/?product=kit-voopoo-argus-gt-ii-carbon-fiber-voopoo","title":{"rendered":"Kit Voopoo Argus GT II Carbon Fiber \u2013 Voopoo"},"content":{"rendered":"<p>La marque Voopoo revient sur le devant de la sc\u00e8ne avec une nouvelle version de son mod\u00e8le de cigarette \u00e9lectronique Argus, pour ce kit complet, la marque lui a associ\u00e9 un clearomiseur MAAT ainsi qu\u2019une box Argus GT 2. Cet ensemble allie les meilleures technologies actuelles que la vape propose. Cette box a \u00e9t\u00e9 sp\u00e9cialement con\u00e7ue afin de pouvoir r\u00e9sister aux \u00e9ventuelles chutes, \u00e0 la poussi\u00e8re, mais aussi aux projections d\u2019eau. Si vous \u00eates \u00e0 la recherche d\u2019un kit de cigarette \u00e9lectronique qui r\u00e9sistera aux chocs, alors le kit Argus GT2 Voopoo sera id\u00e9al pour vous. Marque : Voopoo<br \/>\nDimensions : 142,8 X 54 X 29 mm<br \/>\nMode d\u2019inhalation : Directe<br \/>\nType d\u2019accu : 2 X 18650 (non fourni)<br \/>\nPuissance maxi : 200 watts<br \/>\nPuissance mini : 5 watts<br \/>\nContr\u00f4le de temp\u00e9rature : Oui<br \/>\nType de remplissage : Par le haut<br \/>\nR\u00e9sistance mini : 0.10 ohm<br \/>\nContenance : 6,5 ml<br \/>\nAirflow r\u00e9glable : Oui<br \/>\nDrip tip : 810<br \/>\nPas de vis : 510<br \/>\nDimensions : 142,8 X 54 X 29 mm<\/p>\n","protected":false},"excerpt":{"rendered":"<p>1 X Box Argus GT 2<br \/>\n1 X Clearomiseur Maat Tank<br \/>\n1 X R\u00e9sistance TPP DM2 0.2 ohm<br \/>\n1 X R\u00e9sistance TPP DM3 0.15 ohm<br \/>\n1 X C\u00e2ble USB-C (charge rapide)<br \/>\n1 X Manuel d\u2019utilisation<\/p>\n","protected":false},"featured_media":24578,"comment_status":"open","ping_status":"closed","template":"","meta":{"om_disable_all_campaigns":false,"_monsterinsights_skip_tracking":false,"_monsterinsights_sitenote_active":false,"_monsterinsights_sitenote_note":"","_monsterinsights_sitenote_category":0},"product_brand":[],"product_cat":[239,205,359],"product_tag":[],"class_list":{"0":"post-28398","1":"product","2":"type-product","3":"status-publish","4":"has-post-thumbnail","6":"product_cat-kit-complet","7":"product_cat-materiel","8":"product_cat-voopoo-kit-complet","11":"first","12":"instock","13":"featured","14":"shipping-taxable","15":"purchasable","16":"product-type-simple"},"aioseo_notices":[],"jetpack_sharing_enabled":true,"_links":{"self":[{"href":"https:\/\/normandie.ma\/index.php?rest_route=\/wp\/v2\/product\/28398","targetHints":{"allow":["GET"]}}],"collection":[{"href":"https:\/\/normandie.ma\/index.php?rest_route=\/wp\/v2\/product"}],"about":[{"href":"https:\/\/normandie.ma\/index.php?rest_route=\/wp\/v2\/types\/product"}],"replies":[{"embeddable":true,"href":"https:\/\/normandie.ma\/index.php?rest_route=%2Fwp%2Fv2%2Fcomments&post=28398"}],"wp:featuredmedia":[{"embeddable":true,"href":"https:\/\/normandie.ma\/index.php?rest_route=\/wp\/v2\/media\/24578"}],"wp:attachment":[{"href":"https:\/\/normandie.ma\/index.php?rest_route=%2Fwp%2Fv2%2Fmedia&parent=28398"}],"wp:term":[{"taxonomy":"product_brand","embeddable":true,"href":"https:\/\/normandie.ma\/index.php?rest_route=%2Fwp%2Fv2%2Fproduct_brand&post=28398"},{"taxonomy":"product_cat","embeddable":true,"href":"https:\/\/normandie.ma\/index.php?rest_route=%2Fwp%2Fv2%2Fproduct_cat&post=28398"},{"taxonomy":"product_tag","embeddable":true,"href":"https:\/\/normandie.ma\/index.php?rest_route=%2Fwp%2Fv2%2Fproduct_tag&post=28398"}],"curies":[{"name":"wp","href":"https:\/\/api.w.org\/{rel}","templated":true}]}}