{"id":28400,"date":"2023-05-06T18:54:49","date_gmt":"2023-05-06T18:54:49","guid":{"rendered":"https:\/\/normandie.ma\/?product=freemax-maxpod-3-yellow-15w-kit"},"modified":"2023-05-06T18:54:49","modified_gmt":"2023-05-06T18:54:49","slug":"freemax-maxpod-3-yellow-15w-kit","status":"publish","type":"product","link":"https:\/\/normandie.ma\/?product=freemax-maxpod-3-yellow-15w-kit","title":{"rendered":"Freemax Maxpod 3 Yellow \u2013 15W Kit"},"content":{"rendered":"<p>Freemax Maxpod 3 Pod Kit est un kit de syst\u00e8me de pod activ\u00e9 par tirage. Il est aliment\u00e9 par une batterie rechargeable int\u00e9gr\u00e9e de 480 mAh avec 15 W max et un port USB-C. Avec le moulage par injection \u00e0 double couleur, il est exquis et excellent. il utilise la toute nouvelle technologie de bobines \u00e0 mailles FM SaltCoilTech 4.0, qui augmente la teneur en fibres de th\u00e9 de 50 % et utilise une maille SS904L tremp\u00e9e de mani\u00e8re innovante pour apporter des saveurs plus pures et prolonger la dur\u00e9e de vie de la r\u00e9sistance. Il est livr\u00e9 avec un pod rechargeable de 2 ml avec une r\u00e9sistance int\u00e9gr\u00e9e. Il est actuellement livr\u00e9 avec un pod maill\u00e9 de 0,8 ohm ou 1,2 ohm qui adopte la conception de remplissage sup\u00e9rieur \u00e0 l\u2019\u00e9preuve des enfants, super s\u00fbre et pratique \u00e0 utiliser. Taille : 26.7*18.2*99.5mm<br \/>\nMat\u00e9riau : PCTG+PC+ABS<br \/>\nBatterie : batterie rechargeable int\u00e9gr\u00e9e de 480 mAh<br \/>\nPuissance de sortie : 9-15 W<br \/>\nTension de sortie : 3,3 V-3,6 V<br \/>\nChargement : port USB-C<br \/>\nContenance : 2 ml<br \/>\nRemplissage : Remplissage sup\u00e9rieur<br \/>\nFit For: Pod Freemax MD Mesh 0.8\u03a9 \/ 1.2\u03a9 (la r\u00e9sistance n\u2019est pas rempla\u00e7able)<\/p>\n","protected":false},"excerpt":{"rendered":"<p>1 * Batterie Freemax Maxpod 3 15W<br \/>\n1 * Freemax MD Mesh Pod 0.8ohm<br \/>\n1 * manuel d\u2019utilisation<\/p>\n","protected":false},"featured_media":24580,"comment_status":"open","ping_status":"closed","template":"","meta":{"om_disable_all_campaigns":false,"_monsterinsights_skip_tracking":false,"_monsterinsights_sitenote_active":false,"_monsterinsights_sitenote_note":"","_monsterinsights_sitenote_category":0},"product_brand":[],"product_cat":[246,205,245],"product_tag":[],"class_list":{"0":"post-28400","1":"product","2":"type-product","3":"status-publish","4":"has-post-thumbnail","6":"product_cat-freemax-pod-kits","7":"product_cat-materiel","8":"product_cat-pod-kits","11":"first","12":"instock","13":"featured","14":"shipping-taxable","15":"purchasable","16":"product-type-simple"},"aioseo_notices":[],"jetpack_sharing_enabled":true,"_links":{"self":[{"href":"https:\/\/normandie.ma\/index.php?rest_route=\/wp\/v2\/product\/28400","targetHints":{"allow":["GET"]}}],"collection":[{"href":"https:\/\/normandie.ma\/index.php?rest_route=\/wp\/v2\/product"}],"about":[{"href":"https:\/\/normandie.ma\/index.php?rest_route=\/wp\/v2\/types\/product"}],"replies":[{"embeddable":true,"href":"https:\/\/normandie.ma\/index.php?rest_route=%2Fwp%2Fv2%2Fcomments&post=28400"}],"wp:featuredmedia":[{"embeddable":true,"href":"https:\/\/normandie.ma\/index.php?rest_route=\/wp\/v2\/media\/24580"}],"wp:attachment":[{"href":"https:\/\/normandie.ma\/index.php?rest_route=%2Fwp%2Fv2%2Fmedia&parent=28400"}],"wp:term":[{"taxonomy":"product_brand","embeddable":true,"href":"https:\/\/normandie.ma\/index.php?rest_route=%2Fwp%2Fv2%2Fproduct_brand&post=28400"},{"taxonomy":"product_cat","embeddable":true,"href":"https:\/\/normandie.ma\/index.php?rest_route=%2Fwp%2Fv2%2Fproduct_cat&post=28400"},{"taxonomy":"product_tag","embeddable":true,"href":"https:\/\/normandie.ma\/index.php?rest_route=%2Fwp%2Fv2%2Fproduct_tag&post=28400"}],"curies":[{"name":"wp","href":"https:\/\/api.w.org\/{rel}","templated":true}]}}