{"id":28411,"date":"2023-05-06T18:54:54","date_gmt":"2023-05-06T18:54:54","guid":{"rendered":"https:\/\/normandie.ma\/?product=ursa-baby-pod-kit-black-clear"},"modified":"2023-05-06T18:54:54","modified_gmt":"2023-05-06T18:54:54","slug":"ursa-baby-pod-kit-black-clear","status":"publish","type":"product","link":"https:\/\/normandie.ma\/?product=ursa-baby-pod-kit-black-clear","title":{"rendered":"Ursa Baby Pod Kit Black Clear"},"content":{"rendered":"<p>Petit mais costaud ! Voici qu\u2019un fabricant se lance de nouveau dans un podmod color\u00e9 et extr\u00eamement compact : Le Ursa Baby Pod. Miniature et original, le petit nouveau de chez Lost Vape se pr\u00e9sente \u00e0 nous avec plusieurs design diff\u00e9rents m\u00eame si on retrouvera sur chacun une transparence bien pens\u00e9e. Pr\u00e9vu pour fonctionner tr\u00e8s simplement en MTL, le Ursa Baby Pod dispose d\u2019une batterie interne de 800 mAh et d\u2019un syst\u00e8me d\u2019activation par inhalation. Concernant la contenance, on retrouvera un pod de 2,5 ml qui pourra fonctionner avec des r\u00e9sistances 0.8 ohm ou 1.0 ohm au choix. Petit syst\u00e8me d\u2019air-flow, petit gabarit, le Ursa baby pod a vraiment tout pour plaire aux personnes qui recherche l\u2019efficacit\u00e9 et la discr\u00e9tion. Inhalation : Directe ou Indirecte<br \/>\nType de cigarettes \u00e9lectroniques : Pod<br \/>\nElectro \u2013 M\u00e9ca : Electronique<br \/>\nBatterie int\u00e9gr\u00e9e : Oui<br \/>\nAutonomie : 800 mah<br \/>\nContr\u00f4le de temp\u00e9rature : Non<br \/>\nRemplissage : Par le c\u00f4t\u00e9<br \/>\nPuissance : 18 Watts<br \/>\nR\u00e9servoir : 2.5 ml<br \/>\nAirflow : R\u00e9glable<br \/>\nDrip Tip : Unique<br \/>\nPort USB : Oui<br \/>\nLongueur : 47 mm<br \/>\nLargeur : 16 mm<br \/>\nHauteur : 68.5 mm<\/p>\n","protected":false},"excerpt":{"rendered":"<p>1 Pod Ursa Baby<br \/>\n1 cartouche 0.80 ohm<br \/>\n1 tour de cou<br \/>\n1 c\u00e2ble USB-C<br \/>\n1 manuel d\u2019utilisation<\/p>\n","protected":false},"featured_media":24582,"comment_status":"open","ping_status":"closed","template":"","meta":{"om_disable_all_campaigns":false,"_monsterinsights_skip_tracking":false,"_monsterinsights_sitenote_active":false,"_monsterinsights_sitenote_note":"","_monsterinsights_sitenote_category":0},"product_brand":[],"product_cat":[360,205,245],"product_tag":[],"class_list":{"0":"post-28411","1":"product","2":"type-product","3":"status-publish","4":"has-post-thumbnail","6":"product_cat-lost-vape-pod-kits","7":"product_cat-materiel","8":"product_cat-pod-kits","11":"first","12":"instock","13":"featured","14":"shipping-taxable","15":"purchasable","16":"product-type-simple"},"aioseo_notices":[],"jetpack_sharing_enabled":true,"_links":{"self":[{"href":"https:\/\/normandie.ma\/index.php?rest_route=\/wp\/v2\/product\/28411","targetHints":{"allow":["GET"]}}],"collection":[{"href":"https:\/\/normandie.ma\/index.php?rest_route=\/wp\/v2\/product"}],"about":[{"href":"https:\/\/normandie.ma\/index.php?rest_route=\/wp\/v2\/types\/product"}],"replies":[{"embeddable":true,"href":"https:\/\/normandie.ma\/index.php?rest_route=%2Fwp%2Fv2%2Fcomments&post=28411"}],"wp:featuredmedia":[{"embeddable":true,"href":"https:\/\/normandie.ma\/index.php?rest_route=\/wp\/v2\/media\/24582"}],"wp:attachment":[{"href":"https:\/\/normandie.ma\/index.php?rest_route=%2Fwp%2Fv2%2Fmedia&parent=28411"}],"wp:term":[{"taxonomy":"product_brand","embeddable":true,"href":"https:\/\/normandie.ma\/index.php?rest_route=%2Fwp%2Fv2%2Fproduct_brand&post=28411"},{"taxonomy":"product_cat","embeddable":true,"href":"https:\/\/normandie.ma\/index.php?rest_route=%2Fwp%2Fv2%2Fproduct_cat&post=28411"},{"taxonomy":"product_tag","embeddable":true,"href":"https:\/\/normandie.ma\/index.php?rest_route=%2Fwp%2Fv2%2Fproduct_tag&post=28411"}],"curies":[{"name":"wp","href":"https:\/\/api.w.org\/{rel}","templated":true}]}}