{"id":28424,"date":"2023-05-06T18:55:01","date_gmt":"2023-05-06T18:55:01","guid":{"rendered":"https:\/\/normandie.ma\/?product=kit-solus-pod-smok"},"modified":"2023-05-15T22:17:52","modified_gmt":"2023-05-15T22:17:52","slug":"kit-solus-pod-smok","status":"publish","type":"product","link":"https:\/\/normandie.ma\/?product=kit-solus-pod-smok","title":{"rendered":"Kit Solus Pod \u2013 Smok"},"content":{"rendered":"<p>D\u00e9couvrez le kit Solus Pod, un kit super portable con\u00e7u avec un dispositif de vapotage sans bouton. Il est livr\u00e9 avec une batterie int\u00e9gr\u00e9e de 700 mAh et la batterie peut \u00eatre recharg\u00e9e via le port de charge micro USB. Il y a une lumi\u00e8re bleue sur le devant de l\u2019appareil pour vous informer de l\u2019\u00e9tat actuel. Vous pouvez retirer et installer le pod sans effort avec une connexion magn\u00e9tique solide. Le kit Solus Pod est \u00e9quip\u00e9 d\u2019un pod maill\u00e9 de 0,9 ohm d\u2019une capacit\u00e9 de 3 ml de jus \u00e9lectronique, qui vous offrira une saveur MTL pure. Taille: 100*21.5*13mm<br \/>\nCapacit\u00e9 de la batterie : 700 mAh<br \/>\nPuissance de sortie : 4W-16W<br \/>\nTension d\u2019entr\u00e9e : 3,3 V-4,2 V<br \/>\nTension de sortie : 3,0 V-3,6 V<br \/>\nCourant de veille : &lt;5uA<br \/>\nPlage de r\u00e9sistance : 0.8ohm-3.0ohm<br \/>\nTension de charge : 5 V<br \/>\nCourant de charge : 0,5 A max<\/p>\n","protected":false},"excerpt":{"rendered":"<p>1 * appareil SMOK Solus 700mAh<br \/>\n1 * Pod SMOK Solus Meshed 0.9ohm 3ml<br \/>\n1 * manuel d\u2019utilisation<\/p>\n","protected":false},"featured_media":24585,"comment_status":"open","ping_status":"closed","template":"","meta":{"om_disable_all_campaigns":false,"_monsterinsights_skip_tracking":false,"_monsterinsights_sitenote_active":false,"_monsterinsights_sitenote_note":"","_monsterinsights_sitenote_category":0},"product_brand":[],"product_cat":[205,245,361],"product_tag":[],"class_list":{"0":"post-28424","1":"product","2":"type-product","3":"status-publish","4":"has-post-thumbnail","6":"product_cat-materiel","7":"product_cat-pod-kits","8":"product_cat-smok-pod-kits","11":"first","12":"instock","13":"featured","14":"shipping-taxable","15":"purchasable","16":"product-type-variable"},"aioseo_notices":[],"jetpack_sharing_enabled":true,"_links":{"self":[{"href":"https:\/\/normandie.ma\/index.php?rest_route=\/wp\/v2\/product\/28424","targetHints":{"allow":["GET"]}}],"collection":[{"href":"https:\/\/normandie.ma\/index.php?rest_route=\/wp\/v2\/product"}],"about":[{"href":"https:\/\/normandie.ma\/index.php?rest_route=\/wp\/v2\/types\/product"}],"replies":[{"embeddable":true,"href":"https:\/\/normandie.ma\/index.php?rest_route=%2Fwp%2Fv2%2Fcomments&post=28424"}],"wp:featuredmedia":[{"embeddable":true,"href":"https:\/\/normandie.ma\/index.php?rest_route=\/wp\/v2\/media\/24585"}],"wp:attachment":[{"href":"https:\/\/normandie.ma\/index.php?rest_route=%2Fwp%2Fv2%2Fmedia&parent=28424"}],"wp:term":[{"taxonomy":"product_brand","embeddable":true,"href":"https:\/\/normandie.ma\/index.php?rest_route=%2Fwp%2Fv2%2Fproduct_brand&post=28424"},{"taxonomy":"product_cat","embeddable":true,"href":"https:\/\/normandie.ma\/index.php?rest_route=%2Fwp%2Fv2%2Fproduct_cat&post=28424"},{"taxonomy":"product_tag","embeddable":true,"href":"https:\/\/normandie.ma\/index.php?rest_route=%2Fwp%2Fv2%2Fproduct_tag&post=28424"}],"curies":[{"name":"wp","href":"https:\/\/api.w.org\/{rel}","templated":true}]}}