{"id":28426,"date":"2023-05-06T18:55:02","date_gmt":"2023-05-06T18:55:02","guid":{"rendered":"https:\/\/normandie.ma\/?product=kit-smok-solus-2-pod-ocean-green"},"modified":"2023-05-06T18:55:02","modified_gmt":"2023-05-06T18:55:02","slug":"kit-smok-solus-2-pod-ocean-green","status":"publish","type":"product","link":"https:\/\/normandie.ma\/?product=kit-smok-solus-2-pod-ocean-green","title":{"rendered":"Kit Smok \u2013 Solus 2 Pod Ocean Green"},"content":{"rendered":"<p>Le kit SMOK Solus 2 est la suite du Smok Solus et a un design compact de style stylo, avec un mode de vaporisation par air, une batterie int\u00e9gr\u00e9e de 700mAh, une sortie maximale de 17W, un pod SOLUS 2 de 2,5ml avec une r\u00e9sistance int\u00e9gr\u00e9e de 0,9ohm. Ce pod est compatible avec les bouff\u00e9es de style MTL et RDL. Le kit SOLUS 2 s\u2019adapte \u00e0 la fois au SOLUS 2 et au pod SOLUS, il est l\u00e9ger et facile \u00e0 utiliser, con\u00e7u pour les d\u00e9butants, et est parfait pour les e-liquides \u00e0 base de sel de nicotine. Taille : 107* 21.5* 13mm<br \/>\nBatterie : batterie int\u00e9gr\u00e9e de 700mAh<br \/>\nPuissance maximale : 15W<br \/>\nTension d\u2019entr\u00e9e : 3.1V-4.2V\u00b10.1V<br \/>\nTension de sortie : 3.6V<br \/>\nCourant de veille : <5uA\nPlage de r\u00e9sistance : 0.8-3.0ohm\nTension de charge : 5V\u00b10.2V\nCourant de charge : Max 0.5A\nCapacit\u00e9 : 2.5ml\nR\u00e9sistance : SOLUS 2 Meshed 0.9ohm Pod\n<\/p>\n","protected":false},"excerpt":{"rendered":"<p>1 * Dispositif SOLUS 2 (700mAh)<br \/>\n1 * SOLUS 2 Meshed 0.9ohm Pod (2.5ml)<br \/>\n1 * C\u00e2ble Type-C<br \/>\n1 * Manuel d\u2019utilisation<\/p>\n","protected":false},"featured_media":24586,"comment_status":"open","ping_status":"closed","template":"","meta":{"om_disable_all_campaigns":false,"_monsterinsights_skip_tracking":false,"_monsterinsights_sitenote_active":false,"_monsterinsights_sitenote_note":"","_monsterinsights_sitenote_category":0},"product_brand":[],"product_cat":[205,245,361],"product_tag":[],"class_list":{"0":"post-28426","1":"product","2":"type-product","3":"status-publish","4":"has-post-thumbnail","6":"product_cat-materiel","7":"product_cat-pod-kits","8":"product_cat-smok-pod-kits","11":"first","12":"instock","13":"featured","14":"shipping-taxable","15":"purchasable","16":"product-type-simple"},"aioseo_notices":[],"jetpack_sharing_enabled":true,"_links":{"self":[{"href":"https:\/\/normandie.ma\/index.php?rest_route=\/wp\/v2\/product\/28426","targetHints":{"allow":["GET"]}}],"collection":[{"href":"https:\/\/normandie.ma\/index.php?rest_route=\/wp\/v2\/product"}],"about":[{"href":"https:\/\/normandie.ma\/index.php?rest_route=\/wp\/v2\/types\/product"}],"replies":[{"embeddable":true,"href":"https:\/\/normandie.ma\/index.php?rest_route=%2Fwp%2Fv2%2Fcomments&post=28426"}],"wp:featuredmedia":[{"embeddable":true,"href":"https:\/\/normandie.ma\/index.php?rest_route=\/wp\/v2\/media\/24586"}],"wp:attachment":[{"href":"https:\/\/normandie.ma\/index.php?rest_route=%2Fwp%2Fv2%2Fmedia&parent=28426"}],"wp:term":[{"taxonomy":"product_brand","embeddable":true,"href":"https:\/\/normandie.ma\/index.php?rest_route=%2Fwp%2Fv2%2Fproduct_brand&post=28426"},{"taxonomy":"product_cat","embeddable":true,"href":"https:\/\/normandie.ma\/index.php?rest_route=%2Fwp%2Fv2%2Fproduct_cat&post=28426"},{"taxonomy":"product_tag","embeddable":true,"href":"https:\/\/normandie.ma\/index.php?rest_route=%2Fwp%2Fv2%2Fproduct_tag&post=28426"}],"curies":[{"name":"wp","href":"https:\/\/api.w.org\/{rel}","templated":true}]}}