{"id":28432,"date":"2023-05-06T18:55:04","date_gmt":"2023-05-06T18:55:04","guid":{"rendered":"https:\/\/normandie.ma\/?product=kit-smok-igee-a1-kit"},"modified":"2023-05-15T22:17:02","modified_gmt":"2023-05-15T22:17:02","slug":"kit-smok-igee-a1-kit","status":"publish","type":"product","link":"https:\/\/normandie.ma\/?product=kit-smok-igee-a1-kit","title":{"rendered":"Kit Smok \u2013 IGEE A1 Kit"},"content":{"rendered":"<p>Le kit SMOK IGEE A1 est destin\u00e9 aux d\u00e9butants. Il est dot\u00e9 d\u2019une batterie interne de 650mAh et d\u2019une puissance maximale de 14W. Le pod IGEE A1 de 2ml est \u00e9quip\u00e9 d\u2019une r\u00e9sistance int\u00e9gr\u00e9 de 0,9ohm, qui se comporte \u00e9tonnamment bien lorsqu\u2019on utilise du e-liquide \u00e0 base de sel nicotine via un syst\u00e8me de remplissage par le haut. La facilit\u00e9 d\u2019utilisation et la simplicit\u00e9 deviennent sa plus grande force, il est activ\u00e9 par tirage et dispose de deux options d\u2019airflow pour le vaping MTL. L\u2019indicateur LED est situ\u00e9 \u00e0 l\u2019avant pour contr\u00f4ler l\u2019\u00e9tat de la batterie. Construit \u00e0 partir d\u2019un corps en alliage d\u2019aluminium de qualit\u00e9 a\u00e9ronautique, le syst\u00e8me de dosettes IGEE A1 est durable et l\u00e9ger. Taille : 111*21*12mm<br \/>\nCapacit\u00e9 de la batterie : 650mAh<br \/>\nPuissance de sortie : 14W<br \/>\nCourant de veille : &lt;20uA<br \/>\nTension d\u2019entr\u00e9e : 3.3V-4.2V\u00b10.2V<br \/>\nTension de sortie : 3.6V<br \/>\nGamme de r\u00e9sistance : 0.8ohm-2.5ohm<br \/>\nTension de charge : 5V\u00b10.2V<br \/>\nCourant de charge : Max 0.7A<br \/>\nTension de surcharge : 4.3V\u00b10.05V<br \/>\nCourant de surcharge : 1.0A\u00b10.6A<br \/>\nTension de surd\u00e9charge : 2.4V\u00b10.1V<\/p>\n","protected":false},"excerpt":{"rendered":"<p>1 * Dispositif SMOK IGEE A1<br \/>\n2 * SMOK IGEE Meshed 0.9ohm Pods(2ml)<br \/>\n1 * C\u00e2ble Type-C<br \/>\n1 * Manuel de l\u2019utilisateur<\/p>\n","protected":false},"featured_media":24587,"comment_status":"open","ping_status":"closed","template":"","meta":{"om_disable_all_campaigns":false,"_monsterinsights_skip_tracking":false,"_monsterinsights_sitenote_active":false,"_monsterinsights_sitenote_note":"","_monsterinsights_sitenote_category":0},"product_brand":[],"product_cat":[205,245,361],"product_tag":[],"class_list":{"0":"post-28432","1":"product","2":"type-product","3":"status-publish","4":"has-post-thumbnail","6":"product_cat-materiel","7":"product_cat-pod-kits","8":"product_cat-smok-pod-kits","11":"first","12":"instock","13":"featured","14":"shipping-taxable","15":"purchasable","16":"product-type-variable"},"aioseo_notices":[],"jetpack_sharing_enabled":true,"_links":{"self":[{"href":"https:\/\/normandie.ma\/index.php?rest_route=\/wp\/v2\/product\/28432","targetHints":{"allow":["GET"]}}],"collection":[{"href":"https:\/\/normandie.ma\/index.php?rest_route=\/wp\/v2\/product"}],"about":[{"href":"https:\/\/normandie.ma\/index.php?rest_route=\/wp\/v2\/types\/product"}],"replies":[{"embeddable":true,"href":"https:\/\/normandie.ma\/index.php?rest_route=%2Fwp%2Fv2%2Fcomments&post=28432"}],"wp:featuredmedia":[{"embeddable":true,"href":"https:\/\/normandie.ma\/index.php?rest_route=\/wp\/v2\/media\/24587"}],"wp:attachment":[{"href":"https:\/\/normandie.ma\/index.php?rest_route=%2Fwp%2Fv2%2Fmedia&parent=28432"}],"wp:term":[{"taxonomy":"product_brand","embeddable":true,"href":"https:\/\/normandie.ma\/index.php?rest_route=%2Fwp%2Fv2%2Fproduct_brand&post=28432"},{"taxonomy":"product_cat","embeddable":true,"href":"https:\/\/normandie.ma\/index.php?rest_route=%2Fwp%2Fv2%2Fproduct_cat&post=28432"},{"taxonomy":"product_tag","embeddable":true,"href":"https:\/\/normandie.ma\/index.php?rest_route=%2Fwp%2Fv2%2Fproduct_tag&post=28432"}],"curies":[{"name":"wp","href":"https:\/\/api.w.org\/{rel}","templated":true}]}}