{"id":28436,"date":"2023-05-06T18:55:06","date_gmt":"2023-05-06T18:55:06","guid":{"rendered":"https:\/\/normandie.ma\/?product=kit-smok-nfix-pod"},"modified":"2023-05-15T21:35:14","modified_gmt":"2023-05-15T21:35:14","slug":"kit-smok-nfix-pod","status":"publish","type":"product","link":"https:\/\/normandie.ma\/?product=kit-smok-nfix-pod","title":{"rendered":"Kit Smok \u2013 NFIX Pod"},"content":{"rendered":"<p>Le Smok Nfix 25W VW Pod Kit est une combinaison parfaite de petite taille et de fonctions puissantes. Le Smok Nfix Pod Kit adopte une batterie de 700mAh avec une cartouche rechargeable de 3ml\/2ml. Le Smok Nfix Pod Kit a un r\u00e9glage de la puissance de 1W \u00e0 25W. La r\u00e9sistance du Smok Nfix Pod est une structure \u00e0 double r\u00e9sistance, apportant beaucoup de saveurs aux utilisateurs. Le Smok Nfix Pod Kit est simple mais fonctionnel. La charge Type-C de Smok Nfix fournit une alimentation fiable et offre une vitesse de transfert plus rapide, ce qui facilite la recharge. La cartouche en mat\u00e9riau PCTG de qualit\u00e9 sup\u00e9rieure assure \u00e9galement une vape en toute s\u00e9curit\u00e9. Dimensions : 110,5 x21,5x 13mm<br \/>\nPoids : 32 g<br \/>\nPlage de puissance : 1-25W<br \/>\nPlage de r\u00e9sistances : 0,6-3 ohms<br \/>\nVoltage : 0,5-4,0V<br \/>\n\u00c9cran OLED 0,69\u2033<br \/>\nMode : VW<br \/>\nAutonomie : 700 mAh<br \/>\nChargement en USB type-C<br \/>\nContenance : 3 ml<br \/>\nRemplissage lat\u00e9ral<br \/>\nR\u00e9sistance int\u00e9gr\u00e9e DC 0,8 ohm MTL<br \/>\nConnexion magn\u00e9tique<br \/>\nAirflow non r\u00e9glable<\/p>\n","protected":false},"excerpt":{"rendered":"<p>1 x batterie Nfix<br \/>\n2 x pod Nfix 3 ml avec r\u00e9sistance DC 0,8 ohm MTL int\u00e9gr\u00e9e<br \/>\n1 x c\u00e2ble USB<br \/>\n1 x manuel d\u2019utilisation<\/p>\n","protected":false},"featured_media":24588,"comment_status":"open","ping_status":"closed","template":"","meta":{"om_disable_all_campaigns":false,"_monsterinsights_skip_tracking":false,"_monsterinsights_sitenote_active":false,"_monsterinsights_sitenote_note":"","_monsterinsights_sitenote_category":0},"product_brand":[],"product_cat":[205,245,361],"product_tag":[],"class_list":{"0":"post-28436","1":"product","2":"type-product","3":"status-publish","4":"has-post-thumbnail","6":"product_cat-materiel","7":"product_cat-pod-kits","8":"product_cat-smok-pod-kits","11":"first","12":"instock","13":"featured","14":"shipping-taxable","15":"purchasable","16":"product-type-variable"},"aioseo_notices":[],"jetpack_sharing_enabled":true,"_links":{"self":[{"href":"https:\/\/normandie.ma\/index.php?rest_route=\/wp\/v2\/product\/28436","targetHints":{"allow":["GET"]}}],"collection":[{"href":"https:\/\/normandie.ma\/index.php?rest_route=\/wp\/v2\/product"}],"about":[{"href":"https:\/\/normandie.ma\/index.php?rest_route=\/wp\/v2\/types\/product"}],"replies":[{"embeddable":true,"href":"https:\/\/normandie.ma\/index.php?rest_route=%2Fwp%2Fv2%2Fcomments&post=28436"}],"wp:featuredmedia":[{"embeddable":true,"href":"https:\/\/normandie.ma\/index.php?rest_route=\/wp\/v2\/media\/24588"}],"wp:attachment":[{"href":"https:\/\/normandie.ma\/index.php?rest_route=%2Fwp%2Fv2%2Fmedia&parent=28436"}],"wp:term":[{"taxonomy":"product_brand","embeddable":true,"href":"https:\/\/normandie.ma\/index.php?rest_route=%2Fwp%2Fv2%2Fproduct_brand&post=28436"},{"taxonomy":"product_cat","embeddable":true,"href":"https:\/\/normandie.ma\/index.php?rest_route=%2Fwp%2Fv2%2Fproduct_cat&post=28436"},{"taxonomy":"product_tag","embeddable":true,"href":"https:\/\/normandie.ma\/index.php?rest_route=%2Fwp%2Fv2%2Fproduct_tag&post=28436"}],"curies":[{"name":"wp","href":"https:\/\/api.w.org\/{rel}","templated":true}]}}