{"id":28437,"date":"2023-05-06T18:55:06","date_gmt":"2023-05-06T18:55:06","guid":{"rendered":"https:\/\/normandie.ma\/?product=smok-rpm-100-kit-matt-gunmetal"},"modified":"2023-05-06T18:55:06","modified_gmt":"2023-05-06T18:55:06","slug":"smok-rpm-100-kit-matt-gunmetal","status":"publish","type":"product","link":"https:\/\/normandie.ma\/?product=smok-rpm-100-kit-matt-gunmetal","title":{"rendered":"SMOK \u2013 RPM 100 Kit Matt Gunmetal"},"content":{"rendered":"<p>Le kit Smok RPM 100 vous propose une vape DL \u00e0 RDL, \u00e9l\u00e9gante et simple d\u2019utilisation. Vous pourrez choisir votre autonomie entre un accu 21700 ou un accu 18650 (adaptateur fourni), offrant ainsi une vape tr\u00e8s confortable. Pour la capacit\u00e9 de la cartouche, elle est de 6ml. L\u00e0 encore, on est plus que large en termes de confort, de quoi emporter avec vous une belle quantit\u00e9 d\u2019e-liquide ! Et m\u00eame s\u2019il s\u2019agit d\u2019un pod avec accu 18650 ou 21700 compact, il est capable d\u2019envoyer jusqu\u2019\u00e0 100W de puissance. Ce kit pod avec accu 21700 ou 18650 est id\u00e9al pour celles et ceux qui d\u00e9sirent arr\u00eater de fumer avec classe et efficacit\u00e9. Dimensions : 136 x 29 x 36mm<br \/>\nPoids : 136g<br \/>\nMat\u00e9riaux : inox<br \/>\nAutonomie : 1 accu 21700 ou 18650 (non fournis)<br \/>\nCompatibilit\u00e9 cartouche : cartouche pod RPM85 \/100<br \/>\nConnectique : All in one<br \/>\nModes d\u2019utilisation : wattage variable<br \/>\nPuissance : 5-100W<br \/>\nR\u00e9sistances accept\u00e9es : 0.15 \u00e0 2.5 ohm<br \/>\n\u00c9cran : TFT 0.96 pouce<br \/>\nPort USB : USB C, rechargement<br \/>\nCharge : rapide 1.5A<br \/>\nInhalation : directe \u00e0 directe restrictive selon la r\u00e9sistance<br \/>\nCapacit\u00e9 cartouche : 6ml<br \/>\nRemplissage : par le haut via le top cap coulissant<br \/>\nDrip tip : propri\u00e9taire 810<br \/>\nAirflow : r\u00e9glable<br \/>\nR\u00e9sistances compatibles : r\u00e9sistances RPM3 Smoktech<\/p>\n","protected":false},"excerpt":{"rendered":"<p>1 * box RPM 100<br \/>\n1 * cartouche RPM 85\/100 de type RPM3<br \/>\n1 * r\u00e9sistance RPM 3 en 0.15 ohm<br \/>\n1 * r\u00e9sistance RPM3 en 0.23 ohm<br \/>\n1 * adaptateur accu 18650<br \/>\n1 * c\u00e2ble USB C<br \/>\n1 * manuel d\u2019utilisation<\/p>\n","protected":false},"featured_media":24593,"comment_status":"open","ping_status":"closed","template":"","meta":{"om_disable_all_campaigns":false,"_monsterinsights_skip_tracking":false,"_monsterinsights_sitenote_active":false,"_monsterinsights_sitenote_note":"","_monsterinsights_sitenote_category":0},"product_brand":[],"product_cat":[205,245,361],"product_tag":[],"class_list":{"0":"post-28437","1":"product","2":"type-product","3":"status-publish","4":"has-post-thumbnail","6":"product_cat-materiel","7":"product_cat-pod-kits","8":"product_cat-smok-pod-kits","11":"first","12":"instock","13":"featured","14":"shipping-taxable","15":"purchasable","16":"product-type-simple"},"aioseo_notices":[],"jetpack_sharing_enabled":true,"_links":{"self":[{"href":"https:\/\/normandie.ma\/index.php?rest_route=\/wp\/v2\/product\/28437","targetHints":{"allow":["GET"]}}],"collection":[{"href":"https:\/\/normandie.ma\/index.php?rest_route=\/wp\/v2\/product"}],"about":[{"href":"https:\/\/normandie.ma\/index.php?rest_route=\/wp\/v2\/types\/product"}],"replies":[{"embeddable":true,"href":"https:\/\/normandie.ma\/index.php?rest_route=%2Fwp%2Fv2%2Fcomments&post=28437"}],"wp:featuredmedia":[{"embeddable":true,"href":"https:\/\/normandie.ma\/index.php?rest_route=\/wp\/v2\/media\/24593"}],"wp:attachment":[{"href":"https:\/\/normandie.ma\/index.php?rest_route=%2Fwp%2Fv2%2Fmedia&parent=28437"}],"wp:term":[{"taxonomy":"product_brand","embeddable":true,"href":"https:\/\/normandie.ma\/index.php?rest_route=%2Fwp%2Fv2%2Fproduct_brand&post=28437"},{"taxonomy":"product_cat","embeddable":true,"href":"https:\/\/normandie.ma\/index.php?rest_route=%2Fwp%2Fv2%2Fproduct_cat&post=28437"},{"taxonomy":"product_tag","embeddable":true,"href":"https:\/\/normandie.ma\/index.php?rest_route=%2Fwp%2Fv2%2Fproduct_tag&post=28437"}],"curies":[{"name":"wp","href":"https:\/\/api.w.org\/{rel}","templated":true}]}}