{"id":28441,"date":"2023-05-06T18:55:08","date_gmt":"2023-05-06T18:55:08","guid":{"rendered":"https:\/\/normandie.ma\/?product=smok-rpm-85-kit"},"modified":"2023-05-06T18:55:08","modified_gmt":"2023-05-06T18:55:08","slug":"smok-rpm-85-kit","status":"publish","type":"product","link":"https:\/\/normandie.ma\/?product=smok-rpm-85-kit","title":{"rendered":"SMOK \u2013 RPM 85 Kit"},"content":{"rendered":"<p>Le kit Smok Smok RPM 85 propose une vape DL massive \u00e0 RDL discr\u00e8te, \u00e9l\u00e9gante et simple d\u2019utilisation. La batterie int\u00e9gr\u00e9e de 3000mAh est au-del\u00e0 du confortable, pour une journ\u00e9e de vape compl\u00e8te. Pour l\u2019autonomie de la cartouche, elle est de 6ml, l\u00e0 encore, on est plus que large en termes de confort. De quoi emporter avec vous une belle quantit\u00e9 d\u2019e-liquide! Et m\u00eame s\u2019il s\u2019agit d\u2019un pod, il est capable d\u2019envoyer jusqu\u2019\u00e0 85W de puissance. Id\u00e9al pour celles et ceux qui d\u00e9sirent arr\u00eater de fumer avec classe et efficacit\u00e9. Dimensions : 128.5 x 29 x 36mm<br \/>\nPoids : 162.5g<br \/>\nMat\u00e9riaux : inox<br \/>\nAutonomie : batterie int\u00e9gr\u00e9e 3000mAh<br \/>\nCompatibilit\u00e9 cartouche : pod RPM85 \/100<br \/>\nConnectique : All in one<br \/>\nModes d\u2019utilisation : wattage variable<br \/>\nPuissance : 5-85W<br \/>\nR\u00e9sistances accept\u00e9es : 0.15 \u00e0 2.5 ohm<br \/>\n\u00c9cran : TFT 0.96 pouce<br \/>\nPort USB : USB C, rechargement<br \/>\nCharge : rapide 1.5A<br \/>\nInhalation : directe \u00e0 directe restrictive selon la r\u00e9sistance<br \/>\nCapacit\u00e9 cartouche : 6ml<br \/>\nRemplissage : par le haut via le top cap coulissant<br \/>\nDrip tip : propri\u00e9taire 810<br \/>\nAirflow : r\u00e9glable<br \/>\nR\u00e9sistances compatibles : r\u00e9sistances RPM3 Smoktech<\/p>\n","protected":false},"excerpt":{"rendered":"<p>1 * box RPM 85<br \/>\n1 * cartouche RPM 85\/100 de type RPM3<br \/>\n1 * r\u00e9sistance RPM 3 en 0.15 ohm<br \/>\n1 * r\u00e9sistance RPM3 en 0.23 ohm<br \/>\n1 * c\u00e2ble USB C<br \/>\n1 * manuel d\u2019utilisation<\/p>\n","protected":false},"featured_media":24594,"comment_status":"open","ping_status":"closed","template":"","meta":{"om_disable_all_campaigns":false,"_monsterinsights_skip_tracking":false,"_monsterinsights_sitenote_active":false,"_monsterinsights_sitenote_note":"","_monsterinsights_sitenote_category":0},"product_brand":[],"product_cat":[205,245,361],"product_tag":[],"class_list":{"0":"post-28441","1":"product","2":"type-product","3":"status-publish","4":"has-post-thumbnail","6":"product_cat-materiel","7":"product_cat-pod-kits","8":"product_cat-smok-pod-kits","11":"first","12":"instock","13":"featured","14":"shipping-taxable","15":"purchasable","16":"product-type-simple"},"aioseo_notices":[],"jetpack_sharing_enabled":true,"_links":{"self":[{"href":"https:\/\/normandie.ma\/index.php?rest_route=\/wp\/v2\/product\/28441","targetHints":{"allow":["GET"]}}],"collection":[{"href":"https:\/\/normandie.ma\/index.php?rest_route=\/wp\/v2\/product"}],"about":[{"href":"https:\/\/normandie.ma\/index.php?rest_route=\/wp\/v2\/types\/product"}],"replies":[{"embeddable":true,"href":"https:\/\/normandie.ma\/index.php?rest_route=%2Fwp%2Fv2%2Fcomments&post=28441"}],"wp:featuredmedia":[{"embeddable":true,"href":"https:\/\/normandie.ma\/index.php?rest_route=\/wp\/v2\/media\/24594"}],"wp:attachment":[{"href":"https:\/\/normandie.ma\/index.php?rest_route=%2Fwp%2Fv2%2Fmedia&parent=28441"}],"wp:term":[{"taxonomy":"product_brand","embeddable":true,"href":"https:\/\/normandie.ma\/index.php?rest_route=%2Fwp%2Fv2%2Fproduct_brand&post=28441"},{"taxonomy":"product_cat","embeddable":true,"href":"https:\/\/normandie.ma\/index.php?rest_route=%2Fwp%2Fv2%2Fproduct_cat&post=28441"},{"taxonomy":"product_tag","embeddable":true,"href":"https:\/\/normandie.ma\/index.php?rest_route=%2Fwp%2Fv2%2Fproduct_tag&post=28441"}],"curies":[{"name":"wp","href":"https:\/\/api.w.org\/{rel}","templated":true}]}}