{"id":28444,"date":"2023-05-06T18:55:11","date_gmt":"2023-05-06T18:55:11","guid":{"rendered":"https:\/\/normandie.ma\/?product=kit-popreel-n1-coral-red-uwell-pod"},"modified":"2023-05-06T18:55:11","modified_gmt":"2023-05-06T18:55:11","slug":"kit-popreel-n1-coral-red-uwell-pod","status":"publish","type":"product","link":"https:\/\/normandie.ma\/?product=kit-popreel-n1-coral-red-uwell-pod","title":{"rendered":"Kit POPREEL N1 Coral Red \u2013 Uwell Pod"},"content":{"rendered":"<p>Uwell Popreel N1 Pod System, dot\u00e9 d\u2019une batterie rechargeable int\u00e9gr\u00e9e de 520 mAh, d\u2019une capacit\u00e9 de pod de 2 ml et d\u2019une r\u00e9sistance int\u00e9gr\u00e9e de 1,2 ohm. Construit \u00e0 partir de mat\u00e9riaux PC durables, le ch\u00e2ssis est l\u00e9ger et portable, s\u2019ins\u00e9rant parfaitement dans la main, la poche ou le sac \u00e0 main. En utilisant la technologie Pro-FOCS, il peut grandement am\u00e9liorer la restauration des saveurs. La cartouche de pod Popreel N1 1.2\u03a9 d\u2019une capacit\u00e9 de 2 ml d\u2019e-liquide est rechargeable et transparente. Avec une connexion magn\u00e9tique, le remplacement de la cartouche est simple et facile. De plus, la conception \u00e9tanche peut att\u00e9nuer efficacement les fuites d\u2019e-liquide. Taille : 102 mm * 22,1 mm * 11,5 mm<br \/>\nMat\u00e9riau : PCTG, PC+ABS<br \/>\nBatterie int\u00e9gr\u00e9e de 520 mAh<br \/>\nChargement de type C<br \/>\nSortie : 10 W<br \/>\nCapacit\u00e9 e-liquide : 2 ml<br \/>\nR\u00e9sistance : FeCrAI UN2 Meshed-H 1.2\u03a9<\/p>\n","protected":false},"excerpt":{"rendered":"<p>1 * Kit de syst\u00e8me de pod Uwell Popreel N1<br \/>\n1 * cartouche de pod Uwell Popreel N1 1.2\u03a9 (pr\u00e9-install\u00e9e)<br \/>\n1 * manuel d\u2019utilisation<\/p>\n","protected":false},"featured_media":24595,"comment_status":"open","ping_status":"closed","template":"","meta":{"om_disable_all_campaigns":false,"_monsterinsights_skip_tracking":false,"_monsterinsights_sitenote_active":false,"_monsterinsights_sitenote_note":"","_monsterinsights_sitenote_category":0},"product_brand":[],"product_cat":[205,245,326],"product_tag":[],"class_list":{"0":"post-28444","1":"product","2":"type-product","3":"status-publish","4":"has-post-thumbnail","6":"product_cat-materiel","7":"product_cat-pod-kits","8":"product_cat-uwell-pod-kits","11":"first","12":"instock","13":"featured","14":"shipping-taxable","15":"purchasable","16":"product-type-simple"},"aioseo_notices":[],"jetpack_sharing_enabled":true,"_links":{"self":[{"href":"https:\/\/normandie.ma\/index.php?rest_route=\/wp\/v2\/product\/28444","targetHints":{"allow":["GET"]}}],"collection":[{"href":"https:\/\/normandie.ma\/index.php?rest_route=\/wp\/v2\/product"}],"about":[{"href":"https:\/\/normandie.ma\/index.php?rest_route=\/wp\/v2\/types\/product"}],"replies":[{"embeddable":true,"href":"https:\/\/normandie.ma\/index.php?rest_route=%2Fwp%2Fv2%2Fcomments&post=28444"}],"wp:featuredmedia":[{"embeddable":true,"href":"https:\/\/normandie.ma\/index.php?rest_route=\/wp\/v2\/media\/24595"}],"wp:attachment":[{"href":"https:\/\/normandie.ma\/index.php?rest_route=%2Fwp%2Fv2%2Fmedia&parent=28444"}],"wp:term":[{"taxonomy":"product_brand","embeddable":true,"href":"https:\/\/normandie.ma\/index.php?rest_route=%2Fwp%2Fv2%2Fproduct_brand&post=28444"},{"taxonomy":"product_cat","embeddable":true,"href":"https:\/\/normandie.ma\/index.php?rest_route=%2Fwp%2Fv2%2Fproduct_cat&post=28444"},{"taxonomy":"product_tag","embeddable":true,"href":"https:\/\/normandie.ma\/index.php?rest_route=%2Fwp%2Fv2%2Fproduct_tag&post=28444"}],"curies":[{"name":"wp","href":"https:\/\/api.w.org\/{rel}","templated":true}]}}