{"id":28446,"date":"2023-05-06T18:55:12","date_gmt":"2023-05-06T18:55:12","guid":{"rendered":"https:\/\/normandie.ma\/?product=kit-caliburn-a3-uwell-pod"},"modified":"2023-05-06T18:55:12","modified_gmt":"2023-05-06T18:55:12","slug":"kit-caliburn-a3-uwell-pod","status":"publish","type":"product","link":"https:\/\/normandie.ma\/?product=kit-caliburn-a3-uwell-pod","title":{"rendered":"Kit CALIBURN A3 \u2013 Uwell Pod"},"content":{"rendered":"<p>D\u00e9couvrez le kit pod Uwell CALIBURN A3, dot\u00e9 d\u2019une batterie rechargeable de 520mAh, d\u2019une activation \u00e0 double m\u00e9thode, de la technologie d\u2019ar\u00f4me Pro-FOCS et d\u2019une puissance maximale de 15W. Construit \u00e0 partir d\u2019un ch\u00e2ssis durable en alliage d\u2019aluminium, le pod Caliburn A3 offre une sortie directe bas\u00e9e sur le voltage en fonction de la dur\u00e9e de vie de la batterie, jusqu\u2019\u00e0 15W de puissance. Profitez d\u2019une meilleure saveur de vos e-liquides pr\u00e9f\u00e9r\u00e9s gr\u00e2ce \u00e0 la technologie Pro-FOCS int\u00e9gr\u00e9e dans l\u2019appareil. De plus, les pods de remplacement A3 d\u2019une capacit\u00e9 de 2 ml sont dot\u00e9es d\u2019une connexion magn\u00e9tique fix\u00e9e \u00e0 la base de la pod et d\u2019un syst\u00e8me de remplissage par le haut situ\u00e9 sous l\u2019embout buccal amovible pour une meilleure pr\u00e9vention des fuites. Dimensions : 109.8mm x 21.3mm x 11.7mm<br \/>\nMat\u00e9riau du ch\u00e2ssis : Alliage d\u2019aluminium<br \/>\nGamme de puissance : Maximum 15W<br \/>\nCapacit\u00e9 de la batterie : 520mAh<br \/>\nPort de chargement : USB Type-C<br \/>\nSortie : Tension directe<br \/>\nFonctionnement : Bouton de mise \u00e0 feu \/ Activation par tirage au sort<br \/>\nSyst\u00e8me de remplissage : Remplissage par le haut \u2013 embout buccal amovible<br \/>\nMat\u00e9riau: PCTG<br \/>\nCapacit\u00e9 : 2mL<br \/>\nConnexion de la Cosse : Magn\u00e9tique<br \/>\nTechnologie d\u2019ar\u00f4me Pro-FOCS<\/p>\n","protected":false},"excerpt":{"rendered":"<p>1 \u00d7 Appareil Caliburn A3<br \/>\n2 \u00d7 Pods maill\u00e9s rechargeables Caliburn A3 (1.0\u03a9, pr\u00e9-install\u00e9, 1.0\u03a9, de rechange)<br \/>\n1 \u00d7 Manuel de l\u2019utilisateur<\/p>\n","protected":false},"featured_media":24596,"comment_status":"open","ping_status":"closed","template":"","meta":{"om_disable_all_campaigns":false,"_monsterinsights_skip_tracking":false,"_monsterinsights_sitenote_active":false,"_monsterinsights_sitenote_note":"","_monsterinsights_sitenote_category":0},"product_brand":[],"product_cat":[205,245,326],"product_tag":[],"class_list":{"0":"post-28446","1":"product","2":"type-product","3":"status-publish","4":"has-post-thumbnail","6":"product_cat-materiel","7":"product_cat-pod-kits","8":"product_cat-uwell-pod-kits","11":"first","12":"instock","13":"featured","14":"shipping-taxable","15":"purchasable","16":"product-type-simple"},"aioseo_notices":[],"jetpack_sharing_enabled":true,"_links":{"self":[{"href":"https:\/\/normandie.ma\/index.php?rest_route=\/wp\/v2\/product\/28446","targetHints":{"allow":["GET"]}}],"collection":[{"href":"https:\/\/normandie.ma\/index.php?rest_route=\/wp\/v2\/product"}],"about":[{"href":"https:\/\/normandie.ma\/index.php?rest_route=\/wp\/v2\/types\/product"}],"replies":[{"embeddable":true,"href":"https:\/\/normandie.ma\/index.php?rest_route=%2Fwp%2Fv2%2Fcomments&post=28446"}],"wp:featuredmedia":[{"embeddable":true,"href":"https:\/\/normandie.ma\/index.php?rest_route=\/wp\/v2\/media\/24596"}],"wp:attachment":[{"href":"https:\/\/normandie.ma\/index.php?rest_route=%2Fwp%2Fv2%2Fmedia&parent=28446"}],"wp:term":[{"taxonomy":"product_brand","embeddable":true,"href":"https:\/\/normandie.ma\/index.php?rest_route=%2Fwp%2Fv2%2Fproduct_brand&post=28446"},{"taxonomy":"product_cat","embeddable":true,"href":"https:\/\/normandie.ma\/index.php?rest_route=%2Fwp%2Fv2%2Fproduct_cat&post=28446"},{"taxonomy":"product_tag","embeddable":true,"href":"https:\/\/normandie.ma\/index.php?rest_route=%2Fwp%2Fv2%2Fproduct_tag&post=28446"}],"curies":[{"name":"wp","href":"https:\/\/api.w.org\/{rel}","templated":true}]}}