{"id":28447,"date":"2023-05-06T18:55:13","date_gmt":"2023-05-06T18:55:13","guid":{"rendered":"https:\/\/normandie.ma\/?product=kit-sculptor-gold-uwell-pod"},"modified":"2023-05-06T18:55:13","modified_gmt":"2023-05-06T18:55:13","slug":"kit-sculptor-gold-uwell-pod","status":"publish","type":"product","link":"https:\/\/normandie.ma\/?product=kit-sculptor-gold-uwell-pod","title":{"rendered":"Kit SCULPTOR Gold \u2013 Uwell Pod"},"content":{"rendered":"<p>D\u00e9couvrez le tout nouveau Kit Pod Sculptor d\u2019Uwell. Le Kit Pod Sculptor d\u2019Uwell est un kit ultra portable et compact con\u00e7u pour les d\u00e9butants et les vapoteurs exp\u00e9riment\u00e9s. Construit avec un alliage m\u00e9tallique durable et fini avec un design unique en relief avec une lani\u00e8re de cha\u00eene, le Uwell Sculptor est capable de tirer jusqu\u2019\u00e0 11 Watts tout en utilisant une cartouche magn\u00e9tique r\u00e9sistante de 1,2ohm capable de contenir jusqu\u2019\u00e0 1,6ml de votre e-liquide pr\u00e9f\u00e9r\u00e9. Dot\u00e9 d\u2019un syst\u00e8me d\u2019activation automatique du tirage, le Uwell Sculptor est \u00e9quip\u00e9 d\u2019une batterie rechargeable int\u00e9gr\u00e9e de 360 mAh qui peut \u00eatre recharg\u00e9e rapidement gr\u00e2ce au port de charge de type C int\u00e9gr\u00e9 situ\u00e9 \u00e0 la base du kit de vapotage Sculptor.  Mat\u00e9riaux : PCTG, alliage de zinc, PC, POK, cuivre.<br \/>\nDimensions : 32.6*15*77.1mm<br \/>\nCouleurs : Cuivre, bronze, argent, or, gris et noir.<br \/>\nLa coque en m\u00e9tal gaufr\u00e9 incarne la puissance et l\u2019art.<br \/>\nLe placage \u00e9lectrolytique mat apporte un style ancien et une prise en main unique.<br \/>\nCapacit\u00e9 de la batterie : Batterie int\u00e9gr\u00e9e de 370mAh<br \/>\nPuissance de sortie : Maximum 11W<br \/>\nChargement : Chargement de type C<br \/>\nConnexion solide du pod avec des aimants<br \/>\nPod \u00e0 c\u00f4t\u00e9 concave<br \/>\nTechnologie d\u2019ajustement de la saveur PRO-FOCS<br \/>\nRecharge lat\u00e9rale \u00e9conomique<br \/>\nCapacit\u00e9 de l\u2019e-liquide : 1.6ml<br \/>\nSp\u00e9cification du pod : FeCrAI Meshed-H 1.2ohm Sculptor Refillable Pod.<\/p>\n","protected":false},"excerpt":{"rendered":"<p>1*Uwell Sculptor Device<br \/>\n2*Pods rechargeables Meshed-H 1.2ohm Sculptor<br \/>\n1*C\u00e2ble de chargement de type C<br \/>\n1*Manuel d\u2019utilisation<br \/>\n1*Collier<\/p>\n","protected":false},"featured_media":24597,"comment_status":"open","ping_status":"closed","template":"","meta":{"om_disable_all_campaigns":false,"_monsterinsights_skip_tracking":false,"_monsterinsights_sitenote_active":false,"_monsterinsights_sitenote_note":"","_monsterinsights_sitenote_category":0},"product_brand":[],"product_cat":[205,245,326],"product_tag":[],"class_list":{"0":"post-28447","1":"product","2":"type-product","3":"status-publish","4":"has-post-thumbnail","6":"product_cat-materiel","7":"product_cat-pod-kits","8":"product_cat-uwell-pod-kits","11":"first","12":"instock","13":"featured","14":"shipping-taxable","15":"purchasable","16":"product-type-simple"},"aioseo_notices":[],"jetpack_sharing_enabled":true,"_links":{"self":[{"href":"https:\/\/normandie.ma\/index.php?rest_route=\/wp\/v2\/product\/28447","targetHints":{"allow":["GET"]}}],"collection":[{"href":"https:\/\/normandie.ma\/index.php?rest_route=\/wp\/v2\/product"}],"about":[{"href":"https:\/\/normandie.ma\/index.php?rest_route=\/wp\/v2\/types\/product"}],"replies":[{"embeddable":true,"href":"https:\/\/normandie.ma\/index.php?rest_route=%2Fwp%2Fv2%2Fcomments&post=28447"}],"wp:featuredmedia":[{"embeddable":true,"href":"https:\/\/normandie.ma\/index.php?rest_route=\/wp\/v2\/media\/24597"}],"wp:attachment":[{"href":"https:\/\/normandie.ma\/index.php?rest_route=%2Fwp%2Fv2%2Fmedia&parent=28447"}],"wp:term":[{"taxonomy":"product_brand","embeddable":true,"href":"https:\/\/normandie.ma\/index.php?rest_route=%2Fwp%2Fv2%2Fproduct_brand&post=28447"},{"taxonomy":"product_cat","embeddable":true,"href":"https:\/\/normandie.ma\/index.php?rest_route=%2Fwp%2Fv2%2Fproduct_cat&post=28447"},{"taxonomy":"product_tag","embeddable":true,"href":"https:\/\/normandie.ma\/index.php?rest_route=%2Fwp%2Fv2%2Fproduct_tag&post=28447"}],"curies":[{"name":"wp","href":"https:\/\/api.w.org\/{rel}","templated":true}]}}