{"id":28454,"date":"2023-05-06T18:55:16","date_gmt":"2023-05-06T18:55:16","guid":{"rendered":"https:\/\/normandie.ma\/?product=kit-voopoo-drag-q-chestnut"},"modified":"2023-05-06T18:55:16","modified_gmt":"2023-05-06T18:55:16","slug":"kit-voopoo-drag-q-chestnut","status":"publish","type":"product","link":"https:\/\/normandie.ma\/?product=kit-voopoo-drag-q-chestnut","title":{"rendered":"Kit Voopoo Drag Q Chestnut"},"content":{"rendered":"<p>D\u00e9couvrez le Drag Q Pod System de VOOPOO, dot\u00e9 d\u2019une batterie int\u00e9gr\u00e9e de 1250 mAh, d\u2019un pod d\u2019une capacit\u00e9 de 3,5 ml et utilisant des r\u00e9sistances ITO pour produire une d\u00e9licieuse vapeur. Construit \u00e0 partir d\u2019un alliage de zinc durable, le ch\u00e2ssis du Voopoo Drag Q Pod System est mince et portable, id\u00e9al pour le voyageur r\u00e9gulier ou ceux qui sont en d\u00e9placement. Utilisant les r\u00e9sistances de la s\u00e9rie ITO de VOOPOO, le Drag Q Pod System d\u00e9livre de d\u00e9licieux ar\u00f4mes et vapeurs de votre e-liquide ou sel de nicotine pr\u00e9f\u00e9r\u00e9. Pouvant contenir jusqu\u2019\u00e0 3,5 ml dans le pod rechargeable, le Drag Q Pod System peut durer toute la journ\u00e9e, offrant une saveur et une vapeur exceptionnelles \u00e0 tout moment. Taille : 92.5mm x 24mm x 14.14mm<br \/>\nMat\u00e9riau : Cuir, alliage de zinc, silicone<br \/>\nPuissance de sortie : 8W-25W<br \/>\nTension de sortie : 3.2V-4.2V<br \/>\nCapacit\u00e9 de la batterie : 1250mAh<br \/>\nCapacit\u00e9 e-liquide : 3.5ml<br \/>\nR\u00e9sistance : 0.3\u03a9-3\u03a9<\/p>\n","protected":false},"excerpt":{"rendered":"<p>1 x Dispositif Drag Q<br \/>\n1 x Pod ITO-X 3.5mL<br \/>\n1 x ITO-M0 0.5\u03a9 Coil<br \/>\n1 x ITO-M3 1.2\u03a9 Coil<br \/>\n1 x C\u00e2ble Type-C<br \/>\n1 x Manuel de l\u2019utilisateur<\/p>\n","protected":false},"featured_media":24604,"comment_status":"open","ping_status":"closed","template":"","meta":{"om_disable_all_campaigns":false,"_monsterinsights_skip_tracking":false,"_monsterinsights_sitenote_active":false,"_monsterinsights_sitenote_note":"","_monsterinsights_sitenote_category":0},"product_brand":[],"product_cat":[205,245,326],"product_tag":[],"class_list":{"0":"post-28454","1":"product","2":"type-product","3":"status-publish","4":"has-post-thumbnail","6":"product_cat-materiel","7":"product_cat-pod-kits","8":"product_cat-uwell-pod-kits","11":"first","12":"instock","13":"featured","14":"shipping-taxable","15":"purchasable","16":"product-type-simple"},"aioseo_notices":[],"jetpack_sharing_enabled":true,"_links":{"self":[{"href":"https:\/\/normandie.ma\/index.php?rest_route=\/wp\/v2\/product\/28454","targetHints":{"allow":["GET"]}}],"collection":[{"href":"https:\/\/normandie.ma\/index.php?rest_route=\/wp\/v2\/product"}],"about":[{"href":"https:\/\/normandie.ma\/index.php?rest_route=\/wp\/v2\/types\/product"}],"replies":[{"embeddable":true,"href":"https:\/\/normandie.ma\/index.php?rest_route=%2Fwp%2Fv2%2Fcomments&post=28454"}],"wp:featuredmedia":[{"embeddable":true,"href":"https:\/\/normandie.ma\/index.php?rest_route=\/wp\/v2\/media\/24604"}],"wp:attachment":[{"href":"https:\/\/normandie.ma\/index.php?rest_route=%2Fwp%2Fv2%2Fmedia&parent=28454"}],"wp:term":[{"taxonomy":"product_brand","embeddable":true,"href":"https:\/\/normandie.ma\/index.php?rest_route=%2Fwp%2Fv2%2Fproduct_brand&post=28454"},{"taxonomy":"product_cat","embeddable":true,"href":"https:\/\/normandie.ma\/index.php?rest_route=%2Fwp%2Fv2%2Fproduct_cat&post=28454"},{"taxonomy":"product_tag","embeddable":true,"href":"https:\/\/normandie.ma\/index.php?rest_route=%2Fwp%2Fv2%2Fproduct_tag&post=28454"}],"curies":[{"name":"wp","href":"https:\/\/api.w.org\/{rel}","templated":true}]}}