{"id":28466,"date":"2023-05-06T18:55:21","date_gmt":"2023-05-06T18:55:21","guid":{"rendered":"https:\/\/normandie.ma\/?product=kit-one-ss-geekvape"},"modified":"2023-05-06T18:55:21","modified_gmt":"2023-05-06T18:55:21","slug":"kit-one-ss-geekvape","status":"publish","type":"product","link":"https:\/\/normandie.ma\/?product=kit-one-ss-geekvape","title":{"rendered":"Kit ONE SS \u2013 Geekvape"},"content":{"rendered":"<p>Le Kit Geekvape ONE, aliment\u00e9 par 780mah batterie int\u00e9gr\u00e9e avec max 3.7V. 2 jours d\u2019utilisation apr\u00e8s une charge compl\u00e8te ! Une saveur MTL douce avec des voies d\u2019air optimis\u00e9es et des performances de goutte exceptionnelles. Il d\u00e9tient un Pod de remplissage \u00e9tanche et un bouton multi-usage. Le ONE longue dur\u00e9e se pr\u00e9pare. Batterie : 780mAh<br \/>\nCharge : Type-C CC 5 V\/2 A<br \/>\nE-jus Capacit\u00e9 : 2 ml<br \/>\nType de remplissage : remplissage sup\u00e9rieur<br \/>\nMode de sortie : sortie \u00e0 tension constante<br \/>\nTension de sortie : 3,7 V max<br \/>\nCourant de sortie : 5A max<br \/>\nM\u00e9thode d\u2019affichage : 1 LED<br \/>\nR\u00e9sistance de l\u2019atomiseur : 0.8ohm\u00b10.1ohm\/1.2ohm\u00b10.1ohm<br \/>\nVapotage : bouton d\u2019activation\/tirage du tirage<\/p>\n","protected":false},"excerpt":{"rendered":"<p>1 * appareil GeekVape Aegis One<br \/>\n1 * GeekVape One Pod 2 ml (pr\u00e9-install\u00e9 : 0.8ohm, 12W-16W)<br \/>\n1 * GeekVape One Pod 2 ml (rechange : 1.2ohm, 8W-12W)<br \/>\n1 * c\u00e2ble USB de type C<\/p>\n","protected":false},"featured_media":24617,"comment_status":"open","ping_status":"closed","template":"","meta":{"om_disable_all_campaigns":false,"_monsterinsights_skip_tracking":false,"_monsterinsights_sitenote_active":false,"_monsterinsights_sitenote_note":"","_monsterinsights_sitenote_category":0},"product_brand":[],"product_cat":[328,205,245],"product_tag":[],"class_list":{"0":"post-28466","1":"product","2":"type-product","3":"status-publish","4":"has-post-thumbnail","6":"product_cat-geek-vape-pod-kits","7":"product_cat-materiel","8":"product_cat-pod-kits","11":"first","12":"instock","13":"featured","14":"shipping-taxable","15":"purchasable","16":"product-type-simple"},"aioseo_notices":[],"jetpack_sharing_enabled":true,"_links":{"self":[{"href":"https:\/\/normandie.ma\/index.php?rest_route=\/wp\/v2\/product\/28466","targetHints":{"allow":["GET"]}}],"collection":[{"href":"https:\/\/normandie.ma\/index.php?rest_route=\/wp\/v2\/product"}],"about":[{"href":"https:\/\/normandie.ma\/index.php?rest_route=\/wp\/v2\/types\/product"}],"replies":[{"embeddable":true,"href":"https:\/\/normandie.ma\/index.php?rest_route=%2Fwp%2Fv2%2Fcomments&post=28466"}],"wp:featuredmedia":[{"embeddable":true,"href":"https:\/\/normandie.ma\/index.php?rest_route=\/wp\/v2\/media\/24617"}],"wp:attachment":[{"href":"https:\/\/normandie.ma\/index.php?rest_route=%2Fwp%2Fv2%2Fmedia&parent=28466"}],"wp:term":[{"taxonomy":"product_brand","embeddable":true,"href":"https:\/\/normandie.ma\/index.php?rest_route=%2Fwp%2Fv2%2Fproduct_brand&post=28466"},{"taxonomy":"product_cat","embeddable":true,"href":"https:\/\/normandie.ma\/index.php?rest_route=%2Fwp%2Fv2%2Fproduct_cat&post=28466"},{"taxonomy":"product_tag","embeddable":true,"href":"https:\/\/normandie.ma\/index.php?rest_route=%2Fwp%2Fv2%2Fproduct_tag&post=28466"}],"curies":[{"name":"wp","href":"https:\/\/api.w.org\/{rel}","templated":true}]}}