{"id":28473,"date":"2023-05-06T18:55:25","date_gmt":"2023-05-06T18:55:25","guid":{"rendered":"https:\/\/normandie.ma\/?product=kit-ap2-green-camo-geekvape"},"modified":"2023-05-06T18:55:25","modified_gmt":"2023-05-06T18:55:25","slug":"kit-ap2-green-camo-geekvape","status":"publish","type":"product","link":"https:\/\/normandie.ma\/?product=kit-ap2-green-camo-geekvape","title":{"rendered":"Kit AP2 Green Camo \u2013 GeekVape"},"content":{"rendered":"<p>Geekvape AP2 Pod System Kit est un nouveau syst\u00e8me de pod tri-proof le plus petit et le plus robuste. Il dispose d\u2019un bouton multi-usage int\u00e9gr\u00e9 avec des r\u00e9glages de sortie \u00e0 3 niveaux, d\u2019une fonction de verrouillage de s\u00e9curit\u00e9 et d\u2019un indicateur de batterie LED pour indiquer la dur\u00e9e de vie de la batterie. Le kit Geekvape AP2 fonctionne avec une batterie int\u00e9gr\u00e9e de 900 mAh pour prendre en charge un vapotage plus long. La cartouche Geekvape AP2 de 4,5 ml est livr\u00e9e avec un m\u00e9canisme \u00e9tanche exclusif \u00e0 Geekvape et un syst\u00e8me de remplissage lat\u00e9ral. Geekvape AP2 adopte un flux d\u2019air r\u00e9glable innovant : installez le pod dans diff\u00e9rentes directions pour obtenir deux flux d\u2019air diff\u00e9rents pour MTL et RDL. Geekvape AP2 Pod est compatible avec la r\u00e9sistance de la s\u00e9rie Geekvape G pour une saveur douce. Batterie : batterie int\u00e9gr\u00e9e de 900 mAh<br \/>\nPuissance : faible\/moyenne\/\u00e9lev\u00e9e<br \/>\nR\u00e9sistance : 0,4-3 ohm<br \/>\nChargement : Type-C, 5V<br \/>\nAvertissement de basse tension : 3,2 V \u00b1 0,1 V<br \/>\nAlarme de temp\u00e9rature PCBA : >80\u2103<br \/>\nTemps de vapotage le plus long : 10s<br \/>\nTemp\u00e9rature de travail : -10-45\u2103<br \/>\nCourant de veille : \u226415uA<br \/>\nContenance : 4,5 ml<\/p>\n","protected":false},"excerpt":{"rendered":"<p>1 * Kit Pod Geekvape AP2 900mah<br \/>\n1 * c\u00e2ble de type C<br \/>\n1 * outil de r\u00e9sistance<br \/>\n1 * manuel d\u2019utilisation<\/p>\n","protected":false},"featured_media":24620,"comment_status":"open","ping_status":"closed","template":"","meta":{"om_disable_all_campaigns":false,"_monsterinsights_skip_tracking":false,"_monsterinsights_sitenote_active":false,"_monsterinsights_sitenote_note":"","_monsterinsights_sitenote_category":0},"product_brand":[],"product_cat":[328,205,245],"product_tag":[],"class_list":{"0":"post-28473","1":"product","2":"type-product","3":"status-publish","4":"has-post-thumbnail","6":"product_cat-geek-vape-pod-kits","7":"product_cat-materiel","8":"product_cat-pod-kits","11":"first","12":"instock","13":"featured","14":"shipping-taxable","15":"purchasable","16":"product-type-simple"},"aioseo_notices":[],"jetpack_sharing_enabled":true,"_links":{"self":[{"href":"https:\/\/normandie.ma\/index.php?rest_route=\/wp\/v2\/product\/28473","targetHints":{"allow":["GET"]}}],"collection":[{"href":"https:\/\/normandie.ma\/index.php?rest_route=\/wp\/v2\/product"}],"about":[{"href":"https:\/\/normandie.ma\/index.php?rest_route=\/wp\/v2\/types\/product"}],"replies":[{"embeddable":true,"href":"https:\/\/normandie.ma\/index.php?rest_route=%2Fwp%2Fv2%2Fcomments&post=28473"}],"wp:featuredmedia":[{"embeddable":true,"href":"https:\/\/normandie.ma\/index.php?rest_route=\/wp\/v2\/media\/24620"}],"wp:attachment":[{"href":"https:\/\/normandie.ma\/index.php?rest_route=%2Fwp%2Fv2%2Fmedia&parent=28473"}],"wp:term":[{"taxonomy":"product_brand","embeddable":true,"href":"https:\/\/normandie.ma\/index.php?rest_route=%2Fwp%2Fv2%2Fproduct_brand&post=28473"},{"taxonomy":"product_cat","embeddable":true,"href":"https:\/\/normandie.ma\/index.php?rest_route=%2Fwp%2Fv2%2Fproduct_cat&post=28473"},{"taxonomy":"product_tag","embeddable":true,"href":"https:\/\/normandie.ma\/index.php?rest_route=%2Fwp%2Fv2%2Fproduct_tag&post=28473"}],"curies":[{"name":"wp","href":"https:\/\/api.w.org\/{rel}","templated":true}]}}