{"id":28479,"date":"2023-05-06T18:55:28","date_gmt":"2023-05-06T18:55:28","guid":{"rendered":"https:\/\/normandie.ma\/?product=kit-device-red-metal-stlth"},"modified":"2023-05-09T18:19:44","modified_gmt":"2023-05-09T18:19:44","slug":"kit-device-red-metal-stlth","status":"publish","type":"product","link":"https:\/\/normandie.ma\/?product=kit-device-red-metal-stlth","title":{"rendered":"Kit Device Red Metal \u2013 STLTH"},"content":{"rendered":"<p>D\u00e9couvrez une nouvelle fa\u00e7on de fumer sans d\u00e9g\u00e2ts, sans r\u00e9sistances, ni recharges. Simple et satisfaisant, le Kit Stlth est pratique pour un usage quotidien par les fumeurs adultes qui cherchent une alternative fiable aux cigarettes traditionnelles. Le Kit Stlth est con\u00e7u pour un usage quotidien pratique avec une batterie puissante de 420 mAh.<\/p>\n","protected":false},"excerpt":{"rendered":"<p>1 x Dispositif STLTH<br \/>\n1 x C\u00e2ble de recharge<br \/>\n1 x Manuel d\u2019instructions<\/p>\n","protected":false},"featured_media":29194,"comment_status":"open","ping_status":"closed","template":"","meta":{"om_disable_all_campaigns":false,"_monsterinsights_skip_tracking":false,"_monsterinsights_sitenote_active":false,"_monsterinsights_sitenote_note":"","_monsterinsights_sitenote_category":0},"product_brand":[],"product_cat":[205,245,330],"product_tag":[],"class_list":{"0":"post-28479","1":"product","2":"type-product","3":"status-publish","4":"has-post-thumbnail","6":"product_cat-materiel","7":"product_cat-pod-kits","8":"product_cat-stlth-pod-kits","11":"first","12":"instock","13":"featured","14":"shipping-taxable","15":"purchasable","16":"product-type-simple"},"aioseo_notices":[],"jetpack_sharing_enabled":true,"_links":{"self":[{"href":"https:\/\/normandie.ma\/index.php?rest_route=\/wp\/v2\/product\/28479","targetHints":{"allow":["GET"]}}],"collection":[{"href":"https:\/\/normandie.ma\/index.php?rest_route=\/wp\/v2\/product"}],"about":[{"href":"https:\/\/normandie.ma\/index.php?rest_route=\/wp\/v2\/types\/product"}],"replies":[{"embeddable":true,"href":"https:\/\/normandie.ma\/index.php?rest_route=%2Fwp%2Fv2%2Fcomments&post=28479"}],"wp:featuredmedia":[{"embeddable":true,"href":"https:\/\/normandie.ma\/index.php?rest_route=\/wp\/v2\/media\/29194"}],"wp:attachment":[{"href":"https:\/\/normandie.ma\/index.php?rest_route=%2Fwp%2Fv2%2Fmedia&parent=28479"}],"wp:term":[{"taxonomy":"product_brand","embeddable":true,"href":"https:\/\/normandie.ma\/index.php?rest_route=%2Fwp%2Fv2%2Fproduct_brand&post=28479"},{"taxonomy":"product_cat","embeddable":true,"href":"https:\/\/normandie.ma\/index.php?rest_route=%2Fwp%2Fv2%2Fproduct_cat&post=28479"},{"taxonomy":"product_tag","embeddable":true,"href":"https:\/\/normandie.ma\/index.php?rest_route=%2Fwp%2Fv2%2Fproduct_tag&post=28479"}],"curies":[{"name":"wp","href":"https:\/\/api.w.org\/{rel}","templated":true}]}}