{"id":28484,"date":"2023-05-06T18:55:30","date_gmt":"2023-05-06T18:55:30","guid":{"rendered":"https:\/\/normandie.ma\/?product=cartouche-tpp-pod-voopoo"},"modified":"2023-05-06T18:55:30","modified_gmt":"2023-05-06T18:55:30","slug":"cartouche-tpp-pod-voopoo","status":"publish","type":"product","link":"https:\/\/normandie.ma\/?product=cartouche-tpp-pod-voopoo","title":{"rendered":"Cartouche Tpp Pod Voopoo"},"content":{"rendered":"<p>Cartouche de rechange Tpp Voopoo de 5.5ml, compatible avec les kits pod Drag et Argus les plus puissants ainsi que les kits complets \u00e9quip\u00e9s de atomiseurs TPP Tank ou PnP Tank. Mati\u00e8re : plastique PCTG<br \/>\nConnectique : inclus<br \/>\nType de r\u00e9sistance : interchangeable<br \/>\nR\u00e9sistances compatibles : TPP \u2013 Voopoo<br \/>\nTaille Drip Tip : inclus<br \/>\nType : r\u00e9servoir de rechange<br \/>\nContenance : 5.5 ml<br \/>\nInhalation : directe \/ a\u00e9rien<br \/>\nArriv\u00e9e d\u2019air : par le bas<br \/>\nRemplissage : par le bas<br \/>\nOption atomiseur : oui<br \/>\nCompatibilit\u00e9 Kit : Drag X Plus \u2013 Voopoo, V Suit \u2013 Voopoo, Drag X \u2013 Voopoo, Drag Max \u2013 Voopoo, Argus Pro \u2013 Voopoo, Argus X \u2013 Voopoo, Drag S \u2013 Voopoo, Argus GT \u2013 Voopoo, Drag 3 \u2013 Voopoo<br \/>\nCompatibilit\u00e9 atomiseur : PnP Tank \u2013 Voopoo, TPP Tank \u2013 Voopoo<\/p>\n","protected":false},"excerpt":{"rendered":"<p>Cartouche de rechange Tpp Voopoo de 5.5ml, compatible avec les kits pod Drag et Argus les plus puissants ainsi que les kits complets \u00e9quip\u00e9s de atomiseurs TPP Tank ou PnP Tank. Mati\u00e8re : plastique PCTG Connectique : inclus Type de r\u00e9sistance : interchangeable R\u00e9sistances compatibles : TPP \u2013 Voopoo Taille Drip Tip : inclus Type [&hellip;]<\/p>\n","protected":false},"featured_media":24634,"comment_status":"open","ping_status":"closed","template":"","meta":{"om_disable_all_campaigns":false,"_monsterinsights_skip_tracking":false,"_monsterinsights_sitenote_active":false,"_monsterinsights_sitenote_note":"","_monsterinsights_sitenote_category":0},"product_brand":[],"product_cat":[205,245,331],"product_tag":[],"class_list":{"0":"post-28484","1":"product","2":"type-product","3":"status-publish","4":"has-post-thumbnail","6":"product_cat-materiel","7":"product_cat-pod-kits","8":"product_cat-voopoo-pod-kits","11":"first","12":"instock","13":"featured","14":"shipping-taxable","15":"purchasable","16":"product-type-simple"},"aioseo_notices":[],"jetpack_sharing_enabled":true,"_links":{"self":[{"href":"https:\/\/normandie.ma\/index.php?rest_route=\/wp\/v2\/product\/28484","targetHints":{"allow":["GET"]}}],"collection":[{"href":"https:\/\/normandie.ma\/index.php?rest_route=\/wp\/v2\/product"}],"about":[{"href":"https:\/\/normandie.ma\/index.php?rest_route=\/wp\/v2\/types\/product"}],"replies":[{"embeddable":true,"href":"https:\/\/normandie.ma\/index.php?rest_route=%2Fwp%2Fv2%2Fcomments&post=28484"}],"wp:featuredmedia":[{"embeddable":true,"href":"https:\/\/normandie.ma\/index.php?rest_route=\/wp\/v2\/media\/24634"}],"wp:attachment":[{"href":"https:\/\/normandie.ma\/index.php?rest_route=%2Fwp%2Fv2%2Fmedia&parent=28484"}],"wp:term":[{"taxonomy":"product_brand","embeddable":true,"href":"https:\/\/normandie.ma\/index.php?rest_route=%2Fwp%2Fv2%2Fproduct_brand&post=28484"},{"taxonomy":"product_cat","embeddable":true,"href":"https:\/\/normandie.ma\/index.php?rest_route=%2Fwp%2Fv2%2Fproduct_cat&post=28484"},{"taxonomy":"product_tag","embeddable":true,"href":"https:\/\/normandie.ma\/index.php?rest_route=%2Fwp%2Fv2%2Fproduct_tag&post=28484"}],"curies":[{"name":"wp","href":"https:\/\/api.w.org\/{rel}","templated":true}]}}