{"id":28485,"date":"2023-05-06T18:55:30","date_gmt":"2023-05-06T18:55:30","guid":{"rendered":"https:\/\/normandie.ma\/?product=kit-vinci-q-ccrystal-buee-voopoo"},"modified":"2025-03-29T17:31:15","modified_gmt":"2025-03-29T17:31:15","slug":"kit-vinci-q-ccrystal-buee-voopoo","status":"publish","type":"product","link":"https:\/\/normandie.ma\/?product=kit-vinci-q-ccrystal-buee-voopoo","title":{"rendered":"Kit Vinci Q CCrystal Buee \u2013 Voopoo"},"content":{"rendered":"<p>Le kit Voopoo Vinci Q Pod a h\u00e9rit\u00e9 de la technologie d\u2019atomisation ITO unique de Voopoo pour apporter la saveur la plus pure. Il est coul\u00e9 par le moule d\u2019injection textur\u00e9 bicolore. Le kit Vinci Q Pod est aliment\u00e9 par une batterie int\u00e9gr\u00e9e de 900 mAh avec charge de type C. Il est livr\u00e9 avec une puissance adaptative de 11 \u00e0 15 W, qui peut correspondre intelligemment \u00e0 la meilleure puissance \u00e0 une cartouche de 0,8 ohm ou 1,2 ohm. B\u00e9n\u00e9ficiez de la puce GENE et des voies respiratoires lisses, il dispose de modes de vapotage double bouton\/automatique et d\u2019un allumage plus rapide pour vous offrir une meilleure exp\u00e9rience de vapotage. Il a \u00e9galement une capacit\u00e9 de 2 ml de jus \u00e9lectronique et un syst\u00e8me de remplissage facile par le haut. De plus, le kit de pod Vinci Q est compatible avec la cartouche de pod Voopoo Vinci , la cartouche de pod Vinci Royal Edition et la cartouche de pod Drag Nano 2. Mat\u00e9riau : mat\u00e9riaux PC et ABS<br \/>\nCapacit\u00e9 de la batterie : batterie int\u00e9gr\u00e9e de 900 mAh<br \/>\nModes : modes de double vapotage bouton\/automatique<br \/>\nType de charge : charge de type C<br \/>\nPuissance de sortie : 15 W<br \/>\nTension d\u2019entr\u00e9e : 3,2 \u00e0 4,2 V<br \/>\nR\u00e9sistance : 0.3-3.0\u03a9<br \/>\nCapacit\u00e9 : 2 ml<br \/>\nType de remplissage : remplissage sup\u00e9rieur<br \/>\nConvient pour : VINCI Pod Cartridge Mesh 0.8\/1.2\u03a9 (MTL), VINCI Pod Cartridge Royal Edition\/Drag Nano 2 Pod Cartridge<\/p>\n","protected":false},"excerpt":{"rendered":"<p>Le kit Voopoo Vinci Q Pod a h\u00e9rit\u00e9 de la technologie d\u2019atomisation ITO unique de Voopoo pour apporter la saveur la plus pure. Il est coul\u00e9 par le moule d\u2019injection textur\u00e9 bicolore. Le kit Vinci Q Pod est aliment\u00e9 par une batterie int\u00e9gr\u00e9e de 900 mAh avec charge de type C. Il est livr\u00e9 avec [&hellip;]<\/p>\n","protected":false},"featured_media":24638,"comment_status":"open","ping_status":"closed","template":"","meta":{"om_disable_all_campaigns":false,"_monsterinsights_skip_tracking":false,"_monsterinsights_sitenote_active":false,"_monsterinsights_sitenote_note":"","_monsterinsights_sitenote_category":0},"product_brand":[],"product_cat":[205,245,331],"product_tag":[],"class_list":{"0":"post-28485","1":"product","2":"type-product","3":"status-publish","4":"has-post-thumbnail","6":"product_cat-materiel","7":"product_cat-pod-kits","8":"product_cat-voopoo-pod-kits","11":"first","12":"instock","13":"featured","14":"shipping-taxable","15":"purchasable","16":"product-type-simple"},"aioseo_notices":[],"jetpack_sharing_enabled":true,"_links":{"self":[{"href":"https:\/\/normandie.ma\/index.php?rest_route=\/wp\/v2\/product\/28485","targetHints":{"allow":["GET"]}}],"collection":[{"href":"https:\/\/normandie.ma\/index.php?rest_route=\/wp\/v2\/product"}],"about":[{"href":"https:\/\/normandie.ma\/index.php?rest_route=\/wp\/v2\/types\/product"}],"replies":[{"embeddable":true,"href":"https:\/\/normandie.ma\/index.php?rest_route=%2Fwp%2Fv2%2Fcomments&post=28485"}],"wp:featuredmedia":[{"embeddable":true,"href":"https:\/\/normandie.ma\/index.php?rest_route=\/wp\/v2\/media\/24638"}],"wp:attachment":[{"href":"https:\/\/normandie.ma\/index.php?rest_route=%2Fwp%2Fv2%2Fmedia&parent=28485"}],"wp:term":[{"taxonomy":"product_brand","embeddable":true,"href":"https:\/\/normandie.ma\/index.php?rest_route=%2Fwp%2Fv2%2Fproduct_brand&post=28485"},{"taxonomy":"product_cat","embeddable":true,"href":"https:\/\/normandie.ma\/index.php?rest_route=%2Fwp%2Fv2%2Fproduct_cat&post=28485"},{"taxonomy":"product_tag","embeddable":true,"href":"https:\/\/normandie.ma\/index.php?rest_route=%2Fwp%2Fv2%2Fproduct_tag&post=28485"}],"curies":[{"name":"wp","href":"https:\/\/api.w.org\/{rel}","templated":true}]}}