{"id":28489,"date":"2023-05-06T18:55:32","date_gmt":"2023-05-06T18:55:32","guid":{"rendered":"https:\/\/normandie.ma\/?product=kit-voopoo-argus-z-white"},"modified":"2023-05-06T18:55:32","modified_gmt":"2023-05-06T18:55:32","slug":"kit-voopoo-argus-z-white","status":"publish","type":"product","link":"https:\/\/normandie.ma\/?product=kit-voopoo-argus-z-white","title":{"rendered":"Kit Voopoo Argus Z White"},"content":{"rendered":"<p>D\u00e9couvrez le kit Pod VOOPOO Argus Z 17W, offrant une batterie de 900mAh, une puissance maximale de 17W, et compatible avec tous les Pods de remplacement Argus Z. Construit en alliage d\u2019aluminium durable, le ch\u00e2ssis du VOOPOO Argus Z offre un format petit et portable, permettant \u00e0 l\u2019Argus Z de se glisser facilement dans la poche, le sac \u00e0 main ou le sac \u00e0 dos. L\u2019Argus Z de Voopoo est parfait pour ceux qui sont constamment en d\u00e9placement ou en voyage. Associ\u00e9 nativement \u00e0 la cartouche Argus POD de 0,7 ohm, l\u2019Argus Z peut \u00e9galement \u00eatre associ\u00e9 \u00e0 n\u2019importe quelle autre cartouche Argus POD pour d\u00e9livrer une saveur d\u00e9licieuse. Dimensions : 91mm par 27.5mm par 14.8mm<br \/>\nCapacit\u00e9 de la batterie : Batterie 900mAh int\u00e9gr\u00e9e<br \/>\nPuissance de sortie max : 17W<br \/>\nPlage de tension : 3.2-3.5V<br \/>\nPlage de r\u00e9sistance : 0.5-3.0ohm<br \/>\nMat\u00e9riau du ch\u00e2ssis : Alliage d\u2019aluminium<br \/>\nChargement : C\u00e2ble Type-C<br \/>\nFonctionnement : M\u00e9canisme de mise \u00e0 feu activ\u00e9 par le tirage<br \/>\nS\u00e9rie de pods : Argus Z Pod Series<br \/>\nSyst\u00e8me de remplissage : Syst\u00e8me de remplissage lat\u00e9ral \u2013 bouchon en silicone<br \/>\nMat\u00e9riau de la Pod : PCTG<br \/>\nCapacit\u00e9 de la Pod : 2mL<br \/>\nConnexion de la dosette : Magn\u00e9tique<br \/>\nProtection contre les heures suppl\u00e9mentaires<br \/>\nProtection contre les courts-circuits<br \/>\nProtection contre la surcharge<br \/>\nProtection contre les piles faibles \u2013 Compatible : Toutes les cartouches Argus POD<\/p>\n","protected":false},"excerpt":{"rendered":"<p>1 x appareil Argus Z<br \/>\n1 x cartouche Argus POD 0,7ohm<br \/>\n1 x C\u00e2ble Type-C<br \/>\n1 x Manuel de l\u2019utilisateur<\/p>\n","protected":false},"featured_media":24639,"comment_status":"open","ping_status":"closed","template":"","meta":{"om_disable_all_campaigns":false,"_monsterinsights_skip_tracking":false,"_monsterinsights_sitenote_active":false,"_monsterinsights_sitenote_note":"","_monsterinsights_sitenote_category":0},"product_brand":[],"product_cat":[205,245,331],"product_tag":[],"class_list":{"0":"post-28489","1":"product","2":"type-product","3":"status-publish","4":"has-post-thumbnail","6":"product_cat-materiel","7":"product_cat-pod-kits","8":"product_cat-voopoo-pod-kits","11":"first","12":"instock","13":"featured","14":"shipping-taxable","15":"purchasable","16":"product-type-simple"},"aioseo_notices":[],"jetpack_sharing_enabled":true,"_links":{"self":[{"href":"https:\/\/normandie.ma\/index.php?rest_route=\/wp\/v2\/product\/28489","targetHints":{"allow":["GET"]}}],"collection":[{"href":"https:\/\/normandie.ma\/index.php?rest_route=\/wp\/v2\/product"}],"about":[{"href":"https:\/\/normandie.ma\/index.php?rest_route=\/wp\/v2\/types\/product"}],"replies":[{"embeddable":true,"href":"https:\/\/normandie.ma\/index.php?rest_route=%2Fwp%2Fv2%2Fcomments&post=28489"}],"wp:featuredmedia":[{"embeddable":true,"href":"https:\/\/normandie.ma\/index.php?rest_route=\/wp\/v2\/media\/24639"}],"wp:attachment":[{"href":"https:\/\/normandie.ma\/index.php?rest_route=%2Fwp%2Fv2%2Fmedia&parent=28489"}],"wp:term":[{"taxonomy":"product_brand","embeddable":true,"href":"https:\/\/normandie.ma\/index.php?rest_route=%2Fwp%2Fv2%2Fproduct_brand&post=28489"},{"taxonomy":"product_cat","embeddable":true,"href":"https:\/\/normandie.ma\/index.php?rest_route=%2Fwp%2Fv2%2Fproduct_cat&post=28489"},{"taxonomy":"product_tag","embeddable":true,"href":"https:\/\/normandie.ma\/index.php?rest_route=%2Fwp%2Fv2%2Fproduct_tag&post=28489"}],"curies":[{"name":"wp","href":"https:\/\/api.w.org\/{rel}","templated":true}]}}