{"id":28498,"date":"2023-05-06T18:55:36","date_gmt":"2023-05-06T18:55:36","guid":{"rendered":"https:\/\/normandie.ma\/?product=kit-voopoo-vmate-infinity-edition-dark-grey"},"modified":"2023-05-06T18:55:36","modified_gmt":"2023-05-06T18:55:36","slug":"kit-voopoo-vmate-infinity-edition-dark-grey","status":"publish","type":"product","link":"https:\/\/normandie.ma\/?product=kit-voopoo-vmate-infinity-edition-dark-grey","title":{"rendered":"Kit Voopoo \u2013 VMATE Infinity Edition Dark Grey"},"content":{"rendered":"<p>Le kit VOOPOO VMATE Infinity conserve une technologie ITP am\u00e9lior\u00e9e, un embout buccal antibact\u00e9rien, une conception anti-fuite \u00e0 double trou. Il est aliment\u00e9 par une batterie int\u00e9gr\u00e9e de 900 mAh avec 17 W max et une charge rapide de type C. Il est \u00e9quip\u00e9 du pod Vmate V2 avec une bobine int\u00e9gr\u00e9e de 0,7 \u03a9 et une capacit\u00e9 de 3 ml dans l\u2019emballage et convient au VOOPOO V.THRU Pro Pod. Mat\u00e9riau : alliage d\u2019aluminium + PCTG et ions d\u2019argent<br \/>\nCapacit\u00e9 de la batterie : batterie int\u00e9gr\u00e9e de 900 mAh<br \/>\nPuissance de sortie : \u226417W<br \/>\nTension de sortie : 3,2-4,2 V<br \/>\nR\u00e9sistance : 0,7-3 \u03a9<br \/>\nContenance : 3 ml<br \/>\nE-liquide recommand\u00e9 : Nicotine\u226450mg<br \/>\nConvient pour : cartouche VOOPOO Vmate V2\/V.THRU Pro Pod<\/p>\n","protected":false},"excerpt":{"rendered":"<p>1 * Appareil VOOPOO Vmate Infinity<br \/>\n1 * Cartouche VOOPOO Vmate V2 0.7\u03a9 (2ml)<br \/>\n1 * c\u00e2ble de type C<br \/>\n1 * manuel d\u2019utilisation<\/p>\n","protected":false},"featured_media":24640,"comment_status":"open","ping_status":"closed","template":"","meta":{"om_disable_all_campaigns":false,"_monsterinsights_skip_tracking":false,"_monsterinsights_sitenote_active":false,"_monsterinsights_sitenote_note":"","_monsterinsights_sitenote_category":0},"product_brand":[],"product_cat":[205,245,331],"product_tag":[],"class_list":{"0":"post-28498","1":"product","2":"type-product","3":"status-publish","4":"has-post-thumbnail","6":"product_cat-materiel","7":"product_cat-pod-kits","8":"product_cat-voopoo-pod-kits","11":"first","12":"instock","13":"featured","14":"shipping-taxable","15":"purchasable","16":"product-type-simple"},"aioseo_notices":[],"jetpack_sharing_enabled":true,"_links":{"self":[{"href":"https:\/\/normandie.ma\/index.php?rest_route=\/wp\/v2\/product\/28498","targetHints":{"allow":["GET"]}}],"collection":[{"href":"https:\/\/normandie.ma\/index.php?rest_route=\/wp\/v2\/product"}],"about":[{"href":"https:\/\/normandie.ma\/index.php?rest_route=\/wp\/v2\/types\/product"}],"replies":[{"embeddable":true,"href":"https:\/\/normandie.ma\/index.php?rest_route=%2Fwp%2Fv2%2Fcomments&post=28498"}],"wp:featuredmedia":[{"embeddable":true,"href":"https:\/\/normandie.ma\/index.php?rest_route=\/wp\/v2\/media\/24640"}],"wp:attachment":[{"href":"https:\/\/normandie.ma\/index.php?rest_route=%2Fwp%2Fv2%2Fmedia&parent=28498"}],"wp:term":[{"taxonomy":"product_brand","embeddable":true,"href":"https:\/\/normandie.ma\/index.php?rest_route=%2Fwp%2Fv2%2Fproduct_brand&post=28498"},{"taxonomy":"product_cat","embeddable":true,"href":"https:\/\/normandie.ma\/index.php?rest_route=%2Fwp%2Fv2%2Fproduct_cat&post=28498"},{"taxonomy":"product_tag","embeddable":true,"href":"https:\/\/normandie.ma\/index.php?rest_route=%2Fwp%2Fv2%2Fproduct_tag&post=28498"}],"curies":[{"name":"wp","href":"https:\/\/api.w.org\/{rel}","templated":true}]}}