{"id":28502,"date":"2023-05-06T18:55:40","date_gmt":"2023-05-06T18:55:40","guid":{"rendered":"https:\/\/normandie.ma\/?product=kit-voopoo-vinci-pod-se-coffe-brown"},"modified":"2023-05-06T18:55:40","modified_gmt":"2023-05-06T18:55:40","slug":"kit-voopoo-vinci-pod-se-coffe-brown","status":"publish","type":"product","link":"https:\/\/normandie.ma\/?product=kit-voopoo-vinci-pod-se-coffe-brown","title":{"rendered":"Kit Voopoo \u2013 VINCI POD SE Coffe Brown"},"content":{"rendered":"<p>Le VOOPOO Vinci Pod SE est un nouveau membre de la famille Vinci, qui fait preuve d\u2019un minimalisme moderne. La lumi\u00e8re LED sp\u00e9culaire s\u2019allume et s\u2019\u00e9teint \u00e0 chaque bouff\u00e9e tout en indiquant la capacit\u00e9 de la batterie en temps r\u00e9el. Fabriqu\u00e9 en alliage d\u2019aluminium de qualit\u00e9 a\u00e9ronautique, le VOOPOO Vinci Pod SE est \u00e0 la fois durable et r\u00e9sistant. Le VOOPOO Vinci Pod SE est aliment\u00e9 par une batterie int\u00e9gr\u00e9e de 900mAh avec chargeur Type-C. Equip\u00e9 de la puce intelligente GENE, le VOOPOO Vinci Pod SE s\u2019allume par tirage automatique. La cartouche Vinci Pod SE est enti\u00e8rement compatible avec les Vinci Pod, Vinci Q, Vinci Pod Royal Edition et Drag Nano 2. Avec un taux d\u2019antibact\u00e9rien de 99%, l\u2019embout en argent ionis\u00e9 vous offre une exp\u00e9rience de vapotage rassurante.L\u2019entr\u00e9e d\u2019air \u00e0 4 trous capte suffisamment de flux d\u2019air de chaque direction en \u00e9quilibre et assure un go\u00fbt doux.La vapeur en bouche vous permet de profiter d\u2019un go\u00fbt ultra-dense et original.En apportant le go\u00fbt vif de l\u2019e-liquide, la cartouche am\u00e9lior\u00e9e augmente une vapeur savoureuse immersive.La r\u00e9sistance \u00e0 longue dur\u00e9e de vie vient \u00e9galement avec une fra\u00eecheur de longue dur\u00e9e. Taille : 24mm x 14.14mm x 93mm<br \/>\nMat\u00e9riel : Alliage d\u2019aluminium, PCTG<br \/>\nPuissance de sortie : 11W-15W<br \/>\nTension d\u2019entr\u00e9e : 3.2V-4.2V<br \/>\nGamme de r\u00e9sistance : 0.3\u03a9-3.0\u03a9<br \/>\nCapacit\u00e9 de la batterie : 900mAh interne<br \/>\nCapacit\u00e9 de l\u2019e-liquide : 2mL<br \/>\nR\u00e9sistance de la cartouche : 0.8\u03a9<\/p>\n","protected":false},"excerpt":{"rendered":"<p>1 x Dispositif Vinci Pod SE<br \/>\n1 x Cartouche Vinci Series V2 0.8\u03a9 (remplissage par le haut)<br \/>\n1 x C\u00e2ble Type-C<br \/>\n1 x Manuel d\u2019utilisation<\/p>\n","protected":false},"featured_media":24643,"comment_status":"open","ping_status":"closed","template":"","meta":{"om_disable_all_campaigns":false,"_monsterinsights_skip_tracking":false,"_monsterinsights_sitenote_active":false,"_monsterinsights_sitenote_note":"","_monsterinsights_sitenote_category":0},"product_brand":[],"product_cat":[205,214,255],"product_tag":[],"class_list":{"0":"post-28502","1":"product","2":"type-product","3":"status-publish","4":"has-post-thumbnail","6":"product_cat-materiel","7":"product_cat-pod-kit","8":"product_cat-voopoo-pod-kit","11":"first","12":"instock","13":"featured","14":"shipping-taxable","15":"purchasable","16":"product-type-simple"},"aioseo_notices":[],"jetpack_sharing_enabled":true,"_links":{"self":[{"href":"https:\/\/normandie.ma\/index.php?rest_route=\/wp\/v2\/product\/28502","targetHints":{"allow":["GET"]}}],"collection":[{"href":"https:\/\/normandie.ma\/index.php?rest_route=\/wp\/v2\/product"}],"about":[{"href":"https:\/\/normandie.ma\/index.php?rest_route=\/wp\/v2\/types\/product"}],"replies":[{"embeddable":true,"href":"https:\/\/normandie.ma\/index.php?rest_route=%2Fwp%2Fv2%2Fcomments&post=28502"}],"wp:featuredmedia":[{"embeddable":true,"href":"https:\/\/normandie.ma\/index.php?rest_route=\/wp\/v2\/media\/24643"}],"wp:attachment":[{"href":"https:\/\/normandie.ma\/index.php?rest_route=%2Fwp%2Fv2%2Fmedia&parent=28502"}],"wp:term":[{"taxonomy":"product_brand","embeddable":true,"href":"https:\/\/normandie.ma\/index.php?rest_route=%2Fwp%2Fv2%2Fproduct_brand&post=28502"},{"taxonomy":"product_cat","embeddable":true,"href":"https:\/\/normandie.ma\/index.php?rest_route=%2Fwp%2Fv2%2Fproduct_cat&post=28502"},{"taxonomy":"product_tag","embeddable":true,"href":"https:\/\/normandie.ma\/index.php?rest_route=%2Fwp%2Fv2%2Fproduct_tag&post=28502"}],"curies":[{"name":"wp","href":"https:\/\/api.w.org\/{rel}","templated":true}]}}