{"id":28509,"date":"2023-05-06T18:55:43","date_gmt":"2023-05-06T18:55:43","guid":{"rendered":"https:\/\/normandie.ma\/?product=kit-voopoo-argus-pod-world-cup-edition"},"modified":"2023-05-15T21:29:00","modified_gmt":"2023-05-15T21:29:00","slug":"kit-voopoo-argus-pod-world-cup-edition","status":"publish","type":"product","link":"https:\/\/normandie.ma\/?product=kit-voopoo-argus-pod-world-cup-edition","title":{"rendered":"Kit Voopoo \u2013 Argus Pod World Cup Edition"},"content":{"rendered":"<p>Tout le savoir-faire de Voopoo se retrouve dans ce kit Argus, un pod dont les caract\u00e9ristiques sont \u00e0 m\u00eame de satisfaire de nombreux vapoteurs. En effet, cette cigarette \u00e9lectronique est \u00e9quip\u00e9e du chipset Gene.Ai 1.2 et d\u2019une batterie int\u00e9gr\u00e9e de 800 mAh. Elle est \u00e9galement capable de d\u00e9livrer une puissance maximale de 20W lorsque sa cartouche offre une capacit\u00e9 de 2ml. Enfin, il est \u00e9quip\u00e9 d\u2019un \u00e9cran OLED de 0,69\u2033 et d\u2019un airflow r\u00e9glable avec 4 perforations. Le Tirage MTL et la qualit\u00e9 des saveurs sont garantis. Mat\u00e9riaux : Alliage de zinc, PCTG, Cuir, PC<br \/>\nType de batteries : Int\u00e9gr\u00e9e<br \/>\nAutonomie : 800 mAh<br \/>\nMicro USB : Chargement uniquement<br \/>\nPuissance maximum : 20W<br \/>\nTirage : MTL (Serr\u00e9)<br \/>\nAirflow r\u00e9glable : Oui<br \/>\nContenance (ml) : 2 ml<br \/>\nRemplissage : Par le bas<br \/>\nProtections \u00e9lectroniques : Oui<br \/>\nR\u00e9sistances : de 0.5 \u00e0 1 ohm, plus de 1 ohm<\/p>\n","protected":false},"excerpt":{"rendered":"<p>1x box Argus Pod<br \/>\n1x cartouche Argus Pod \u00e9quip\u00e9e d\u2019une r\u00e9sistance de 0,7 ohm<br \/>\n1x cartouche Argus Pod \u00e9quip\u00e9e d\u2019une r\u00e9sistance de 1,2 ohm<br \/>\n1x c\u00e2ble USB de type-C<br \/>\n1x manuel d\u2019utilisation<\/p>\n","protected":false},"featured_media":24647,"comment_status":"open","ping_status":"closed","template":"","meta":{"om_disable_all_campaigns":false,"_monsterinsights_skip_tracking":false,"_monsterinsights_sitenote_active":false,"_monsterinsights_sitenote_note":"","_monsterinsights_sitenote_category":0},"product_brand":[],"product_cat":[205,214,255],"product_tag":[],"class_list":{"0":"post-28509","1":"product","2":"type-product","3":"status-publish","4":"has-post-thumbnail","6":"product_cat-materiel","7":"product_cat-pod-kit","8":"product_cat-voopoo-pod-kit","11":"first","12":"instock","13":"featured","14":"shipping-taxable","15":"purchasable","16":"product-type-variable"},"aioseo_notices":[],"jetpack_sharing_enabled":true,"_links":{"self":[{"href":"https:\/\/normandie.ma\/index.php?rest_route=\/wp\/v2\/product\/28509","targetHints":{"allow":["GET"]}}],"collection":[{"href":"https:\/\/normandie.ma\/index.php?rest_route=\/wp\/v2\/product"}],"about":[{"href":"https:\/\/normandie.ma\/index.php?rest_route=\/wp\/v2\/types\/product"}],"replies":[{"embeddable":true,"href":"https:\/\/normandie.ma\/index.php?rest_route=%2Fwp%2Fv2%2Fcomments&post=28509"}],"wp:featuredmedia":[{"embeddable":true,"href":"https:\/\/normandie.ma\/index.php?rest_route=\/wp\/v2\/media\/24647"}],"wp:attachment":[{"href":"https:\/\/normandie.ma\/index.php?rest_route=%2Fwp%2Fv2%2Fmedia&parent=28509"}],"wp:term":[{"taxonomy":"product_brand","embeddable":true,"href":"https:\/\/normandie.ma\/index.php?rest_route=%2Fwp%2Fv2%2Fproduct_brand&post=28509"},{"taxonomy":"product_cat","embeddable":true,"href":"https:\/\/normandie.ma\/index.php?rest_route=%2Fwp%2Fv2%2Fproduct_cat&post=28509"},{"taxonomy":"product_tag","embeddable":true,"href":"https:\/\/normandie.ma\/index.php?rest_route=%2Fwp%2Fv2%2Fproduct_tag&post=28509"}],"curies":[{"name":"wp","href":"https:\/\/api.w.org\/{rel}","templated":true}]}}