{"id":28510,"date":"2023-05-06T18:55:43","date_gmt":"2023-05-06T18:55:43","guid":{"rendered":"https:\/\/normandie.ma\/?product=kit-vinci-pod-royal-edition-voopoo"},"modified":"2023-05-06T18:55:43","modified_gmt":"2023-05-06T18:55:43","slug":"kit-vinci-pod-royal-edition-voopoo","status":"publish","type":"product","link":"https:\/\/normandie.ma\/?product=kit-vinci-pod-royal-edition-voopoo","title":{"rendered":"kit Vinci Pod (Royal Edition) \u2013 Voopoo"},"content":{"rendered":"<p>Le kit Voopoo Vinci Pod Royal Edition est fabriqu\u00e9 \u00e0 partir d\u2019un alliage d\u2019aluminium de qualit\u00e9 a\u00e9ronautique et recouvert d\u2019un panneau imprim\u00e9 d\u2019\u00e9dition royale \u00e9labor\u00e9 et luxueux, brillamment construit, cet appareil est un jeu de puces g\u00e9n\u00e9tique exceptionnel. Vinci Pod Kit Royal Edition dispose d\u2019une batterie int\u00e9gr\u00e9e de 800 mAh avec une plage de puissance de 11 \u00e0 15 W. \u00c9quip\u00e9 d\u2019une cartouche visible \u00e0 remplissage par le haut d\u2019une capacit\u00e9 de 2 ml, il est pratique pour vous de la remplir. La fonction am\u00e9lior\u00e9e de r\u00e9sistance aux fuites est appliqu\u00e9e au Vinci Pod Kit Royal Edition. Il y a deux pods dans l\u2019emballage : un pod maill\u00e9 de 0,8 ohm et un pod maill\u00e9 de 1,2 ohm. De plus, Vinci Pod Kit Royal Edition est compatible avec la cartouche de Vinci Q, Drag Nano 2 et Vinci Pod. Capacit\u00e9 : 2 ml<br \/>\nMat\u00e9riau de la capsule : PCTG<br \/>\nR\u00e9sistance : 0.8ohm, 1.2ohm<br \/>\nE-liquide recommand\u00e9 : Nicotine\u226450mg<br \/>\nMat\u00e9riau de l\u2019appareil : alliage de zinc + alliage d\u2019aluminium<br \/>\nPuissance de sortie : 11-15 W<br \/>\nTension d\u2019entr\u00e9e : 3,2 V-4,2 V<br \/>\nR\u00e9sistance de l\u2019appareil : 0.6ohm-3.0ohm<br \/>\nCapacit\u00e9 de la batterie : 800 mAh int\u00e9gr\u00e9<\/p>\n","protected":false},"excerpt":{"rendered":"<p>1 * appareil VINCI Pod \u00e9dition royale<br \/>\n1 * cartouche VINCI Pod 1.2ohm (remplissage par le haut)<br \/>\n1 * cartouche VINCI Pod 0.8ohm (remplissage par le haut)<br \/>\n1 * c\u00e2ble de type C<br \/>\n1 * manuel d\u2019utilisation<\/p>\n","protected":false},"featured_media":24648,"comment_status":"open","ping_status":"closed","template":"","meta":{"om_disable_all_campaigns":false,"_monsterinsights_skip_tracking":false,"_monsterinsights_sitenote_active":false,"_monsterinsights_sitenote_note":"","_monsterinsights_sitenote_category":0},"product_brand":[],"product_cat":[205,214,255],"product_tag":[],"class_list":{"0":"post-28510","1":"product","2":"type-product","3":"status-publish","4":"has-post-thumbnail","6":"product_cat-materiel","7":"product_cat-pod-kit","8":"product_cat-voopoo-pod-kit","11":"first","12":"instock","13":"featured","14":"shipping-taxable","15":"purchasable","16":"product-type-simple"},"aioseo_notices":[],"jetpack_sharing_enabled":true,"_links":{"self":[{"href":"https:\/\/normandie.ma\/index.php?rest_route=\/wp\/v2\/product\/28510","targetHints":{"allow":["GET"]}}],"collection":[{"href":"https:\/\/normandie.ma\/index.php?rest_route=\/wp\/v2\/product"}],"about":[{"href":"https:\/\/normandie.ma\/index.php?rest_route=\/wp\/v2\/types\/product"}],"replies":[{"embeddable":true,"href":"https:\/\/normandie.ma\/index.php?rest_route=%2Fwp%2Fv2%2Fcomments&post=28510"}],"wp:featuredmedia":[{"embeddable":true,"href":"https:\/\/normandie.ma\/index.php?rest_route=\/wp\/v2\/media\/24648"}],"wp:attachment":[{"href":"https:\/\/normandie.ma\/index.php?rest_route=%2Fwp%2Fv2%2Fmedia&parent=28510"}],"wp:term":[{"taxonomy":"product_brand","embeddable":true,"href":"https:\/\/normandie.ma\/index.php?rest_route=%2Fwp%2Fv2%2Fproduct_brand&post=28510"},{"taxonomy":"product_cat","embeddable":true,"href":"https:\/\/normandie.ma\/index.php?rest_route=%2Fwp%2Fv2%2Fproduct_cat&post=28510"},{"taxonomy":"product_tag","embeddable":true,"href":"https:\/\/normandie.ma\/index.php?rest_route=%2Fwp%2Fv2%2Fproduct_tag&post=28510"}],"curies":[{"name":"wp","href":"https:\/\/api.w.org\/{rel}","templated":true}]}}