{"id":28513,"date":"2023-05-06T18:55:45","date_gmt":"2023-05-06T18:55:45","guid":{"rendered":"https:\/\/normandie.ma\/?product=kit-voopoo-vmate-e"},"modified":"2023-05-15T21:28:35","modified_gmt":"2023-05-15T21:28:35","slug":"kit-voopoo-vmate-e","status":"publish","type":"product","link":"https:\/\/normandie.ma\/?product=kit-voopoo-vmate-e","title":{"rendered":"Kit Voopoo \u2013 VMATE E"},"content":{"rendered":"<p>Voopoo innove et agrandit sa gamme V avec le nouveau kit Vmate E. Ce nouveau pod de 99,5 x 30,5 x 17mm est un pur bijou de design avec notamment sa garde en cuir et son alliage en zinc imitation or. Avec une autonomie de 1200mAh, le Vmate se montre pratique en plus d\u2019\u00eatre un beau produit. La cartouche d\u2019une contenance de 3ml est compos\u00e9e d\u2019une r\u00e9sistance Vmate V2 sp\u00e9cialis\u00e9e dans un tirage MTL de grande qualit\u00e9. Ce kit Vmate comprend un capuchon multi fonction qui prot\u00e8ge de la poussi\u00e8re, de la lumi\u00e8re, de l\u2019oxydation et des bact\u00e9ries. Mat\u00e9riaux : Alliage de zinc, Cuir<br \/>\nType de mat\u00e9riels : Kits &amp; Packs, Pods<br \/>\nKits : D\u00e9butant<br \/>\nType de kits : Kits pod<br \/>\nType de batteries : Int\u00e9gr\u00e9e<br \/>\nAutonomie : 1200 mAh<br \/>\nMicro USB : Chargement uniquement<br \/>\nPuissance maximum : 20W<br \/>\nTirage : MTL (Serr\u00e9)<br \/>\nAirflow r\u00e9glable : Oui<br \/>\nContenance (ml) : 3 ml<br \/>\nRemplissage : Lat\u00e9ral<br \/>\nProtections \u00e9lectroniques : Oui<br \/>\nR\u00e9sistances : de 0.5 \u00e0 1 ohm, plus de 1 ohm<\/p>\n","protected":false},"excerpt":{"rendered":"<p>1 x Box Vmate E<br \/>\n1 x Cartouche V2 0,7 \u03a9 de 3ml<br \/>\n1 x Cartouche V2 1,2 \u03a9 de 3ml<br \/>\n1 x C\u00e2ble USB Type-C<br \/>\n1 x Manuel d\u2019utilisation<\/p>\n","protected":false},"featured_media":24649,"comment_status":"open","ping_status":"closed","template":"","meta":{"om_disable_all_campaigns":false,"_monsterinsights_skip_tracking":false,"_monsterinsights_sitenote_active":false,"_monsterinsights_sitenote_note":"","_monsterinsights_sitenote_category":0},"product_brand":[],"product_cat":[205,214,255],"product_tag":[],"class_list":{"0":"post-28513","1":"product","2":"type-product","3":"status-publish","4":"has-post-thumbnail","6":"product_cat-materiel","7":"product_cat-pod-kit","8":"product_cat-voopoo-pod-kit","11":"first","12":"instock","13":"featured","14":"shipping-taxable","15":"purchasable","16":"product-type-variable"},"aioseo_notices":[],"jetpack_sharing_enabled":true,"_links":{"self":[{"href":"https:\/\/normandie.ma\/index.php?rest_route=\/wp\/v2\/product\/28513","targetHints":{"allow":["GET"]}}],"collection":[{"href":"https:\/\/normandie.ma\/index.php?rest_route=\/wp\/v2\/product"}],"about":[{"href":"https:\/\/normandie.ma\/index.php?rest_route=\/wp\/v2\/types\/product"}],"replies":[{"embeddable":true,"href":"https:\/\/normandie.ma\/index.php?rest_route=%2Fwp%2Fv2%2Fcomments&post=28513"}],"wp:featuredmedia":[{"embeddable":true,"href":"https:\/\/normandie.ma\/index.php?rest_route=\/wp\/v2\/media\/24649"}],"wp:attachment":[{"href":"https:\/\/normandie.ma\/index.php?rest_route=%2Fwp%2Fv2%2Fmedia&parent=28513"}],"wp:term":[{"taxonomy":"product_brand","embeddable":true,"href":"https:\/\/normandie.ma\/index.php?rest_route=%2Fwp%2Fv2%2Fproduct_brand&post=28513"},{"taxonomy":"product_cat","embeddable":true,"href":"https:\/\/normandie.ma\/index.php?rest_route=%2Fwp%2Fv2%2Fproduct_cat&post=28513"},{"taxonomy":"product_tag","embeddable":true,"href":"https:\/\/normandie.ma\/index.php?rest_route=%2Fwp%2Fv2%2Fproduct_tag&post=28513"}],"curies":[{"name":"wp","href":"https:\/\/api.w.org\/{rel}","templated":true}]}}