{"id":28523,"date":"2023-05-06T18:55:49","date_gmt":"2023-05-06T18:55:49","guid":{"rendered":"https:\/\/normandie.ma\/?product=kit-voopoo-drag-e60"},"modified":"2025-12-12T11:32:50","modified_gmt":"2025-12-12T11:32:50","slug":"kit-voopoo-drag-e60","status":"publish","type":"product","link":"https:\/\/normandie.ma\/?product=kit-voopoo-drag-e60","title":{"rendered":"Kit Voopoo Drag E60"},"content":{"rendered":"<p>D\u00e9couvrez le pod Drag E60, ergonomique et design, \u00e0 emmener partout en toute discr\u00e9tion. Ce pod Voopoo vous propose un kit complet tout-en-un pour une exp\u00e9rience de vape simple et efficace. Pouvant atteindre une puissance maximale de 60W et utilisant les r\u00e9sistances Voopoo PnP Coil, le pod cigarette \u00e9lectronique Drag E60 vous garantit une belle production de vapeur. Cette e-cig Voopoo \u00e0 cartouche dispose d\u2019une batterie int\u00e9gr\u00e9e de 2550mAh, b\u00e9n\u00e9ficiant d\u2019une recharge ultra-rapide. Son r\u00e9servoir d\u2019une contenance de 4.5ml vous permettra d\u2019engranger une belle quantit\u00e9 de liquide. Dimensions : 94 x 24.9 x 46mm<br \/>\nAutonomie : 2550 mAh<br \/>\nCompatibilit\u00e9 cartouche : cartouche PnP Pod 2<br \/>\nModes d\u2019utilisation : Smart, RBA et Eco<br \/>\nPuissance : 5-60W<br \/>\nR\u00e9sistances accept\u00e9es : de 0.1 \u00e0 3 ohm<br \/>\n\u00c9cran : oui<br \/>\nPort USB : USB-C, rechargement<br \/>\nInhalation : DL \u00e0 RDL<br \/>\nCapacit\u00e9 cartouche : 4.5ml<br \/>\nRemplissage : par le haut de la cartouche<br \/>\nDrip tip : propri\u00e9taire<br \/>\nAirflow : r\u00e9glable<br \/>\nR\u00e9sistances compatibles : r\u00e9sistances PnP Voopoo (sauf la VM6 en 0.15 ohm)<br \/>\nTaux de PG\/VG recommand\u00e9 : 50\/50<\/p>\n","protected":false},"excerpt":{"rendered":"<p>1 * batterie Drag E60<br \/>\n1 * cartouche PnP Pod II<br \/>\n1 * r\u00e9sistance PNP TW20 en 0.2 ohm<br \/>\n1 * r\u00e9sistance PnP TW30 en 0.3 ohm<br \/>\n1 * c\u00e2ble USB-C<br \/>\n1 * manuel d\u2019utilisation<\/p>\n","protected":false},"featured_media":24651,"comment_status":"open","ping_status":"closed","template":"","meta":{"om_disable_all_campaigns":false,"_monsterinsights_skip_tracking":false,"_monsterinsights_sitenote_active":false,"_monsterinsights_sitenote_note":"","_monsterinsights_sitenote_category":0},"product_brand":[],"product_cat":[205,214,255],"product_tag":[],"class_list":{"0":"post-28523","1":"product","2":"type-product","3":"status-publish","4":"has-post-thumbnail","6":"product_cat-materiel","7":"product_cat-pod-kit","8":"product_cat-voopoo-pod-kit","11":"first","12":"instock","13":"featured","14":"shipping-taxable","15":"purchasable","16":"product-type-variable"},"aioseo_notices":[],"jetpack_sharing_enabled":true,"_links":{"self":[{"href":"https:\/\/normandie.ma\/index.php?rest_route=\/wp\/v2\/product\/28523","targetHints":{"allow":["GET"]}}],"collection":[{"href":"https:\/\/normandie.ma\/index.php?rest_route=\/wp\/v2\/product"}],"about":[{"href":"https:\/\/normandie.ma\/index.php?rest_route=\/wp\/v2\/types\/product"}],"replies":[{"embeddable":true,"href":"https:\/\/normandie.ma\/index.php?rest_route=%2Fwp%2Fv2%2Fcomments&post=28523"}],"wp:featuredmedia":[{"embeddable":true,"href":"https:\/\/normandie.ma\/index.php?rest_route=\/wp\/v2\/media\/24651"}],"wp:attachment":[{"href":"https:\/\/normandie.ma\/index.php?rest_route=%2Fwp%2Fv2%2Fmedia&parent=28523"}],"wp:term":[{"taxonomy":"product_brand","embeddable":true,"href":"https:\/\/normandie.ma\/index.php?rest_route=%2Fwp%2Fv2%2Fproduct_brand&post=28523"},{"taxonomy":"product_cat","embeddable":true,"href":"https:\/\/normandie.ma\/index.php?rest_route=%2Fwp%2Fv2%2Fproduct_cat&post=28523"},{"taxonomy":"product_tag","embeddable":true,"href":"https:\/\/normandie.ma\/index.php?rest_route=%2Fwp%2Fv2%2Fproduct_tag&post=28523"}],"curies":[{"name":"wp","href":"https:\/\/api.w.org\/{rel}","templated":true}]}}