{"id":28526,"date":"2023-05-06T18:55:50","date_gmt":"2023-05-06T18:55:50","guid":{"rendered":"https:\/\/normandie.ma\/?product=voopoo-drag-h80s-black"},"modified":"2023-05-09T18:04:31","modified_gmt":"2023-05-09T18:04:31","slug":"voopoo-drag-h80s-black","status":"publish","type":"product","link":"https:\/\/normandie.ma\/?product=voopoo-drag-h80s-black","title":{"rendered":"Voopoo Drag H80s Black"},"content":{"rendered":"<p>D\u00e9couvrez le Voopoo Drag H80S Pod Mod Kit, dot\u00e9 du chipset avanc\u00e9 GENE TT 2.0, d\u2019une plage de sortie de 5 \u00e0 80 W et pouvant contenir jusqu\u2019\u00e0 4,5 ml dans le pod PnP 2. Construit en alliage durable de zinc et d\u2019aluminium, le ch\u00e2ssis est r\u00e9sistant aux chocs et est prot\u00e9g\u00e9 contre les chutes l\u00e9g\u00e8res et les chutes. En outre, le Drag H80S peut d\u00e9livrer entre 5 et 80 W, ce qui en fait un concurrent parfait pour n\u2019importe quelle r\u00e9sistance PnP de la s\u00e9rie. Cette caract\u00e9ristique particuli\u00e8re fait du Drag H80S un choix s\u00e9rieux pour ceux qui aiment la polyvalence. Avec le grand nombre de r\u00e9sistances offertes par la s\u00e9rie PnP Coil, le VOOPOO Drag H80S est id\u00e9al pour ceux qui aiment le vapotage MTL et DTL. Dimensions : 32mm x 26mm x 123mm<br \/>\nMat\u00e9riaux : Alliage de zinc, cuir, alliage d\u2019aluminium, PC + PCTG<br \/>\nBatterie : simple 18650 (non inclus)<br \/>\nPuissance de sortie : 5W \u00e0 80W<br \/>\nTension de sortie : 3.2V-4.2V<br \/>\nR\u00e9sistance : 0.1\u03a9-3\u03a9<br \/>\nCapacit\u00e9 du pod : 4.5mL<br \/>\nR\u00e9sistances : PnP-TW15 0.15\u03a9 (55W-70W) \/ PnP-TW30 0.3\u03a9 (28W-36W)<\/p>\n","protected":false},"excerpt":{"rendered":"<p>1 x Drag H80S Mod<br \/>\n1 x PnP Pod II 4.5mL<br \/>\n1 x PnP-TW15 0.15\u03a9 Coil<br \/>\n1 x PnP-TW30 0.3\u03a9 Coil<br \/>\n1 x C\u00e2ble Type-C<br \/>\n1 x Manuel de l\u2019utilisateur<\/p>\n","protected":false},"featured_media":29177,"comment_status":"open","ping_status":"closed","template":"","meta":{"om_disable_all_campaigns":false,"_monsterinsights_skip_tracking":false,"_monsterinsights_sitenote_active":false,"_monsterinsights_sitenote_note":"","_monsterinsights_sitenote_category":0},"product_brand":[],"product_cat":[205,214,255],"product_tag":[],"class_list":{"0":"post-28526","1":"product","2":"type-product","3":"status-publish","4":"has-post-thumbnail","6":"product_cat-materiel","7":"product_cat-pod-kit","8":"product_cat-voopoo-pod-kit","11":"first","12":"instock","13":"featured","14":"shipping-taxable","15":"purchasable","16":"product-type-simple"},"aioseo_notices":[],"jetpack_sharing_enabled":true,"_links":{"self":[{"href":"https:\/\/normandie.ma\/index.php?rest_route=\/wp\/v2\/product\/28526","targetHints":{"allow":["GET"]}}],"collection":[{"href":"https:\/\/normandie.ma\/index.php?rest_route=\/wp\/v2\/product"}],"about":[{"href":"https:\/\/normandie.ma\/index.php?rest_route=\/wp\/v2\/types\/product"}],"replies":[{"embeddable":true,"href":"https:\/\/normandie.ma\/index.php?rest_route=%2Fwp%2Fv2%2Fcomments&post=28526"}],"wp:featuredmedia":[{"embeddable":true,"href":"https:\/\/normandie.ma\/index.php?rest_route=\/wp\/v2\/media\/29177"}],"wp:attachment":[{"href":"https:\/\/normandie.ma\/index.php?rest_route=%2Fwp%2Fv2%2Fmedia&parent=28526"}],"wp:term":[{"taxonomy":"product_brand","embeddable":true,"href":"https:\/\/normandie.ma\/index.php?rest_route=%2Fwp%2Fv2%2Fproduct_brand&post=28526"},{"taxonomy":"product_cat","embeddable":true,"href":"https:\/\/normandie.ma\/index.php?rest_route=%2Fwp%2Fv2%2Fproduct_cat&post=28526"},{"taxonomy":"product_tag","embeddable":true,"href":"https:\/\/normandie.ma\/index.php?rest_route=%2Fwp%2Fv2%2Fproduct_tag&post=28526"}],"curies":[{"name":"wp","href":"https:\/\/api.w.org\/{rel}","templated":true}]}}