{"id":28531,"date":"2023-05-06T18:55:52","date_gmt":"2023-05-06T18:55:52","guid":{"rendered":"https:\/\/normandie.ma\/?product=kit-voopoo-argus-mt-dark-blue"},"modified":"2023-05-06T18:55:52","modified_gmt":"2023-05-06T18:55:52","slug":"kit-voopoo-argus-mt-dark-blue","status":"publish","type":"product","link":"https:\/\/normandie.ma\/?product=kit-voopoo-argus-mt-dark-blue","title":{"rendered":"Kit Voopoo Argus Mt Dark Blue"},"content":{"rendered":"<p>Achetez le kit Argus MT de VOOPOO, dot\u00e9 de la norme IP68, de la puce GENE.TT 2.0 et associ\u00e9 au r\u00e9servoir MAAT pour offrir une exp\u00e9rience de vapotage satisfaisante. Construit \u00e0 partir d\u2019un alliage de zinc durable, le ch\u00e2ssis du kit Argus MT offre une protection solide contre les chutes l\u00e9g\u00e8res, \u00e9vitant ainsi d\u2019endommager la puce GENE.TT 2.0 qu\u2019il contient. Class\u00e9 IP68, le kit de d\u00e9marrage Argus MT offre un ch\u00e2ssis \u00e9tanche aux chocs, \u00e0 la poussi\u00e8re et \u00e0 l\u2019eau pour \u00e9viter toute intrusion susceptible d\u2019affecter l\u2019\u00e9lectronique qu\u2019il contient. Equip\u00e9 d\u2019une batterie interne de 3000mAh, l\u2019Argus MT est capable de produire jusqu\u2019\u00e0 100W et est le box mod parfait pour les vapoteurs d\u00e9butants et avanc\u00e9s. De plus, l\u2019Argus MT de VOOPOO est livr\u00e9 avec le r\u00e9servoir MAAT. Dimensions : 93mm x 40mm x 30mm<br \/>\nMat\u00e9riau : Cuir + alliage de zinc<br \/>\nPuissance de sortie : 5W \u00e0 100W<br \/>\nCapacit\u00e9 de la batterie : 3000mAh<br \/>\nTension de sortie : 0V-8.5V<br \/>\nGamme de r\u00e9sistance : 0.05\u03a9-3.0\u03a9<br \/>\nTension de charge : Type-C 5V\/3A<\/p>\n","protected":false},"excerpt":{"rendered":"<p>1 x Appareil  Argus MT<br \/>\n1 x R\u00e9servoir MAAT 6.5mL<br \/>\n1 x TPP-DM2 0.2\u03a9 Coil<br \/>\n1 x TPP-DM4 0.3\u03a9 Coil<br \/>\n1 x Tube de verre de rechange<br \/>\n1 x Paquet en caoutchouc de silicone<br \/>\n1 x C\u00e2ble Type-C<br \/>\n1 x Manuel de l\u2019utilisateur<\/p>\n","protected":false},"featured_media":24657,"comment_status":"open","ping_status":"closed","template":"","meta":{"om_disable_all_campaigns":false,"_monsterinsights_skip_tracking":false,"_monsterinsights_sitenote_active":false,"_monsterinsights_sitenote_note":"","_monsterinsights_sitenote_category":0},"product_brand":[],"product_cat":[205,214,255],"product_tag":[],"class_list":{"0":"post-28531","1":"product","2":"type-product","3":"status-publish","4":"has-post-thumbnail","6":"product_cat-materiel","7":"product_cat-pod-kit","8":"product_cat-voopoo-pod-kit","11":"first","12":"instock","13":"featured","14":"shipping-taxable","15":"purchasable","16":"product-type-simple"},"aioseo_notices":[],"jetpack_sharing_enabled":true,"_links":{"self":[{"href":"https:\/\/normandie.ma\/index.php?rest_route=\/wp\/v2\/product\/28531","targetHints":{"allow":["GET"]}}],"collection":[{"href":"https:\/\/normandie.ma\/index.php?rest_route=\/wp\/v2\/product"}],"about":[{"href":"https:\/\/normandie.ma\/index.php?rest_route=\/wp\/v2\/types\/product"}],"replies":[{"embeddable":true,"href":"https:\/\/normandie.ma\/index.php?rest_route=%2Fwp%2Fv2%2Fcomments&post=28531"}],"wp:featuredmedia":[{"embeddable":true,"href":"https:\/\/normandie.ma\/index.php?rest_route=\/wp\/v2\/media\/24657"}],"wp:attachment":[{"href":"https:\/\/normandie.ma\/index.php?rest_route=%2Fwp%2Fv2%2Fmedia&parent=28531"}],"wp:term":[{"taxonomy":"product_brand","embeddable":true,"href":"https:\/\/normandie.ma\/index.php?rest_route=%2Fwp%2Fv2%2Fproduct_brand&post=28531"},{"taxonomy":"product_cat","embeddable":true,"href":"https:\/\/normandie.ma\/index.php?rest_route=%2Fwp%2Fv2%2Fproduct_cat&post=28531"},{"taxonomy":"product_tag","embeddable":true,"href":"https:\/\/normandie.ma\/index.php?rest_route=%2Fwp%2Fv2%2Fproduct_tag&post=28531"}],"curies":[{"name":"wp","href":"https:\/\/api.w.org\/{rel}","templated":true}]}}