{"id":28534,"date":"2023-05-06T18:55:55","date_gmt":"2023-05-06T18:55:55","guid":{"rendered":"https:\/\/normandie.ma\/?product=atomiseur-jetable-gemm-freemax"},"modified":"2023-05-06T18:55:55","modified_gmt":"2023-05-06T18:55:55","slug":"atomiseur-jetable-gemm-freemax","status":"publish","type":"product","link":"https:\/\/normandie.ma\/?product=atomiseur-jetable-gemm-freemax","title":{"rendered":"Atomiseur Jetable GEMM \u2013 FreeMax"},"content":{"rendered":"<p>Les atomiseurs jetables GEMM sont con\u00e7us avec plusieurs r\u00e9sistances de maille int\u00e9gr\u00e9es, un mat\u00e9riau PCTG \u00e9cologique, un remplissage par le haut facile scell\u00e9 avec un bouchon en silicone et une alimentation \u00e0 360 degr\u00e9s en e-liquide. Diam\u00e8tre : 25 mm<br \/>\n    Contenance : 2 ml<br \/>\n    Mat\u00e9riau : plastique PCTG de qualit\u00e9 alimentaire<br \/>\n    Syst\u00e8me de remplissage sup\u00e9rieur \u2013 Bouchon en silicone<br \/>\n    FreeMaX GEMM Integrated Coil Series<br \/>\n    R\u00e9sistance de maille 0.15ohm G1 \u2013 nominale 40-80W<br \/>\n    0.12ohm G1 SS Single Coil \u2013 \u00e9valu\u00e9 pour 400 \u00b0 \u2013 550 \u00b0 F<br \/>\n    R\u00e9sistance triple maille 0.15ohm G3 \u2013 nominale 50 \u2013 90W<\/p>\n","protected":false},"excerpt":{"rendered":"<p>Les atomiseurs jetables GEMM sont con\u00e7us avec plusieurs r\u00e9sistances de maille int\u00e9gr\u00e9es, un mat\u00e9riau PCTG \u00e9cologique, un remplissage par le haut facile scell\u00e9 avec un bouchon en silicone et une alimentation \u00e0 360 degr\u00e9s en e-liquide. Diam\u00e8tre : 25 mm Contenance : 2 ml Mat\u00e9riau : plastique PCTG de qualit\u00e9 alimentaire Syst\u00e8me de remplissage sup\u00e9rieur [&hellip;]<\/p>\n","protected":false},"featured_media":24658,"comment_status":"open","ping_status":"closed","template":"","meta":{"om_disable_all_campaigns":false,"_monsterinsights_skip_tracking":false,"_monsterinsights_sitenote_active":false,"_monsterinsights_sitenote_note":"","_monsterinsights_sitenote_category":0},"product_brand":[],"product_cat":[215,205],"product_tag":[],"class_list":{"0":"post-28534","1":"product","2":"type-product","3":"status-publish","4":"has-post-thumbnail","6":"product_cat-atomiseurs","7":"product_cat-materiel","10":"first","11":"instock","12":"featured","13":"shipping-taxable","14":"purchasable","15":"product-type-simple"},"aioseo_notices":[],"jetpack_sharing_enabled":true,"_links":{"self":[{"href":"https:\/\/normandie.ma\/index.php?rest_route=\/wp\/v2\/product\/28534","targetHints":{"allow":["GET"]}}],"collection":[{"href":"https:\/\/normandie.ma\/index.php?rest_route=\/wp\/v2\/product"}],"about":[{"href":"https:\/\/normandie.ma\/index.php?rest_route=\/wp\/v2\/types\/product"}],"replies":[{"embeddable":true,"href":"https:\/\/normandie.ma\/index.php?rest_route=%2Fwp%2Fv2%2Fcomments&post=28534"}],"wp:featuredmedia":[{"embeddable":true,"href":"https:\/\/normandie.ma\/index.php?rest_route=\/wp\/v2\/media\/24658"}],"wp:attachment":[{"href":"https:\/\/normandie.ma\/index.php?rest_route=%2Fwp%2Fv2%2Fmedia&parent=28534"}],"wp:term":[{"taxonomy":"product_brand","embeddable":true,"href":"https:\/\/normandie.ma\/index.php?rest_route=%2Fwp%2Fv2%2Fproduct_brand&post=28534"},{"taxonomy":"product_cat","embeddable":true,"href":"https:\/\/normandie.ma\/index.php?rest_route=%2Fwp%2Fv2%2Fproduct_cat&post=28534"},{"taxonomy":"product_tag","embeddable":true,"href":"https:\/\/normandie.ma\/index.php?rest_route=%2Fwp%2Fv2%2Fproduct_tag&post=28534"}],"curies":[{"name":"wp","href":"https:\/\/api.w.org\/{rel}","templated":true}]}}