{"id":28535,"date":"2023-05-06T18:55:55","date_gmt":"2023-05-06T18:55:55","guid":{"rendered":"https:\/\/normandie.ma\/?product=atomiseur-lost-vape-ub-pod"},"modified":"2024-02-26T08:29:38","modified_gmt":"2024-02-26T08:29:38","slug":"atomiseur-lost-vape-ub-pod","status":"publish","type":"product","link":"https:\/\/normandie.ma\/?product=atomiseur-lost-vape-ub-pod","title":{"rendered":"Atomiseur Lost Vape \u2013 UB POD"},"content":{"rendered":"<p>L\u2019atomiseur Lost Vape Ursa UB Pod est con\u00e7u pour le kit Lost Vape Ursa Quest et compatible avec les r\u00e9sistances UB Pro. UB de Lost Vape a une capacit\u00e9 visible de 5,5 ml avec une conception de remplissage lat\u00e9ral et prend en charge le syst\u00e8me de flot d\u2019air lat\u00e9ral r\u00e9glable. Capacit\u00e9: 5,5 ml<br \/>\n    Couleur: Noir<br \/>\n    Mat\u00e9riel de Cartouche : Plastique<br \/>\n    Mat\u00e9riel de Base: M\u00e9tal<\/p>\n","protected":false},"excerpt":{"rendered":"<p>L\u2019atomiseur Lost Vape Ursa UB Pod est con\u00e7u pour le kit Lost Vape Ursa Quest et compatible avec les r\u00e9sistances UB Pro. UB de Lost Vape a une capacit\u00e9 visible de 5,5 ml avec une conception de remplissage lat\u00e9ral et prend en charge le syst\u00e8me de flot d\u2019air lat\u00e9ral r\u00e9glable. Capacit\u00e9: 5,5 ml Couleur: Noir [&hellip;]<\/p>\n","protected":false},"featured_media":24659,"comment_status":"open","ping_status":"closed","template":"","meta":{"om_disable_all_campaigns":false,"_monsterinsights_skip_tracking":false,"_monsterinsights_sitenote_active":false,"_monsterinsights_sitenote_note":"","_monsterinsights_sitenote_category":0},"product_brand":[],"product_cat":[215,205],"product_tag":[],"class_list":{"0":"post-28535","1":"product","2":"type-product","3":"status-publish","4":"has-post-thumbnail","6":"product_cat-atomiseurs","7":"product_cat-materiel","10":"first","11":"outofstock","12":"featured","13":"shipping-taxable","14":"purchasable","15":"product-type-simple"},"aioseo_notices":[],"jetpack_sharing_enabled":true,"_links":{"self":[{"href":"https:\/\/normandie.ma\/index.php?rest_route=\/wp\/v2\/product\/28535","targetHints":{"allow":["GET"]}}],"collection":[{"href":"https:\/\/normandie.ma\/index.php?rest_route=\/wp\/v2\/product"}],"about":[{"href":"https:\/\/normandie.ma\/index.php?rest_route=\/wp\/v2\/types\/product"}],"replies":[{"embeddable":true,"href":"https:\/\/normandie.ma\/index.php?rest_route=%2Fwp%2Fv2%2Fcomments&post=28535"}],"wp:featuredmedia":[{"embeddable":true,"href":"https:\/\/normandie.ma\/index.php?rest_route=\/wp\/v2\/media\/24659"}],"wp:attachment":[{"href":"https:\/\/normandie.ma\/index.php?rest_route=%2Fwp%2Fv2%2Fmedia&parent=28535"}],"wp:term":[{"taxonomy":"product_brand","embeddable":true,"href":"https:\/\/normandie.ma\/index.php?rest_route=%2Fwp%2Fv2%2Fproduct_brand&post=28535"},{"taxonomy":"product_cat","embeddable":true,"href":"https:\/\/normandie.ma\/index.php?rest_route=%2Fwp%2Fv2%2Fproduct_cat&post=28535"},{"taxonomy":"product_tag","embeddable":true,"href":"https:\/\/normandie.ma\/index.php?rest_route=%2Fwp%2Fv2%2Fproduct_tag&post=28535"}],"curies":[{"name":"wp","href":"https:\/\/api.w.org\/{rel}","templated":true}]}}