{"id":28538,"date":"2023-05-06T18:55:56","date_gmt":"2023-05-06T18:55:56","guid":{"rendered":"https:\/\/normandie.ma\/?product=atomiseur-voopoo-pnp-x-pod"},"modified":"2023-05-15T21:25:32","modified_gmt":"2023-05-15T21:25:32","slug":"atomiseur-voopoo-pnp-x-pod","status":"publish","type":"product","link":"https:\/\/normandie.ma\/?product=atomiseur-voopoo-pnp-x-pod","title":{"rendered":"Atomiseur Voopoo \u2013 PNP \u2013 X Pod"},"content":{"rendered":"<p>Avec l\u2019atomiseur PnP-X, Voopoo ne r\u00e9serve plus la praticit\u00e9 et les performances de vaporisation redoutables de sa cartouche PnP-X qu\u2019aux seuls kits Drag S PnP-X et Drag X PnP-X. Gr\u00e2ce \u00e0 une base 510, la voici transform\u00e9e en v\u00e9ritable atomiseur, pour servir les mods \u00e9lectroniques de votre c\u0153ur, dans un style tr\u00e8s abouti. Encore une hybridation r\u00e9ussie sign\u00e9e Voopoo, pour le meilleur. Marque Compatible : Voopoo<br \/>\nMati\u00e8re : Acier inoxydable \/ Plastique PCTG<br \/>\nConnectique : 510<br \/>\nR\u00e9servoir : R\u00e9sine de plastique (PCTG)<br \/>\nR\u00e9sistance : PnP VM6 \u2013 Voopoo, PnP-TM2 \u2013 Voopoo<br \/>\nValeur de la r\u00e9sistance : 0,15ohm, 0,8ohm<br \/>\nType de r\u00e9sistance : Mesh, Interchangeable<br \/>\nR\u00e9sistances compatibles : PnP \u2013 Voopoo, Plateau PnP RBA \u2013 Voopoo<br \/>\nTaille Drip Tip : 510<br \/>\nAir Flow : R\u00e9glable<br \/>\nContenance : 5ml<br \/>\nInhalation : Directe ou Indirecte<br \/>\nArriv\u00e9e d\u2019air : Par le bas<br \/>\nRemplissage Par le haut<br \/>\nOption reconstructible : Oui<br \/>\nDiam\u00e8tre : 26mm<br \/>\nCompatibilit\u00e9 : Cartouches TPP Pod \u2013 Voopoo, Cartouches V Suit \u2013 Voopoo, Cartouche PnP-X \u2013 Voopoo, Cartouches TPP Pod 2 \u2013 Voopoo, Cartouches Drag S\/X \u2013 Voopoo<\/p>\n","protected":false},"excerpt":{"rendered":"<p>Avec l\u2019atomiseur PnP-X, Voopoo ne r\u00e9serve plus la praticit\u00e9 et les performances de vaporisation redoutables de sa cartouche PnP-X qu\u2019aux seuls kits Drag S PnP-X et Drag X PnP-X. Gr\u00e2ce \u00e0 une base 510, la voici transform\u00e9e en v\u00e9ritable atomiseur, pour servir les mods \u00e9lectroniques de votre c\u0153ur, dans un style tr\u00e8s abouti. Encore une [&hellip;]<\/p>\n","protected":false},"featured_media":24660,"comment_status":"open","ping_status":"closed","template":"","meta":{"om_disable_all_campaigns":false,"_monsterinsights_skip_tracking":false,"_monsterinsights_sitenote_active":false,"_monsterinsights_sitenote_note":"","_monsterinsights_sitenote_category":0},"product_brand":[],"product_cat":[215,205],"product_tag":[],"class_list":{"0":"post-28538","1":"product","2":"type-product","3":"status-publish","4":"has-post-thumbnail","6":"product_cat-atomiseurs","7":"product_cat-materiel","10":"first","11":"instock","12":"featured","13":"shipping-taxable","14":"purchasable","15":"product-type-variable"},"aioseo_notices":[],"jetpack_sharing_enabled":true,"_links":{"self":[{"href":"https:\/\/normandie.ma\/index.php?rest_route=\/wp\/v2\/product\/28538","targetHints":{"allow":["GET"]}}],"collection":[{"href":"https:\/\/normandie.ma\/index.php?rest_route=\/wp\/v2\/product"}],"about":[{"href":"https:\/\/normandie.ma\/index.php?rest_route=\/wp\/v2\/types\/product"}],"replies":[{"embeddable":true,"href":"https:\/\/normandie.ma\/index.php?rest_route=%2Fwp%2Fv2%2Fcomments&post=28538"}],"wp:featuredmedia":[{"embeddable":true,"href":"https:\/\/normandie.ma\/index.php?rest_route=\/wp\/v2\/media\/24660"}],"wp:attachment":[{"href":"https:\/\/normandie.ma\/index.php?rest_route=%2Fwp%2Fv2%2Fmedia&parent=28538"}],"wp:term":[{"taxonomy":"product_brand","embeddable":true,"href":"https:\/\/normandie.ma\/index.php?rest_route=%2Fwp%2Fv2%2Fproduct_brand&post=28538"},{"taxonomy":"product_cat","embeddable":true,"href":"https:\/\/normandie.ma\/index.php?rest_route=%2Fwp%2Fv2%2Fproduct_cat&post=28538"},{"taxonomy":"product_tag","embeddable":true,"href":"https:\/\/normandie.ma\/index.php?rest_route=%2Fwp%2Fv2%2Fproduct_tag&post=28538"}],"curies":[{"name":"wp","href":"https:\/\/api.w.org\/{rel}","templated":true}]}}