{"id":28541,"date":"2023-05-06T18:55:58","date_gmt":"2023-05-06T18:55:58","guid":{"rendered":"https:\/\/normandie.ma\/?product=atomiseur-freemax-fireluke-3-tank-gunmetal"},"modified":"2023-06-19T00:19:49","modified_gmt":"2023-06-19T00:19:49","slug":"atomiseur-freemax-fireluke-3-tank-gunmetal","status":"publish","type":"product","link":"https:\/\/normandie.ma\/?product=atomiseur-freemax-fireluke-3-tank-gunmetal","title":{"rendered":"Atomiseur Freemax Fireluke 3 Tank Gunmetal"},"content":{"rendered":"<p>L\u2019atomiseur Freemax Maxluke (Fireluke 3) est la version CRC, une version am\u00e9lior\u00e9e du Fireluke 2. Sa capacit\u00e9 est de 5mL et deux r\u00e9sistances incluses, dont une 904L Mesh Coil de 0,15 Ohm et une 904L X2 Mesh Coil de 0,2 Ohm. Le mat\u00e9riau \u00e0 mailles SS904L et les trois m\u00e9canismes \u00e0 billes en acier distinctif sont utilis\u00e9s dans le but d\u2019\u00e9viter toute fuite potentielle. L\u2019atomiseur Maxluke est \u00e9galement compatible avec la gamme compl\u00e8te de r\u00e9sistances 904L X et les r\u00e9sistances originales Fireluke M qui vont du simple, double, triple et quadruple c\u0153ur.  \u00c0 la base de l\u2019atomiseur se trouve un anneau de contr\u00f4le du flux d\u2019air inf\u00e9rieur \u00e0 double fente pour un r\u00e9glage facile du flux d\u2019air. Dimensions : 49mm (h) x 28.2mm (l)<br \/>\n    Capacit\u00e9 : 5mL<br \/>\n    Gamme de puissance : 20-90W<br \/>\n    Mat\u00e9riaux de construction : SS904L\/Fibre de th\u00e9 coton\/Acier inoxydable\/R\u00e9sine<br \/>\n    Filetage : 510<br \/>\n    Embout goutte \u00e0 goutte : 810<\/p>\n","protected":false},"excerpt":{"rendered":"<p>L\u2019atomiseur Freemax Maxluke (Fireluke 3) est la version CRC, une version am\u00e9lior\u00e9e du Fireluke 2. Sa capacit\u00e9 est de 5mL et deux r\u00e9sistances incluses, dont une 904L Mesh Coil de 0,15 Ohm et une 904L X2 Mesh Coil de 0,2 Ohm. Le mat\u00e9riau \u00e0 mailles SS904L et les trois m\u00e9canismes \u00e0 billes en acier distinctif [&hellip;]<\/p>\n","protected":false},"featured_media":24663,"comment_status":"open","ping_status":"closed","template":"","meta":{"om_disable_all_campaigns":false,"_monsterinsights_skip_tracking":false,"_monsterinsights_sitenote_active":false,"_monsterinsights_sitenote_note":"","_monsterinsights_sitenote_category":0},"product_brand":[],"product_cat":[215,205],"product_tag":[],"class_list":{"0":"post-28541","1":"product","2":"type-product","3":"status-publish","4":"has-post-thumbnail","6":"product_cat-atomiseurs","7":"product_cat-materiel","10":"first","11":"outofstock","12":"featured","13":"shipping-taxable","14":"purchasable","15":"product-type-simple"},"aioseo_notices":[],"jetpack_sharing_enabled":true,"_links":{"self":[{"href":"https:\/\/normandie.ma\/index.php?rest_route=\/wp\/v2\/product\/28541","targetHints":{"allow":["GET"]}}],"collection":[{"href":"https:\/\/normandie.ma\/index.php?rest_route=\/wp\/v2\/product"}],"about":[{"href":"https:\/\/normandie.ma\/index.php?rest_route=\/wp\/v2\/types\/product"}],"replies":[{"embeddable":true,"href":"https:\/\/normandie.ma\/index.php?rest_route=%2Fwp%2Fv2%2Fcomments&post=28541"}],"wp:featuredmedia":[{"embeddable":true,"href":"https:\/\/normandie.ma\/index.php?rest_route=\/wp\/v2\/media\/24663"}],"wp:attachment":[{"href":"https:\/\/normandie.ma\/index.php?rest_route=%2Fwp%2Fv2%2Fmedia&parent=28541"}],"wp:term":[{"taxonomy":"product_brand","embeddable":true,"href":"https:\/\/normandie.ma\/index.php?rest_route=%2Fwp%2Fv2%2Fproduct_brand&post=28541"},{"taxonomy":"product_cat","embeddable":true,"href":"https:\/\/normandie.ma\/index.php?rest_route=%2Fwp%2Fv2%2Fproduct_cat&post=28541"},{"taxonomy":"product_tag","embeddable":true,"href":"https:\/\/normandie.ma\/index.php?rest_route=%2Fwp%2Fv2%2Fproduct_tag&post=28541"}],"curies":[{"name":"wp","href":"https:\/\/api.w.org\/{rel}","templated":true}]}}