{"id":28545,"date":"2023-05-06T18:55:59","date_gmt":"2023-05-06T18:55:59","guid":{"rendered":"https:\/\/normandie.ma\/?product=atomiseur-tf-tank-smok"},"modified":"2024-02-26T08:33:14","modified_gmt":"2024-02-26T08:33:14","slug":"atomiseur-tf-tank-smok","status":"publish","type":"product","link":"https:\/\/normandie.ma\/?product=atomiseur-tf-tank-smok","title":{"rendered":"Atomiseur TF Tank \u2013 Smok"},"content":{"rendered":"<p>Le TF Tank de SMOK pr\u00e9sente un diam\u00e8tre de 25mm \u00e0 sa base et 30 mm au point le plus large pour une contenance de 6ml.<\/p>\n<p>Afin d\u2019\u00e9viter les ouvertures accidentelles, le TF Tank est dot\u00e9 d\u2019un bouton de verrouillage brevet\u00e9 sur sa partie sup\u00e9rieure et de 2 prises d\u2019air ajustable \u00e0 sa base qui est bien plus grande que sur les pr\u00e9c\u00e9dents mod\u00e8les pour apporter plus de vapeur et de saveur.<\/p>\n<p>Le TF Tank est livr\u00e9 avec de nouvelles r\u00e9sistances TF Tank BF 0.25\u03a9 en Mesh pour produire une vape \u00e9paisse et agr\u00e9able.<\/p>\n","protected":false},"excerpt":{"rendered":"<p>Le TF Tank de SMOK pr\u00e9sente un diam\u00e8tre de 25mm \u00e0 sa base et 30 mm au point le plus large pour une contenance de 6ml. Afin d\u2019\u00e9viter les ouvertures accidentelles, le TF Tank est dot\u00e9 d\u2019un bouton de verrouillage brevet\u00e9 sur sa partie sup\u00e9rieure et de 2 prises d\u2019air ajustable \u00e0 sa base qui [&hellip;]<\/p>\n","protected":false},"featured_media":24668,"comment_status":"open","ping_status":"closed","template":"","meta":{"om_disable_all_campaigns":false,"_monsterinsights_skip_tracking":false,"_monsterinsights_sitenote_active":false,"_monsterinsights_sitenote_note":"","_monsterinsights_sitenote_category":0},"product_brand":[],"product_cat":[215,205],"product_tag":[],"class_list":{"0":"post-28545","1":"product","2":"type-product","3":"status-publish","4":"has-post-thumbnail","6":"product_cat-atomiseurs","7":"product_cat-materiel","10":"first","11":"outofstock","12":"featured","13":"shipping-taxable","14":"purchasable","15":"product-type-simple"},"aioseo_notices":[],"jetpack_sharing_enabled":true,"_links":{"self":[{"href":"https:\/\/normandie.ma\/index.php?rest_route=\/wp\/v2\/product\/28545","targetHints":{"allow":["GET"]}}],"collection":[{"href":"https:\/\/normandie.ma\/index.php?rest_route=\/wp\/v2\/product"}],"about":[{"href":"https:\/\/normandie.ma\/index.php?rest_route=\/wp\/v2\/types\/product"}],"replies":[{"embeddable":true,"href":"https:\/\/normandie.ma\/index.php?rest_route=%2Fwp%2Fv2%2Fcomments&post=28545"}],"wp:featuredmedia":[{"embeddable":true,"href":"https:\/\/normandie.ma\/index.php?rest_route=\/wp\/v2\/media\/24668"}],"wp:attachment":[{"href":"https:\/\/normandie.ma\/index.php?rest_route=%2Fwp%2Fv2%2Fmedia&parent=28545"}],"wp:term":[{"taxonomy":"product_brand","embeddable":true,"href":"https:\/\/normandie.ma\/index.php?rest_route=%2Fwp%2Fv2%2Fproduct_brand&post=28545"},{"taxonomy":"product_cat","embeddable":true,"href":"https:\/\/normandie.ma\/index.php?rest_route=%2Fwp%2Fv2%2Fproduct_cat&post=28545"},{"taxonomy":"product_tag","embeddable":true,"href":"https:\/\/normandie.ma\/index.php?rest_route=%2Fwp%2Fv2%2Fproduct_tag&post=28545"}],"curies":[{"name":"wp","href":"https:\/\/api.w.org\/{rel}","templated":true}]}}