{"id":28549,"date":"2023-05-06T18:56:01","date_gmt":"2023-05-06T18:56:01","guid":{"rendered":"https:\/\/normandie.ma\/?product=atomiseur-m-pro-2-freemax"},"modified":"2024-02-26T08:32:56","modified_gmt":"2024-02-26T08:32:56","slug":"atomiseur-m-pro-2-freemax","status":"publish","type":"product","link":"https:\/\/normandie.ma\/?product=atomiseur-m-pro-2-freemax","title":{"rendered":"Atomiseur M Pro 2 \u2013 FreeMax"},"content":{"rendered":"<p>Le M Pro 2 est le successeur dernier cri du c\u00e9l\u00e8bre atomiseur M Pro. Il s\u2019agit toujours d\u2019un mod\u00e8le \u00e0 remplissage coulissant par le haut, \u00e0 cela s\u2019ajoute 3 billes d\u2019acier pour augmenter la friction lorsque vous glissez pour ouvrir le bouchon sup\u00e9rieur. Diam\u00e8tre : 30 mm<br \/>\nHauteur : 59,85 mm<br \/>\nCapacit\u00e9 : 5 ml<br \/>\nPoids : 69 g<br \/>\nMat\u00e9riel : SS904 \/ coton fibre de th\u00e9 \/ SS \/ r\u00e9sine<br \/>\nCompatibilit\u00e9 des r\u00e9sistances : r\u00e9sistances de maille SS904L M<\/p>\n<p>La technologie des r\u00e9sistances est \u00e9galement mise \u00e0 jour avec FM COILTECH4.0, avec un mat\u00e9riau en maille SS904L de qualit\u00e9 militaire et un coton en fibre de th\u00e9 pour une exp\u00e9rience de vapotage plus stable et des saveurs rafra\u00eechissantes. En outre, le r\u00e9servoir est nouvellement con\u00e7u avec un beau tube en verre diamant avec des couleurs de r\u00e9sine, int\u00e9gr\u00e9 avec \u00e9l\u00e9gance et durabilit\u00e9.<\/p>\n","protected":false},"excerpt":{"rendered":"<p>Le M Pro 2 est le successeur dernier cri du c\u00e9l\u00e8bre atomiseur M Pro. Il s\u2019agit toujours d\u2019un mod\u00e8le \u00e0 remplissage coulissant par le haut, \u00e0 cela s\u2019ajoute 3 billes d\u2019acier pour augmenter la friction lorsque vous glissez pour ouvrir le bouchon sup\u00e9rieur. Diam\u00e8tre : 30 mm Hauteur : 59,85 mm Capacit\u00e9 : 5 ml [&hellip;]<\/p>\n","protected":false},"featured_media":24672,"comment_status":"open","ping_status":"closed","template":"","meta":{"om_disable_all_campaigns":false,"_monsterinsights_skip_tracking":false,"_monsterinsights_sitenote_active":false,"_monsterinsights_sitenote_note":"","_monsterinsights_sitenote_category":0},"product_brand":[],"product_cat":[215,205],"product_tag":[],"class_list":{"0":"post-28549","1":"product","2":"type-product","3":"status-publish","4":"has-post-thumbnail","6":"product_cat-atomiseurs","7":"product_cat-materiel","10":"first","11":"outofstock","12":"featured","13":"shipping-taxable","14":"purchasable","15":"product-type-variable"},"aioseo_notices":[],"jetpack_sharing_enabled":true,"_links":{"self":[{"href":"https:\/\/normandie.ma\/index.php?rest_route=\/wp\/v2\/product\/28549","targetHints":{"allow":["GET"]}}],"collection":[{"href":"https:\/\/normandie.ma\/index.php?rest_route=\/wp\/v2\/product"}],"about":[{"href":"https:\/\/normandie.ma\/index.php?rest_route=\/wp\/v2\/types\/product"}],"replies":[{"embeddable":true,"href":"https:\/\/normandie.ma\/index.php?rest_route=%2Fwp%2Fv2%2Fcomments&post=28549"}],"wp:featuredmedia":[{"embeddable":true,"href":"https:\/\/normandie.ma\/index.php?rest_route=\/wp\/v2\/media\/24672"}],"wp:attachment":[{"href":"https:\/\/normandie.ma\/index.php?rest_route=%2Fwp%2Fv2%2Fmedia&parent=28549"}],"wp:term":[{"taxonomy":"product_brand","embeddable":true,"href":"https:\/\/normandie.ma\/index.php?rest_route=%2Fwp%2Fv2%2Fproduct_brand&post=28549"},{"taxonomy":"product_cat","embeddable":true,"href":"https:\/\/normandie.ma\/index.php?rest_route=%2Fwp%2Fv2%2Fproduct_cat&post=28549"},{"taxonomy":"product_tag","embeddable":true,"href":"https:\/\/normandie.ma\/index.php?rest_route=%2Fwp%2Fv2%2Fproduct_tag&post=28549"}],"curies":[{"name":"wp","href":"https:\/\/api.w.org\/{rel}","templated":true}]}}