{"id":28550,"date":"2023-05-06T18:56:02","date_gmt":"2023-05-06T18:56:02","guid":{"rendered":"https:\/\/normandie.ma\/?product=box-mod-voopoo-drag-3"},"modified":"2023-05-06T18:56:02","modified_gmt":"2023-05-06T18:56:02","slug":"box-mod-voopoo-drag-3","status":"publish","type":"product","link":"https:\/\/normandie.ma\/?product=box-mod-voopoo-drag-3","title":{"rendered":"Box Mod Voopoo \u2013 Drag 3"},"content":{"rendered":"<p>Voopoo agrandit la famille Drag et propose la sublime Drag 3, un mod \u00e9quip\u00e9 de toutes les s\u00e9curit\u00e9s indispensables pour vaper en toute tranquillit\u00e9! La box Drag 3 by Voopoo est dot\u00e9e du chipset Gene Fan 2.0, une technologie qui vous offre diff\u00e9rents modes de vape. Sa forme vous offre une excellente prise en main, avec une finition en cuir qui apporte style et confort \u00e0 votre vape. Aliment\u00e9e par deux batteries 18650 (vendues s\u00e9par\u00e9ment), cette box peut tirer jusqu\u2019\u00e0 177 watts. Hauteur : 100 mm<br \/>\n    Longueur : 52 mm<br \/>\n    Largeur : 25 mm<br \/>\n    Diam\u00e8tre : 25 mm<br \/>\n    Mat\u00e9riau : Zinc \/ Cuir<br \/>\n    Batterie : Accus 18650 (Non inclus)<br \/>\n    Puissance : 177 W<\/p>\n","protected":false},"excerpt":{"rendered":"<p>1x Box Drag 3<br \/>\n    1x C\u00e2ble Usb-C<br \/>\n    1x Manuel d\u2019utilisation<\/p>\n","protected":false},"featured_media":24679,"comment_status":"open","ping_status":"closed","template":"","meta":{"om_disable_all_campaigns":false,"_monsterinsights_skip_tracking":false,"_monsterinsights_sitenote_active":false,"_monsterinsights_sitenote_note":"","_monsterinsights_sitenote_category":0},"product_brand":[],"product_cat":[216,205],"product_tag":[],"class_list":{"0":"post-28550","1":"product","2":"type-product","3":"status-publish","4":"has-post-thumbnail","6":"product_cat-box-mods-materiel","7":"product_cat-materiel","10":"first","11":"instock","12":"featured","13":"shipping-taxable","14":"purchasable","15":"product-type-simple"},"aioseo_notices":[],"jetpack_sharing_enabled":true,"_links":{"self":[{"href":"https:\/\/normandie.ma\/index.php?rest_route=\/wp\/v2\/product\/28550","targetHints":{"allow":["GET"]}}],"collection":[{"href":"https:\/\/normandie.ma\/index.php?rest_route=\/wp\/v2\/product"}],"about":[{"href":"https:\/\/normandie.ma\/index.php?rest_route=\/wp\/v2\/types\/product"}],"replies":[{"embeddable":true,"href":"https:\/\/normandie.ma\/index.php?rest_route=%2Fwp%2Fv2%2Fcomments&post=28550"}],"wp:featuredmedia":[{"embeddable":true,"href":"https:\/\/normandie.ma\/index.php?rest_route=\/wp\/v2\/media\/24679"}],"wp:attachment":[{"href":"https:\/\/normandie.ma\/index.php?rest_route=%2Fwp%2Fv2%2Fmedia&parent=28550"}],"wp:term":[{"taxonomy":"product_brand","embeddable":true,"href":"https:\/\/normandie.ma\/index.php?rest_route=%2Fwp%2Fv2%2Fproduct_brand&post=28550"},{"taxonomy":"product_cat","embeddable":true,"href":"https:\/\/normandie.ma\/index.php?rest_route=%2Fwp%2Fv2%2Fproduct_cat&post=28550"},{"taxonomy":"product_tag","embeddable":true,"href":"https:\/\/normandie.ma\/index.php?rest_route=%2Fwp%2Fv2%2Fproduct_tag&post=28550"}],"curies":[{"name":"wp","href":"https:\/\/api.w.org\/{rel}","templated":true}]}}