{"id":28551,"date":"2023-05-06T18:56:02","date_gmt":"2023-05-06T18:56:02","guid":{"rendered":"https:\/\/normandie.ma\/?product=rda-galaxies-mtl-vapefly"},"modified":"2023-05-06T18:56:02","modified_gmt":"2023-05-06T18:56:02","slug":"rda-galaxies-mtl-vapefly","status":"publish","type":"product","link":"https:\/\/normandie.ma\/?product=rda-galaxies-mtl-vapefly","title":{"rendered":"RDA Galaxies MTL \u2013 Vapefly"},"content":{"rendered":"<p>Le Galaxies MTL RDA est un atomiseur reconstructible de la marque Vapefly. Gr\u00e2ce \u00e0 ses dimensions de 32,4 x 22 mm et son poids de 26 g. il saura s\u2019adapter \u00e0 tout type de mat\u00e9riel. De plus, il est compatible BF.<\/p>\n<p>C\u00f4t\u00e9 design, on ne peut que noter les remarquables finitions de cet atomiseur con\u00e7u en acier inoxydable et en PMMA.<\/p>\n","protected":false},"excerpt":{"rendered":"<p>Le Galaxies MTL RDA est un atomiseur reconstructible de la marque Vapefly. Gr\u00e2ce \u00e0 ses dimensions de 32,4 x 22 mm et son poids de 26 g. il saura s\u2019adapter \u00e0 tout type de mat\u00e9riel. De plus, il est compatible BF. C\u00f4t\u00e9 design, on ne peut que noter les remarquables finitions de cet atomiseur con\u00e7u [&hellip;]<\/p>\n","protected":false},"featured_media":24680,"comment_status":"open","ping_status":"closed","template":"","meta":{"om_disable_all_campaigns":false,"_monsterinsights_skip_tracking":false,"_monsterinsights_sitenote_active":false,"_monsterinsights_sitenote_note":"","_monsterinsights_sitenote_category":0},"product_brand":[],"product_cat":[205,217],"product_tag":[],"class_list":{"0":"post-28551","1":"product","2":"type-product","3":"status-publish","4":"has-post-thumbnail","6":"product_cat-materiel","7":"product_cat-rda","10":"first","11":"instock","12":"featured","13":"shipping-taxable","14":"purchasable","15":"product-type-simple"},"aioseo_notices":[],"jetpack_sharing_enabled":true,"_links":{"self":[{"href":"https:\/\/normandie.ma\/index.php?rest_route=\/wp\/v2\/product\/28551","targetHints":{"allow":["GET"]}}],"collection":[{"href":"https:\/\/normandie.ma\/index.php?rest_route=\/wp\/v2\/product"}],"about":[{"href":"https:\/\/normandie.ma\/index.php?rest_route=\/wp\/v2\/types\/product"}],"replies":[{"embeddable":true,"href":"https:\/\/normandie.ma\/index.php?rest_route=%2Fwp%2Fv2%2Fcomments&post=28551"}],"wp:featuredmedia":[{"embeddable":true,"href":"https:\/\/normandie.ma\/index.php?rest_route=\/wp\/v2\/media\/24680"}],"wp:attachment":[{"href":"https:\/\/normandie.ma\/index.php?rest_route=%2Fwp%2Fv2%2Fmedia&parent=28551"}],"wp:term":[{"taxonomy":"product_brand","embeddable":true,"href":"https:\/\/normandie.ma\/index.php?rest_route=%2Fwp%2Fv2%2Fproduct_brand&post=28551"},{"taxonomy":"product_cat","embeddable":true,"href":"https:\/\/normandie.ma\/index.php?rest_route=%2Fwp%2Fv2%2Fproduct_cat&post=28551"},{"taxonomy":"product_tag","embeddable":true,"href":"https:\/\/normandie.ma\/index.php?rest_route=%2Fwp%2Fv2%2Fproduct_tag&post=28551"}],"curies":[{"name":"wp","href":"https:\/\/api.w.org\/{rel}","templated":true}]}}