{"id":28554,"date":"2023-05-06T18:56:03","date_gmt":"2023-05-06T18:56:03","guid":{"rendered":"https:\/\/normandie.ma\/?product=atomiseur-zeus-zx-ii-rta-4-5ml-gunmetal"},"modified":"2023-05-06T18:56:03","modified_gmt":"2023-05-06T18:56:03","slug":"atomiseur-zeus-zx-ii-rta-4-5ml-gunmetal","status":"publish","type":"product","link":"https:\/\/normandie.ma\/?product=atomiseur-zeus-zx-ii-rta-4-5ml-gunmetal","title":{"rendered":"Atomiseur Zeus ZX II RTA 4.5ml \u2013 Gunmetal"},"content":{"rendered":"<p>Geekvape revient avec son c\u00e9l\u00e8bre atomiseur reconstructible Zeus en proposant une superbe version Mesh, le Zeus ZX II RTA. Un atomiseur puissant et facile \u00e0 utiliser de 26 mm de diam\u00e8tre, pour 4,5 ml de contenance avec un remplissage par le haut et une bague d\u2019airflow pour contr\u00f4ler le tirage. Tirage : a\u00e9rien<br \/>\n    Airflow r\u00e9glable : oui<br \/>\n    Capacit\u00e9 : 4,5 ml<br \/>\n    Diam\u00e8tre de l\u2019atomiseur : 25 mm<br \/>\n    Remplissage : par le haut<br \/>\n    Type de Drip tips : 810<br \/>\n    Type de montages : simple coil, double coils<br \/>\n    Connectique : 510<br \/>\n    R\u00e9sistances : moins de 0.5 ohm<\/p>\n","protected":false},"excerpt":{"rendered":"<p>1 RTA Geek Vape Zeus ZX II RTA<br \/>\n    1 verre de remplacement<br \/>\n    1 Pack de pi\u00e8ces d\u00e9tach\u00e9es<br \/>\n    2 r\u00e9sistances de feuilles de maille N80 0.17ohm<br \/>\n    2 r\u00e9sistances de feuilles de maille 0,2ohm KA1<br \/>\n    2 lacets de coton agglutin\u00e9s<\/p>\n","protected":false},"featured_media":24688,"comment_status":"open","ping_status":"closed","template":"","meta":{"om_disable_all_campaigns":false,"_monsterinsights_skip_tracking":false,"_monsterinsights_sitenote_active":false,"_monsterinsights_sitenote_note":"","_monsterinsights_sitenote_category":0},"product_brand":[],"product_cat":[205,218],"product_tag":[],"class_list":{"0":"post-28554","1":"product","2":"type-product","3":"status-publish","4":"has-post-thumbnail","6":"product_cat-materiel","7":"product_cat-rta","10":"first","11":"instock","12":"featured","13":"shipping-taxable","14":"purchasable","15":"product-type-simple"},"aioseo_notices":[],"jetpack_sharing_enabled":true,"_links":{"self":[{"href":"https:\/\/normandie.ma\/index.php?rest_route=\/wp\/v2\/product\/28554","targetHints":{"allow":["GET"]}}],"collection":[{"href":"https:\/\/normandie.ma\/index.php?rest_route=\/wp\/v2\/product"}],"about":[{"href":"https:\/\/normandie.ma\/index.php?rest_route=\/wp\/v2\/types\/product"}],"replies":[{"embeddable":true,"href":"https:\/\/normandie.ma\/index.php?rest_route=%2Fwp%2Fv2%2Fcomments&post=28554"}],"wp:featuredmedia":[{"embeddable":true,"href":"https:\/\/normandie.ma\/index.php?rest_route=\/wp\/v2\/media\/24688"}],"wp:attachment":[{"href":"https:\/\/normandie.ma\/index.php?rest_route=%2Fwp%2Fv2%2Fmedia&parent=28554"}],"wp:term":[{"taxonomy":"product_brand","embeddable":true,"href":"https:\/\/normandie.ma\/index.php?rest_route=%2Fwp%2Fv2%2Fproduct_brand&post=28554"},{"taxonomy":"product_cat","embeddable":true,"href":"https:\/\/normandie.ma\/index.php?rest_route=%2Fwp%2Fv2%2Fproduct_cat&post=28554"},{"taxonomy":"product_tag","embeddable":true,"href":"https:\/\/normandie.ma\/index.php?rest_route=%2Fwp%2Fv2%2Fproduct_tag&post=28554"}],"curies":[{"name":"wp","href":"https:\/\/api.w.org\/{rel}","templated":true}]}}