{"id":28560,"date":"2023-05-06T18:56:06","date_gmt":"2023-05-06T18:56:06","guid":{"rendered":"https:\/\/normandie.ma\/?product=e-cigarette-jetable-air-bar-max-2000-taffs-5-ml"},"modified":"2023-06-19T22:33:01","modified_gmt":"2023-06-19T22:33:01","slug":"e-cigarette-jetable-air-bar-max-2000-taffs-5-ml","status":"publish","type":"product","link":"https:\/\/normandie.ma\/?product=e-cigarette-jetable-air-bar-max-2000-taffs-5-ml","title":{"rendered":"E-Cigarette Jetable \u2013 Air Bar Max \u2013 2000 Taffs (5%\/ml)"},"content":{"rendered":"<p>L\u2019 e-cigarette jetable Air Bar Max est dot\u00e9 d\u2019un g\u00e9n\u00e9reux pod pr\u00e9-rempli qui contient 6,5ml d\u2019un d\u00e9licieux e-liquide \u00e0 5% de sel de nicotine avec une batterie de 1250mAh pour d\u00e9livrer plus de 2000 bouff\u00e9es pour une vape durable et satisfaisante. L\u2019e-cigarette jetable Air Bar Max s\u2019active par tirage pour une sensation naturelle et est simple \u00e0 utiliser sans avoir besoin de le remplir, de le recharger ou de le remplacer. Profitez d\u2019une vaporisation pratique en d\u00e9placement avec plusieurs saveurs savoureuses pour satisfaire tous les palais. Batterie int\u00e9gr\u00e9e de 1250mAh<br \/>\nCapacit\u00e9 pr\u00e9-remplie de 6,5 ml<br \/>\nNicotine : 5%<br \/>\nEnviron 2000 bouff\u00e9es<br \/>\nM\u00e9canisme de mise \u00e0 feu activ\u00e9 par tirage au sort.<\/p>\n","protected":false},"excerpt":{"rendered":"<p>L\u2019 e-cigarette jetable Air Bar Max est dot\u00e9 d\u2019un g\u00e9n\u00e9reux pod pr\u00e9-rempli qui contient 6,5ml d\u2019un d\u00e9licieux e-liquide \u00e0 5% de sel de nicotine avec une batterie de 1250mAh pour d\u00e9livrer plus de 2000 bouff\u00e9es pour une vape durable et satisfaisante. L\u2019e-cigarette jetable Air Bar Max s\u2019active par tirage pour une sensation naturelle et est [&hellip;]<\/p>\n","protected":false},"featured_media":24690,"comment_status":"open","ping_status":"closed","template":"","meta":{"om_disable_all_campaigns":false,"_monsterinsights_skip_tracking":false,"_monsterinsights_sitenote_active":false,"_monsterinsights_sitenote_note":"","_monsterinsights_sitenote_category":0},"product_brand":[],"product_cat":[257,256],"product_tag":[],"class_list":{"0":"post-28560","1":"product","2":"type-product","3":"status-publish","4":"has-post-thumbnail","6":"product_cat-air-bar-max","7":"product_cat-e-cigarettes-jetables","10":"first","11":"instock","12":"featured","13":"shipping-taxable","14":"purchasable","15":"product-type-variable"},"aioseo_notices":[],"jetpack_sharing_enabled":true,"_links":{"self":[{"href":"https:\/\/normandie.ma\/index.php?rest_route=\/wp\/v2\/product\/28560","targetHints":{"allow":["GET"]}}],"collection":[{"href":"https:\/\/normandie.ma\/index.php?rest_route=\/wp\/v2\/product"}],"about":[{"href":"https:\/\/normandie.ma\/index.php?rest_route=\/wp\/v2\/types\/product"}],"replies":[{"embeddable":true,"href":"https:\/\/normandie.ma\/index.php?rest_route=%2Fwp%2Fv2%2Fcomments&post=28560"}],"wp:featuredmedia":[{"embeddable":true,"href":"https:\/\/normandie.ma\/index.php?rest_route=\/wp\/v2\/media\/24690"}],"wp:attachment":[{"href":"https:\/\/normandie.ma\/index.php?rest_route=%2Fwp%2Fv2%2Fmedia&parent=28560"}],"wp:term":[{"taxonomy":"product_brand","embeddable":true,"href":"https:\/\/normandie.ma\/index.php?rest_route=%2Fwp%2Fv2%2Fproduct_brand&post=28560"},{"taxonomy":"product_cat","embeddable":true,"href":"https:\/\/normandie.ma\/index.php?rest_route=%2Fwp%2Fv2%2Fproduct_cat&post=28560"},{"taxonomy":"product_tag","embeddable":true,"href":"https:\/\/normandie.ma\/index.php?rest_route=%2Fwp%2Fv2%2Fproduct_tag&post=28560"}],"curies":[{"name":"wp","href":"https:\/\/api.w.org\/{rel}","templated":true}]}}