{"id":28567,"date":"2023-05-06T18:56:11","date_gmt":"2023-05-06T18:56:11","guid":{"rendered":"https:\/\/normandie.ma\/?product=cali-bars-2000-taffs-5-ml-blue-razz"},"modified":"2023-06-19T22:18:08","modified_gmt":"2023-06-19T22:18:08","slug":"cali-bars-2000-taffs-5-ml-blue-razz","status":"publish","type":"product","link":"https:\/\/normandie.ma\/?product=cali-bars-2000-taffs-5-ml-blue-razz","title":{"rendered":"Cali Bars \u2013 2000 Taffs (5%\/ml). Blue Razz"},"content":{"rendered":"<p>L\u2019E-cigarette jetable Air Bar Max est dot\u00e9 d\u2019un g\u00e9n\u00e9reux pod pr\u00e9rempli qui contient 6,5ml d\u2019un d\u00e9licieux e-liquide \u00e0 5% de sel de nicotine avec une batterie de 1250mAh pour d\u00e9livrer plus de 2000 bouff\u00e9es pour une vape durable et satisfaisante. L\u2019E-cigarette jetable Air Bar Max s\u2019active par tirage pour une sensation naturelle et est simple \u00e0 utiliser sans qu\u2019il soit n\u00e9cessaire de le remplir, de le recharger ou de le remplacer. Profitez d\u2019une vaporisation pratique lors de vos d\u00e9placements avec plusieurs saveurs savoureuses pour satisfaire tous les palais.   Batterie int\u00e9gr\u00e9e de 1250mAh<br \/>\n    Capacit\u00e9 pr\u00e9-remplie de 6,5 ml<br \/>\n    Nicotine : 5%<br \/>\n    Environ 2000 bouff\u00e9es<\/p>\n","protected":false},"excerpt":{"rendered":"<p>L\u2019E-cigarette jetable Air Bar Max est dot\u00e9 d\u2019un g\u00e9n\u00e9reux pod pr\u00e9rempli qui contient 6,5ml d\u2019un d\u00e9licieux e-liquide \u00e0 5% de sel de nicotine avec une batterie de 1250mAh pour d\u00e9livrer plus de 2000 bouff\u00e9es pour une vape durable et satisfaisante. L\u2019E-cigarette jetable Air Bar Max s\u2019active par tirage pour une sensation naturelle et est simple [&hellip;]<\/p>\n","protected":false},"featured_media":24691,"comment_status":"open","ping_status":"closed","template":"","meta":{"om_disable_all_campaigns":false,"_monsterinsights_skip_tracking":false,"_monsterinsights_sitenote_active":false,"_monsterinsights_sitenote_note":"","_monsterinsights_sitenote_category":0},"product_brand":[],"product_cat":[258,256],"product_tag":[],"class_list":{"0":"post-28567","1":"product","2":"type-product","3":"status-publish","4":"has-post-thumbnail","6":"product_cat-cali-bars","7":"product_cat-e-cigarettes-jetables","10":"first","11":"outofstock","12":"featured","13":"shipping-taxable","14":"purchasable","15":"product-type-simple"},"aioseo_notices":[],"jetpack_sharing_enabled":true,"_links":{"self":[{"href":"https:\/\/normandie.ma\/index.php?rest_route=\/wp\/v2\/product\/28567","targetHints":{"allow":["GET"]}}],"collection":[{"href":"https:\/\/normandie.ma\/index.php?rest_route=\/wp\/v2\/product"}],"about":[{"href":"https:\/\/normandie.ma\/index.php?rest_route=\/wp\/v2\/types\/product"}],"replies":[{"embeddable":true,"href":"https:\/\/normandie.ma\/index.php?rest_route=%2Fwp%2Fv2%2Fcomments&post=28567"}],"wp:featuredmedia":[{"embeddable":true,"href":"https:\/\/normandie.ma\/index.php?rest_route=\/wp\/v2\/media\/24691"}],"wp:attachment":[{"href":"https:\/\/normandie.ma\/index.php?rest_route=%2Fwp%2Fv2%2Fmedia&parent=28567"}],"wp:term":[{"taxonomy":"product_brand","embeddable":true,"href":"https:\/\/normandie.ma\/index.php?rest_route=%2Fwp%2Fv2%2Fproduct_brand&post=28567"},{"taxonomy":"product_cat","embeddable":true,"href":"https:\/\/normandie.ma\/index.php?rest_route=%2Fwp%2Fv2%2Fproduct_cat&post=28567"},{"taxonomy":"product_tag","embeddable":true,"href":"https:\/\/normandie.ma\/index.php?rest_route=%2Fwp%2Fv2%2Fproduct_tag&post=28567"}],"curies":[{"name":"wp","href":"https:\/\/api.w.org\/{rel}","templated":true}]}}