{"id":28575,"date":"2023-05-06T18:56:14","date_gmt":"2023-05-06T18:56:14","guid":{"rendered":"https:\/\/normandie.ma\/?product=drag-bar-f1000-5-ml-cola-ice"},"modified":"2023-06-19T22:29:34","modified_gmt":"2023-06-19T22:29:34","slug":"drag-bar-f1000-5-ml-cola-ice","status":"publish","type":"product","link":"https:\/\/normandie.ma\/?product=drag-bar-f1000-5-ml-cola-ice","title":{"rendered":"DRAG BAR F1000 (5%\/ml) Cola Ice"},"content":{"rendered":"<p>L\u2019e-cigarette jetable DRAGBAR F1000 poss\u00e8de une taille compacte avec une prise en main facile et confortable. Aliment\u00e9e par les r\u00e9sistances Mesh am\u00e9lior\u00e9es, l\u2019e-cigarette jetable DRAGBAR F1000 apporte une saveur ultra dense et originale. Faites passer votre consommation de tabac au niveau sup\u00e9rieur. Taille : 94.67*23.67*22.49mm<br \/>\n    Capacit\u00e9 : 4mL d\u2019e-liquide<br \/>\n    Batterie int\u00e9gr\u00e9e : 550mAh<br \/>\n    Nicotine : 5% (50mg)<br \/>\n    Environ 1000 bouff\u00e9es<br \/>\n    R\u00e9sistance : 1.3ohm<\/p>\n","protected":false},"excerpt":{"rendered":"<p>L\u2019e-cigarette jetable DRAGBAR F1000 poss\u00e8de une taille compacte avec une prise en main facile et confortable. Aliment\u00e9e par les r\u00e9sistances Mesh am\u00e9lior\u00e9es, l\u2019e-cigarette jetable DRAGBAR F1000 apporte une saveur ultra dense et originale. Faites passer votre consommation de tabac au niveau sup\u00e9rieur. Taille : 94.67*23.67*22.49mm Capacit\u00e9 : 4mL d\u2019e-liquide Batterie int\u00e9gr\u00e9e : 550mAh Nicotine : [&hellip;]<\/p>\n","protected":false},"featured_media":24700,"comment_status":"open","ping_status":"closed","template":"","meta":{"om_disable_all_campaigns":false,"_monsterinsights_skip_tracking":false,"_monsterinsights_sitenote_active":false,"_monsterinsights_sitenote_note":"","_monsterinsights_sitenote_category":0},"product_brand":[],"product_cat":[259,256],"product_tag":[],"class_list":{"0":"post-28575","1":"product","2":"type-product","3":"status-publish","4":"has-post-thumbnail","6":"product_cat-drag-bar","7":"product_cat-e-cigarettes-jetables","10":"first","11":"outofstock","12":"featured","13":"shipping-taxable","14":"purchasable","15":"product-type-simple"},"aioseo_notices":[],"jetpack_sharing_enabled":true,"_links":{"self":[{"href":"https:\/\/normandie.ma\/index.php?rest_route=\/wp\/v2\/product\/28575","targetHints":{"allow":["GET"]}}],"collection":[{"href":"https:\/\/normandie.ma\/index.php?rest_route=\/wp\/v2\/product"}],"about":[{"href":"https:\/\/normandie.ma\/index.php?rest_route=\/wp\/v2\/types\/product"}],"replies":[{"embeddable":true,"href":"https:\/\/normandie.ma\/index.php?rest_route=%2Fwp%2Fv2%2Fcomments&post=28575"}],"wp:featuredmedia":[{"embeddable":true,"href":"https:\/\/normandie.ma\/index.php?rest_route=\/wp\/v2\/media\/24700"}],"wp:attachment":[{"href":"https:\/\/normandie.ma\/index.php?rest_route=%2Fwp%2Fv2%2Fmedia&parent=28575"}],"wp:term":[{"taxonomy":"product_brand","embeddable":true,"href":"https:\/\/normandie.ma\/index.php?rest_route=%2Fwp%2Fv2%2Fproduct_brand&post=28575"},{"taxonomy":"product_cat","embeddable":true,"href":"https:\/\/normandie.ma\/index.php?rest_route=%2Fwp%2Fv2%2Fproduct_cat&post=28575"},{"taxonomy":"product_tag","embeddable":true,"href":"https:\/\/normandie.ma\/index.php?rest_route=%2Fwp%2Fv2%2Fproduct_tag&post=28575"}],"curies":[{"name":"wp","href":"https:\/\/api.w.org\/{rel}","templated":true}]}}