{"id":28589,"date":"2023-05-06T18:56:20","date_gmt":"2023-05-06T18:56:20","guid":{"rendered":"https:\/\/normandie.ma\/?product=e-cigarette-jetable-drag-bar-5000puff-5-ml"},"modified":"2023-05-15T21:19:26","modified_gmt":"2023-05-15T21:19:26","slug":"e-cigarette-jetable-drag-bar-5000puff-5-ml","status":"publish","type":"product","link":"https:\/\/normandie.ma\/?product=e-cigarette-jetable-drag-bar-5000puff-5-ml","title":{"rendered":"E-cigarette jetable \u2013 DRAG BAR 5000Puff (5%\/ml)"},"content":{"rendered":"<p>Le Dragbar 5000 jetable de ZOVOO offre une capacit\u00e9 approximative de 5000 bouff\u00e9es, une capacit\u00e9 de 13ml d\u2019 e-liquide pr\u00e9-rempli et une teneur en nicotine de 5%. Taille de \u00d826*116.5mm<br \/>\nCapacit\u00e9 de 13mL d\u2019e-liquide<br \/>\nBatterie int\u00e9gr\u00e9e 630mAh<br \/>\nConcentration de nicotine de 5% (50mg)<br \/>\nEnviron 5000 bouff\u00e9es<br \/>\nIndicateur lumineux LED<br \/>\nM\u00e9canisme de mise \u00e0 feu activ\u00e9 par tirage au sort<br \/>\nR\u00e9sistance de 1.2ohm<br \/>\nPort de chargement de type C<\/p>\n","protected":false},"excerpt":{"rendered":"<p>Le Dragbar 5000 jetable de ZOVOO offre une capacit\u00e9 approximative de 5000 bouff\u00e9es, une capacit\u00e9 de 13ml d\u2019 e-liquide pr\u00e9-rempli et une teneur en nicotine de 5%. Taille de \u00d826*116.5mm Capacit\u00e9 de 13mL d\u2019e-liquide Batterie int\u00e9gr\u00e9e 630mAh Concentration de nicotine de 5% (50mg) Environ 5000 bouff\u00e9es Indicateur lumineux LED M\u00e9canisme de mise \u00e0 feu activ\u00e9 [&hellip;]<\/p>\n","protected":false},"featured_media":24702,"comment_status":"open","ping_status":"closed","template":"","meta":{"om_disable_all_campaigns":false,"_monsterinsights_skip_tracking":false,"_monsterinsights_sitenote_active":false,"_monsterinsights_sitenote_note":"","_monsterinsights_sitenote_category":0},"product_brand":[],"product_cat":[259,256],"product_tag":[],"class_list":{"0":"post-28589","1":"product","2":"type-product","3":"status-publish","4":"has-post-thumbnail","6":"product_cat-drag-bar","7":"product_cat-e-cigarettes-jetables","10":"first","11":"instock","12":"featured","13":"shipping-taxable","14":"purchasable","15":"product-type-variable"},"aioseo_notices":[],"jetpack_sharing_enabled":true,"_links":{"self":[{"href":"https:\/\/normandie.ma\/index.php?rest_route=\/wp\/v2\/product\/28589","targetHints":{"allow":["GET"]}}],"collection":[{"href":"https:\/\/normandie.ma\/index.php?rest_route=\/wp\/v2\/product"}],"about":[{"href":"https:\/\/normandie.ma\/index.php?rest_route=\/wp\/v2\/types\/product"}],"replies":[{"embeddable":true,"href":"https:\/\/normandie.ma\/index.php?rest_route=%2Fwp%2Fv2%2Fcomments&post=28589"}],"wp:featuredmedia":[{"embeddable":true,"href":"https:\/\/normandie.ma\/index.php?rest_route=\/wp\/v2\/media\/24702"}],"wp:attachment":[{"href":"https:\/\/normandie.ma\/index.php?rest_route=%2Fwp%2Fv2%2Fmedia&parent=28589"}],"wp:term":[{"taxonomy":"product_brand","embeddable":true,"href":"https:\/\/normandie.ma\/index.php?rest_route=%2Fwp%2Fv2%2Fproduct_brand&post=28589"},{"taxonomy":"product_cat","embeddable":true,"href":"https:\/\/normandie.ma\/index.php?rest_route=%2Fwp%2Fv2%2Fproduct_cat&post=28589"},{"taxonomy":"product_tag","embeddable":true,"href":"https:\/\/normandie.ma\/index.php?rest_route=%2Fwp%2Fv2%2Fproduct_tag&post=28589"}],"curies":[{"name":"wp","href":"https:\/\/api.w.org\/{rel}","templated":true}]}}