{"id":28599,"date":"2023-05-06T18:56:25","date_gmt":"2023-05-06T18:56:25","guid":{"rendered":"https:\/\/normandie.ma\/?product=good-bars-3500-puff-strawberry-mango-5-ml"},"modified":"2023-06-19T22:46:13","modified_gmt":"2023-06-19T22:46:13","slug":"good-bars-3500-puff-strawberry-mango-5-ml","status":"publish","type":"product","link":"https:\/\/normandie.ma\/?product=good-bars-3500-puff-strawberry-mango-5-ml","title":{"rendered":"GOOD BARS 3500 Puff \u2013 Strawberry Mango (5%\/ml)"},"content":{"rendered":"<p>L\u2019 e-cigarette jetable Good Bars 3500 Puffs est le tout nouveau de la marque Good Bars. Elle poss\u00e8de un design simple, compact et \u00e9l\u00e9gant. Elle est livr\u00e9e avec 3500 bouff\u00e9es par appareil et offre une grande autonomie d\u2019utilisation que les divers autres jetables Good Bars sur le march\u00e9. Batterie : 1500mAh<br \/>\n    Capacit\u00e9 : 10ml<br \/>\n    Nicotine : 5%<br \/>\n    Nombre de bouff\u00e9es : 3500 bouff\u00e9es<\/p>\n","protected":false},"excerpt":{"rendered":"<p>L\u2019 e-cigarette jetable Good Bars 3500 Puffs est le tout nouveau de la marque Good Bars. Elle poss\u00e8de un design simple, compact et \u00e9l\u00e9gant. Elle est livr\u00e9e avec 3500 bouff\u00e9es par appareil et offre une grande autonomie d\u2019utilisation que les divers autres jetables Good Bars sur le march\u00e9. Batterie : 1500mAh Capacit\u00e9 : 10ml Nicotine [&hellip;]<\/p>\n","protected":false},"featured_media":24706,"comment_status":"open","ping_status":"closed","template":"","meta":{"om_disable_all_campaigns":false,"_monsterinsights_skip_tracking":false,"_monsterinsights_sitenote_active":false,"_monsterinsights_sitenote_note":"","_monsterinsights_sitenote_category":0},"product_brand":[],"product_cat":[256,260],"product_tag":[],"class_list":{"0":"post-28599","1":"product","2":"type-product","3":"status-publish","4":"has-post-thumbnail","6":"product_cat-e-cigarettes-jetables","7":"product_cat-good-bars","10":"first","11":"outofstock","12":"featured","13":"shipping-taxable","14":"purchasable","15":"product-type-simple"},"aioseo_notices":[],"jetpack_sharing_enabled":true,"_links":{"self":[{"href":"https:\/\/normandie.ma\/index.php?rest_route=\/wp\/v2\/product\/28599","targetHints":{"allow":["GET"]}}],"collection":[{"href":"https:\/\/normandie.ma\/index.php?rest_route=\/wp\/v2\/product"}],"about":[{"href":"https:\/\/normandie.ma\/index.php?rest_route=\/wp\/v2\/types\/product"}],"replies":[{"embeddable":true,"href":"https:\/\/normandie.ma\/index.php?rest_route=%2Fwp%2Fv2%2Fcomments&post=28599"}],"wp:featuredmedia":[{"embeddable":true,"href":"https:\/\/normandie.ma\/index.php?rest_route=\/wp\/v2\/media\/24706"}],"wp:attachment":[{"href":"https:\/\/normandie.ma\/index.php?rest_route=%2Fwp%2Fv2%2Fmedia&parent=28599"}],"wp:term":[{"taxonomy":"product_brand","embeddable":true,"href":"https:\/\/normandie.ma\/index.php?rest_route=%2Fwp%2Fv2%2Fproduct_brand&post=28599"},{"taxonomy":"product_cat","embeddable":true,"href":"https:\/\/normandie.ma\/index.php?rest_route=%2Fwp%2Fv2%2Fproduct_cat&post=28599"},{"taxonomy":"product_tag","embeddable":true,"href":"https:\/\/normandie.ma\/index.php?rest_route=%2Fwp%2Fv2%2Fproduct_tag&post=28599"}],"curies":[{"name":"wp","href":"https:\/\/api.w.org\/{rel}","templated":true}]}}