{"id":28605,"date":"2023-05-06T18:56:28","date_gmt":"2023-05-06T18:56:28","guid":{"rendered":"https:\/\/normandie.ma\/?product=good-bars-5500puff-mints-5-ml"},"modified":"2023-06-13T21:40:26","modified_gmt":"2023-06-13T21:40:26","slug":"good-bars-5500puff-mints-5-ml","status":"publish","type":"product","link":"https:\/\/normandie.ma\/?product=good-bars-5500puff-mints-5-ml","title":{"rendered":"GOOD BARS 5500Puff &#8211; Mints (5%\/ml)"},"content":{"rendered":"<p>Good Bars est une e-cigarette jetable de la marque Good Bars. Elle est livr\u00e9e avec 5500 bouff\u00e9es par appareil qui durent plus longtemps que divers autres cigarettes \u00e9lectroniques jetables  sur le march\u00e9. Nicotine : 5%<br \/>\n    Bouff\u00e9es par barre de vape (max) : 5500<br \/>\n    Batterie int\u00e9gr\u00e9e : 650mAh<br \/>\n    R\u00e9sistance : 1.2ohm Mesh Coil<br \/>\n    Design compact et portable<br \/>\n    Dispositif tout-en-un jetable<\/p>\n","protected":false},"excerpt":{"rendered":"<p>Good Bars est une e-cigarette jetable de la marque Good Bars. Elle est livr\u00e9e avec 5500 bouff\u00e9es par appareil qui durent plus longtemps que divers autres cigarettes \u00e9lectroniques jetables sur le march\u00e9. Nicotine : 5% Bouff\u00e9es par barre de vape (max) : 5500 Batterie int\u00e9gr\u00e9e : 650mAh R\u00e9sistance : 1.2ohm Mesh Coil Design compact et [&hellip;]<\/p>\n","protected":false},"featured_media":24708,"comment_status":"open","ping_status":"closed","template":"","meta":{"om_disable_all_campaigns":false,"_monsterinsights_skip_tracking":false,"_monsterinsights_sitenote_active":false,"_monsterinsights_sitenote_note":"","_monsterinsights_sitenote_category":0},"product_brand":[],"product_cat":[256,260],"product_tag":[],"class_list":{"0":"post-28605","1":"product","2":"type-product","3":"status-publish","4":"has-post-thumbnail","6":"product_cat-e-cigarettes-jetables","7":"product_cat-good-bars","10":"first","11":"instock","12":"featured","13":"shipping-taxable","14":"purchasable","15":"product-type-simple"},"aioseo_notices":[],"jetpack_sharing_enabled":true,"_links":{"self":[{"href":"https:\/\/normandie.ma\/index.php?rest_route=\/wp\/v2\/product\/28605","targetHints":{"allow":["GET"]}}],"collection":[{"href":"https:\/\/normandie.ma\/index.php?rest_route=\/wp\/v2\/product"}],"about":[{"href":"https:\/\/normandie.ma\/index.php?rest_route=\/wp\/v2\/types\/product"}],"replies":[{"embeddable":true,"href":"https:\/\/normandie.ma\/index.php?rest_route=%2Fwp%2Fv2%2Fcomments&post=28605"}],"wp:featuredmedia":[{"embeddable":true,"href":"https:\/\/normandie.ma\/index.php?rest_route=\/wp\/v2\/media\/24708"}],"wp:attachment":[{"href":"https:\/\/normandie.ma\/index.php?rest_route=%2Fwp%2Fv2%2Fmedia&parent=28605"}],"wp:term":[{"taxonomy":"product_brand","embeddable":true,"href":"https:\/\/normandie.ma\/index.php?rest_route=%2Fwp%2Fv2%2Fproduct_brand&post=28605"},{"taxonomy":"product_cat","embeddable":true,"href":"https:\/\/normandie.ma\/index.php?rest_route=%2Fwp%2Fv2%2Fproduct_cat&post=28605"},{"taxonomy":"product_tag","embeddable":true,"href":"https:\/\/normandie.ma\/index.php?rest_route=%2Fwp%2Fv2%2Fproduct_tag&post=28605"}],"curies":[{"name":"wp","href":"https:\/\/api.w.org\/{rel}","templated":true}]}}